{"id":6697,"date":"2021-07-02T12:54:18","date_gmt":"2021-07-02T10:54:18","guid":{"rendered":"https:\/\/photographiesandmore.de\/?post_type=product&#038;p=6697"},"modified":"2021-07-07T08:11:46","modified_gmt":"2021-07-07T06:11:46","slug":"winter-hg_img_20210126_2560x1440","status":"publish","type":"product","link":"https:\/\/photographiesandmore.de\/en\/product\/winter-hg_img_20210126_2560x1440\/","title":{"rendered":"Winter-HG_IMG_20210126_2560x1440"},"content":{"rendered":"<ul>\n<li>Optimiert f\u00fcr ein Seitenverh\u00e4ltnis 16:9 und eine Aufl\u00f6sung von 2.560 x 1.440 Pixel<\/li>\n<\/ul>\n<ul>\n<li>Bildma\u00dfe: 2560x1440px<\/li>\n<\/ul>\n<p>Der Download besteht aus einer Datei. Diese kann im Anschluss an die Bezahlung heruntergeladen werden.<\/p>","protected":false},"excerpt":{"rendered":"<p>Optimiert f\u00fcr ein Seitenverh\u00e4ltnis 16:9 und eine Aufl\u00f6sung von 2.560 x 1.440 Pixel Bildma\u00dfe: 2560x1440px Der Download besteht aus einer Datei. Diese kann im Anschluss an die Bezahlung heruntergeladen werden.<\/p>","protected":false},"featured_media":6699,"comment_status":"open","ping_status":"closed","template":"","meta":[],"product_brand":[],"product_cat":[92,87],"product_tag":[],"class_list":{"0":"post-6697","1":"product","2":"type-product","3":"status-publish","4":"has-post-thumbnail","6":"product_cat-hintergrund","7":"product_cat-fotos-zum-verkauf","8":"product_shipping_class-download","10":"first","11":"instock","12":"downloadable","13":"virtual","14":"purchasable","15":"product-type-simple"},"_links":{"self":[{"href":"https:\/\/photographiesandmore.de\/en\/wp-json\/wp\/v2\/product\/6697","targetHints":{"allow":["GET"]}}],"collection":[{"href":"https:\/\/photographiesandmore.de\/en\/wp-json\/wp\/v2\/product"}],"about":[{"href":"https:\/\/photographiesandmore.de\/en\/wp-json\/wp\/v2\/types\/product"}],"replies":[{"embeddable":true,"href":"https:\/\/photographiesandmore.de\/en\/wp-json\/wp\/v2\/comments?post=6697"}],"wp:featuredmedia":[{"embeddable":true,"href":"https:\/\/photographiesandmore.de\/en\/wp-json\/wp\/v2\/media\/6699"}],"wp:attachment":[{"href":"https:\/\/photographiesandmore.de\/en\/wp-json\/wp\/v2\/media?parent=6697"}],"wp:term":[{"taxonomy":"product_brand","embeddable":true,"href":"https:\/\/photographiesandmore.de\/en\/wp-json\/wp\/v2\/product_brand?post=6697"},{"taxonomy":"product_cat","embeddable":true,"href":"https:\/\/photographiesandmore.de\/en\/wp-json\/wp\/v2\/product_cat?post=6697"},{"taxonomy":"product_tag","embeddable":true,"href":"https:\/\/photographiesandmore.de\/en\/wp-json\/wp\/v2\/product_tag?post=6697"}],"curies":[{"name":"wp","href":"https:\/\/api.w.org\/{rel}","templated":true}]}}