{"id":6239,"date":"2020-08-25T21:42:47","date_gmt":"2020-08-25T19:42:47","guid":{"rendered":"https:\/\/photographiesandmore.de\/?post_type=product&#038;p=6239"},"modified":"2021-07-02T12:02:38","modified_gmt":"2021-07-02T10:02:38","slug":"1-hour-booking-time-hochzeit","status":"publish","type":"product","link":"https:\/\/photographiesandmore.de\/en\/product\/1-hour-booking-time-hochzeit\/","title":{"rendered":"BOOKING TIME &#8211; HOCHZEIT"},"content":{"rendered":"<section id=\"section-69d007b9418f5\" class=\"fw-main-row  auto\" style=\"   \"  >\n\t\t<div class=\"fw-container\">\n\t\t<div class=\"fw-row\">\n\t\n<div id=\"column-69d007b9421b6\" class=\"fw-col-sm-12\" style=\" \">\n        <div class=\"fw-col-inner\" >\n\t\t\n<div class=\"fw-alert fw-alert-warning\">\n\t<i class=\"fa fa-warning alert-icon\"><\/i>\t\t<h4>Aufgepasst: Produkt kann nur nach pers\u00f6nlicher Vereinbarung bestellt werden!<\/h4>\n\t<ul><li>F\u00e4lligkeit: sp\u00e4testens 14 Tage vor Eurer Trauung<\/li><li>Kauf bedeutet: Ihr habt mich nun fest als Euren Fotografen gebucht<\/li><\/ul><\/div>\t<\/div>\n<\/div><\/div>\n\n<div class=\"fw-row\">\n\t\n<div id=\"column-69d007b9434ad\" class=\"fw-col-sm-12\" style=\" \">\n        <div class=\"fw-col-inner\" >\n\t\t<div class=\"fw-text-box\">\n    <div class=\"fw-text-inner\">\n        <h2>Zeit-Slot (1h) zu Eurer Hochzeit<\/h2><p>Einsetzbar jeweils f\u00fcr<\/p><ul><li>1h f\u00fcr Eure Fotos w\u00e4hrend der Trauung oder<\/li><li>1h f\u00fcr Eure Fotos mit der Familie oder<\/li><li>1h f\u00fcr Eure Brautbilder<\/li><\/ul><p>Ihr habt Euch bereits an mich gewandt und wir haben bereits alles zu Eurem gro\u00dfen Tag besprochen.<br \/>Dann w\u00e4hlt die mit mir abgesprochene Anzahl\u00a0 f\u00fcr Euren Warenkorb aus.<\/p>    <\/div>\n<\/div>\t<\/div>\n<\/div><\/div>\n\n<div class=\"fw-row\">\n\t\n<div id=\"column-69d007b944551\" class=\"fw-col-sm-12\" style=\" \">\n        <div class=\"fw-col-inner\" >\n\t\t\n    \n        <div class=\"fw-single-image   fw-ratio-container fw-ratio-3-2 fw-single-image-left\" style=\"width: 800px;\">\n            <span class=\"fw-single-image-wrap\" >\n                <noscript><img decoding=\"async\" src=\"https:\/\/photographiesandmore.de\/wp-content\/uploads\/2020\/05\/IMGP0397.jpg\" alt=\"IMGP0397\"><\/noscript><img decoding=\"async\" src=\"data:image\/gif;base64,R0lGODlhAQABAIAAAAAAAP\/\/\/yH5BAEAAAAALAAAAAABAAEAAAIBRAA7\" data-sizes=\"auto\" data-maxdpr=\"1.7\" data-fwimgpath=\"https:\/\/photographiesandmore.de\/wp-content\/uploads\/2020\/05\/\" data-srcset=\"IMGP0397.jpg 1920w\" data-srcfw-ratio-3-2=\"IMGP0397-451x300.jpg 451w, IMGP0397-1024x681.jpg 1024w, IMGP0397-768x511.jpg 768w, IMGP0397-1536x1022.jpg 1536w, IMGP0397-300x200.jpg 300w, IMGP0397-300x200.jpg 300w, IMGP0397.jpg 1920w\" data-srcfw-ratio-1=\"IMGP0397-150x150.jpg 150w, IMGP0397-800x800.jpg 800w, IMGP0397-300x300.jpg 300w, IMGP0397-300x300.jpg 300w, IMGP0397-100x100.jpg 100w, IMGP0397-300x300.jpg 300w, IMGP0397-100x100.jpg 100w\" data-srcfw-ratio-16-9=\"IMGP0397-1228x691.jpg 1228w, IMGP0397-614x346.jpg 614w, IMGP0397-295x166.jpg 295w, IMGP0397-590x332.jpg 590w\" data-srcfw-ratio-9-16=\"IMGP0397-295x524.jpg 295w, IMGP0397-590x1048.jpg 590w\" data-srcfw-ratio-3-4=\"IMGP0397-295x393.jpg 295w, IMGP0397-590x786.jpg 590w\"   alt=\"IMGP0397\" class=\"lazyload\" \/>            <\/span>\n        <\/div>\n\n    \n\t<\/div>\n<\/div><\/div>\n\n\t<\/div>\n<\/section>","protected":false},"excerpt":{"rendered":"<p>Aufgepasst: Produkt kann nur nach pers\u00f6nlicher Vereinbarung bestellt werden! F\u00e4lligkeit: sp\u00e4testens 14 Tage vor Eurer TrauungKauf bedeutet: Ihr habt mich nun fest als Euren Fotografen gebucht Zeit-Slot (1h) zu Eurer HochzeitEinsetzbar jeweils f\u00fcr1h f\u00fcr Eure Fotos w\u00e4hrend der Trauung oder1h f\u00fcr Eure Fotos mit der Familie oder1h f\u00fcr Eure BrautbilderIhr habt Euch bereits an mich [&hellip;]<\/p>\n","protected":false},"featured_media":5420,"comment_status":"open","ping_status":"closed","template":"","meta":[],"product_brand":[],"product_cat":[108],"product_tag":[105,107,106],"class_list":{"0":"post-6239","1":"product","2":"type-product","3":"status-publish","4":"has-post-thumbnail","6":"product_cat-booking_time","7":"product_tag-gutschein","8":"product_tag-hochzeit","9":"product_tag-vorleistung","11":"first","12":"onbackorder","13":"shipping-taxable","14":"purchasable","15":"product-type-simple"},"_links":{"self":[{"href":"https:\/\/photographiesandmore.de\/en\/wp-json\/wp\/v2\/product\/6239","targetHints":{"allow":["GET"]}}],"collection":[{"href":"https:\/\/photographiesandmore.de\/en\/wp-json\/wp\/v2\/product"}],"about":[{"href":"https:\/\/photographiesandmore.de\/en\/wp-json\/wp\/v2\/types\/product"}],"replies":[{"embeddable":true,"href":"https:\/\/photographiesandmore.de\/en\/wp-json\/wp\/v2\/comments?post=6239"}],"wp:featuredmedia":[{"embeddable":true,"href":"https:\/\/photographiesandmore.de\/en\/wp-json\/wp\/v2\/media\/5420"}],"wp:attachment":[{"href":"https:\/\/photographiesandmore.de\/en\/wp-json\/wp\/v2\/media?parent=6239"}],"wp:term":[{"taxonomy":"product_brand","embeddable":true,"href":"https:\/\/photographiesandmore.de\/en\/wp-json\/wp\/v2\/product_brand?post=6239"},{"taxonomy":"product_cat","embeddable":true,"href":"https:\/\/photographiesandmore.de\/en\/wp-json\/wp\/v2\/product_cat?post=6239"},{"taxonomy":"product_tag","embeddable":true,"href":"https:\/\/photographiesandmore.de\/en\/wp-json\/wp\/v2\/product_tag?post=6239"}],"curies":[{"name":"wp","href":"https:\/\/api.w.org\/{rel}","templated":true}]}}