{"id":4306,"date":"2018-01-02T13:01:20","date_gmt":"2018-01-02T12:01:20","guid":{"rendered":"https:\/\/photographiesandmore.de\/?post_type=product&#038;p=4306"},"modified":"2021-07-02T23:46:55","modified_gmt":"2021-07-02T21:46:55","slug":"kalender-2018-versand-usa-33814","status":"publish","type":"product","link":"https:\/\/photographiesandmore.de\/en\/product\/kalender-2018-versand-usa-33814\/","title":{"rendered":"Kalender 2018 (Versand USA)"},"content":{"rendered":"<p><strong>FotoWandKalender A3<\/strong><\/p>\n<p><strong>Thema: Zauberhafte\u00a0 Orte<\/strong><\/p>\n<ul>\n<li>DIN A3 (420cm x 297cm) Querformat<\/li>\n<li>4\/0c farbig, einseitig,\u00a0200 g\/m\u00b2 Bilderdruckpapier matt<\/li>\n<li>13 Blatt,\u00a012 Monats-Kalender-Seiten +\u00a0Front Cover (Titelseite) farbig<\/li>\n<li>mit R\u00fcckkarton 1 mm Graupappe,\u00a0Spiralbindung schwarz<\/li>\n<\/ul>","protected":false},"excerpt":{"rendered":"<p>Wandkalender<strong>\u00a0Zauberhafte Orte<\/strong> sind sorgf\u00e4ltig ausgew\u00e4hlte Natur- und Landschaftsaufnahmen, die den Betrachter in Ihren Bann ziehen und die Phantasie zum Tr\u00e4umen anregen.<\/p>","protected":false},"featured_media":4296,"comment_status":"open","ping_status":"closed","template":"","meta":[],"product_brand":[],"product_cat":[85],"product_tag":[],"class_list":{"0":"post-4306","1":"product","2":"type-product","3":"status-publish","4":"has-post-thumbnail","6":"product_cat-unkategorisiert","7":"product_shipping_class-versand-nach-florida","9":"first","10":"outofstock","11":"shipping-taxable","12":"purchasable","13":"product-type-simple"},"_links":{"self":[{"href":"https:\/\/photographiesandmore.de\/en\/wp-json\/wp\/v2\/product\/4306","targetHints":{"allow":["GET"]}}],"collection":[{"href":"https:\/\/photographiesandmore.de\/en\/wp-json\/wp\/v2\/product"}],"about":[{"href":"https:\/\/photographiesandmore.de\/en\/wp-json\/wp\/v2\/types\/product"}],"replies":[{"embeddable":true,"href":"https:\/\/photographiesandmore.de\/en\/wp-json\/wp\/v2\/comments?post=4306"}],"wp:featuredmedia":[{"embeddable":true,"href":"https:\/\/photographiesandmore.de\/en\/wp-json\/wp\/v2\/media\/4296"}],"wp:attachment":[{"href":"https:\/\/photographiesandmore.de\/en\/wp-json\/wp\/v2\/media?parent=4306"}],"wp:term":[{"taxonomy":"product_brand","embeddable":true,"href":"https:\/\/photographiesandmore.de\/en\/wp-json\/wp\/v2\/product_brand?post=4306"},{"taxonomy":"product_cat","embeddable":true,"href":"https:\/\/photographiesandmore.de\/en\/wp-json\/wp\/v2\/product_cat?post=4306"},{"taxonomy":"product_tag","embeddable":true,"href":"https:\/\/photographiesandmore.de\/en\/wp-json\/wp\/v2\/product_tag?post=4306"}],"curies":[{"name":"wp","href":"https:\/\/api.w.org\/{rel}","templated":true}]}}