{"id":4081,"date":"2017-08-30T21:52:03","date_gmt":"2017-08-30T19:52:03","guid":{"rendered":"https:\/\/photographiesandmore.de\/?post_type=product&#038;p=4081"},"modified":"2019-12-30T22:44:48","modified_gmt":"2019-12-30T21:44:48","slug":"vierbeiner-foto-shooting","status":"publish","type":"product","link":"https:\/\/photographiesandmore.de\/en\/product\/vierbeiner-foto-shooting\/","title":{"rendered":"SCHNUPPER FOTO SHOOTING (NEU)"},"content":{"rendered":"<section id=\"section-69d008437aed6\" class=\"fw-main-row  auto\" style=\"   \"  >\n\t\t<div class=\"fw-container\">\n\t\t<div class=\"fw-row\">\n\t\n<div id=\"column-69d008437b66f\" class=\"fw-col-sm-12\" style=\" \">\n        <div class=\"fw-col-inner\" >\n\t\t<div class=\"fw-text-box\">\n    <div class=\"fw-text-inner\">\n        <h5>Gutschein f\u00fcr ein SCHNUPPER Foto Shooting<\/h5><p>Dauer: 1h<\/p><p>Fotos:\u00a0 3<\/p><p>Preis: \u00a0 45\u20ac<\/p><p>Dieser Gutschein ist nur in 09337 HOT und Umgebung (max. 15km) ohne Anfahrtskosten einl\u00f6sbar.<\/p><p>F\u00fcr weitere Fragen (zum Beispiel weitere Entfernung &amp; Anfahrtskosten) bitte ich um vorherige Kontaktaufnahme \u00fcber <a href=\"https:\/\/photographiesandmore.de\/?page_id=258\">Anfrage zum FotoShooting<\/a>.<\/p>    <\/div>\n<\/div>\t<\/div>\n<\/div><\/div>\n\n<div class=\"fw-row\">\n\t\n<div id=\"column-69d008437c8a6\" class=\"fw-col-sm-12\" style=\" \">\n        <div class=\"fw-col-inner\" >\n\t\t\n    \n        <div class=\"fw-single-image   fw-single-image-left\" style=\"width: 800px;\">\n            <span class=\"fw-single-image-wrap\" >\n                <noscript><img decoding=\"async\" src=\"https:\/\/photographiesandmore.de\/wp-content\/uploads\/2017\/08\/Schnupper.jpg\" alt=\"Schnupper\"><\/noscript><img decoding=\"async\" src=\"data:image\/gif;base64,R0lGODlhAQABAIAAAAAAAP\/\/\/yH5BAEAAAAALAAAAAABAAEAAAIBRAA7\" data-sizes=\"auto\" data-maxdpr=\"1.7\" data-fwimgpath=\"https:\/\/photographiesandmore.de\/wp-content\/uploads\/2017\/08\/\" data-srcset=\"Schnupper.jpg 506w, Schnupper-300x151.jpg 300w, Schnupper-295x255.jpg 295w, Schnupper-295x255.jpg 295w, Schnupper-300x255.jpg 300w, Schnupper-300x255.jpg 300w, Schnupper-300x151.jpg 300w, Schnupper-300x255.jpg 300w, Schnupper-300x151.jpg 300w, Schnupper-506x80.jpg 506w, Schnupper.jpg 506w\" data-srcfw-ratio-1=\"Schnupper-150x150.jpg 150w, Schnupper-100x100.jpg 100w, Schnupper-100x100.jpg 100w\" data-srcfw-ratio-16-9=\"Schnupper-295x166.jpg 295w\"   alt=\"Schnupper\" class=\"lazyload\" \/>            <\/span>\n        <\/div>\n\n    \n\t<\/div>\n<\/div><\/div>\n\n\t<\/div>\n<\/section>","protected":false},"excerpt":{"rendered":"<p>Gutschein f\u00fcr ein SCHNUPPER Foto ShootingDauer: 1hFotos:\u00a0 3Preis: \u00a0 45\u20acDieser Gutschein ist nur in 09337 HOT und Umgebung (max. 15km) ohne Anfahrtskosten einl\u00f6sbar.F\u00fcr weitere Fragen (zum Beispiel weitere Entfernung &amp; Anfahrtskosten) bitte ich um vorherige Kontaktaufnahme \u00fcber Anfrage zum FotoShooting.<\/p>","protected":false},"featured_media":5325,"comment_status":"open","ping_status":"closed","template":"","meta":[],"product_brand":[],"product_cat":[36],"product_tag":[98],"class_list":{"0":"post-4081","1":"product","2":"type-product","3":"status-publish","4":"has-post-thumbnail","6":"product_cat-voucher","7":"product_tag-neu","8":"product_shipping_class-gutschein-versand","10":"first","11":"instock","12":"featured","13":"shipping-taxable","14":"purchasable","15":"product-type-simple"},"_links":{"self":[{"href":"https:\/\/photographiesandmore.de\/en\/wp-json\/wp\/v2\/product\/4081","targetHints":{"allow":["GET"]}}],"collection":[{"href":"https:\/\/photographiesandmore.de\/en\/wp-json\/wp\/v2\/product"}],"about":[{"href":"https:\/\/photographiesandmore.de\/en\/wp-json\/wp\/v2\/types\/product"}],"replies":[{"embeddable":true,"href":"https:\/\/photographiesandmore.de\/en\/wp-json\/wp\/v2\/comments?post=4081"}],"wp:featuredmedia":[{"embeddable":true,"href":"https:\/\/photographiesandmore.de\/en\/wp-json\/wp\/v2\/media\/5325"}],"wp:attachment":[{"href":"https:\/\/photographiesandmore.de\/en\/wp-json\/wp\/v2\/media?parent=4081"}],"wp:term":[{"taxonomy":"product_brand","embeddable":true,"href":"https:\/\/photographiesandmore.de\/en\/wp-json\/wp\/v2\/product_brand?post=4081"},{"taxonomy":"product_cat","embeddable":true,"href":"https:\/\/photographiesandmore.de\/en\/wp-json\/wp\/v2\/product_cat?post=4081"},{"taxonomy":"product_tag","embeddable":true,"href":"https:\/\/photographiesandmore.de\/en\/wp-json\/wp\/v2\/product_tag?post=4081"}],"curies":[{"name":"wp","href":"https:\/\/api.w.org\/{rel}","templated":true}]}}