{"id":4080,"date":"2017-08-30T21:36:00","date_gmt":"2017-08-30T19:36:00","guid":{"rendered":"https:\/\/photographiesandmore.de\/?post_type=product&#038;p=4080"},"modified":"2019-12-30T17:43:29","modified_gmt":"2019-12-30T16:43:29","slug":"babybauch-foto-shooting","status":"publish","type":"product","link":"https:\/\/photographiesandmore.de\/en\/product\/babybauch-foto-shooting\/","title":{"rendered":"BABYBAUCH FOTO SHOOTING"},"content":{"rendered":"<section id=\"section-69d007b037bb3\" class=\"fw-main-row  auto\" style=\"   \"  >\n\t\t<div class=\"fw-container\">\n\t\t<div class=\"fw-row\">\n\t\n<div id=\"column-69d007b0384d1\" class=\"fw-col-sm-12\" style=\" \">\n        <div class=\"fw-col-inner\" >\n\t\t<div class=\"fw-text-box\">\n    <div class=\"fw-text-inner\">\n        <h5>Gutschein f\u00fcr ein BABYBAUCH Foto\u00a0Shooting<\/h5><p>Dauer: 1,5h<\/p><p>Fotos:\u00a0 5-8 (5 garantiert ... vielleicht auch 8)<\/p><p>Preis: \u00a0 80\u20ac<\/p><p>Dieser Gutschein ist nur in 09337 HOT und Umgebung (max. 15km) ohne Anfahrtskosten einl\u00f6sbar.<\/p><p>F\u00fcr weitere Fragen (zum Beispiel weitere Entfernung &amp; Anfahrtskosten) bitte ich um vorherige Kontaktaufnahme \u00fcber <a href=\"https:\/\/photographiesandmore.de\/?page_id=258\">Anfrage zum FotoShooting<\/a>.<\/p>    <\/div>\n<\/div>\t<\/div>\n<\/div><\/div>\n\n<div class=\"fw-row\">\n\t\n<div id=\"column-69d007b039aef\" class=\"fw-col-sm-12\" style=\" \">\n        <div class=\"fw-col-inner\" >\n\t\t\n    \n        <div class=\"fw-single-image   fw-single-image-left\" style=\"width: 800px;\">\n            <span class=\"fw-single-image-wrap\" >\n                <noscript><img decoding=\"async\" src=\"https:\/\/photographiesandmore.de\/wp-content\/uploads\/2017\/08\/BabyBauch.jpg\" alt=\"BabyBauch\"><\/noscript><img decoding=\"async\" src=\"data:image\/gif;base64,R0lGODlhAQABAIAAAAAAAP\/\/\/yH5BAEAAAAALAAAAAABAAEAAAIBRAA7\" data-sizes=\"auto\" data-maxdpr=\"1.7\" data-fwimgpath=\"https:\/\/photographiesandmore.de\/wp-content\/uploads\/2017\/08\/\" data-srcset=\"BabyBauch.jpg 505w, BabyBauch-300x153.jpg 300w, BabyBauch-295x257.jpg 295w, BabyBauch-295x257.jpg 295w, BabyBauch-300x257.jpg 300w, BabyBauch-300x257.jpg 300w, BabyBauch-300x153.jpg 300w, BabyBauch-300x257.jpg 300w, BabyBauch-300x153.jpg 300w, BabyBauch-505x80.jpg 505w, BabyBauch.jpg 505w\" data-srcfw-ratio-1=\"BabyBauch-150x150.jpg 150w, BabyBauch-100x100.jpg 100w, BabyBauch-100x100.jpg 100w\" data-srcfw-ratio-16-9=\"BabyBauch-295x166.jpg 295w\"   alt=\"BabyBauch\" class=\"lazyload\" \/>            <\/span>\n        <\/div>\n\n    \n\t<\/div>\n<\/div><\/div>\n\n\t<\/div>\n<\/section>","protected":false},"excerpt":{"rendered":"<p>Gutschein f\u00fcr ein BABYBAUCH Foto\u00a0ShootingDauer: 1,5hFotos:\u00a0 5-8 (5 garantiert &#8230; vielleicht auch 8)Preis: \u00a0 80\u20acDieser Gutschein ist nur in 09337 HOT und Umgebung (max. 15km) ohne Anfahrtskosten einl\u00f6sbar.F\u00fcr weitere Fragen (zum Beispiel weitere Entfernung &amp; Anfahrtskosten) bitte ich um vorherige Kontaktaufnahme \u00fcber Anfrage zum FotoShooting.<\/p>","protected":false},"featured_media":5322,"comment_status":"open","ping_status":"closed","template":"","meta":[],"product_brand":[],"product_cat":[36],"product_tag":[],"class_list":{"0":"post-4080","1":"product","2":"type-product","3":"status-publish","4":"has-post-thumbnail","6":"product_cat-voucher","8":"first","9":"instock","10":"featured","11":"shipping-taxable","12":"purchasable","13":"product-type-simple"},"_links":{"self":[{"href":"https:\/\/photographiesandmore.de\/en\/wp-json\/wp\/v2\/product\/4080","targetHints":{"allow":["GET"]}}],"collection":[{"href":"https:\/\/photographiesandmore.de\/en\/wp-json\/wp\/v2\/product"}],"about":[{"href":"https:\/\/photographiesandmore.de\/en\/wp-json\/wp\/v2\/types\/product"}],"replies":[{"embeddable":true,"href":"https:\/\/photographiesandmore.de\/en\/wp-json\/wp\/v2\/comments?post=4080"}],"wp:featuredmedia":[{"embeddable":true,"href":"https:\/\/photographiesandmore.de\/en\/wp-json\/wp\/v2\/media\/5322"}],"wp:attachment":[{"href":"https:\/\/photographiesandmore.de\/en\/wp-json\/wp\/v2\/media?parent=4080"}],"wp:term":[{"taxonomy":"product_brand","embeddable":true,"href":"https:\/\/photographiesandmore.de\/en\/wp-json\/wp\/v2\/product_brand?post=4080"},{"taxonomy":"product_cat","embeddable":true,"href":"https:\/\/photographiesandmore.de\/en\/wp-json\/wp\/v2\/product_cat?post=4080"},{"taxonomy":"product_tag","embeddable":true,"href":"https:\/\/photographiesandmore.de\/en\/wp-json\/wp\/v2\/product_tag?post=4080"}],"curies":[{"name":"wp","href":"https:\/\/api.w.org\/{rel}","templated":true}]}}