{"id":4077,"date":"2017-08-30T14:19:44","date_gmt":"2017-08-30T12:19:44","guid":{"rendered":"https:\/\/photographiesandmore.de\/?post_type=product&#038;p=4077"},"modified":"2019-12-30T14:31:42","modified_gmt":"2019-12-30T13:31:42","slug":"gs-pferde","status":"publish","type":"product","link":"https:\/\/photographiesandmore.de\/en\/product\/gs-pferde\/","title":{"rendered":"FOTO SHOOTING MIT VIERBEINIGEM FREUND"},"content":{"rendered":"<section id=\"section-69d0085d389dd\" class=\"fw-main-row  auto\" style=\"   \"  >\n\t\t<div class=\"fw-container\">\n\t\t<div class=\"fw-row\">\n\t\n<div id=\"column-69d0085d392f1\" class=\"fw-col-sm-12\" style=\" \">\n        <div class=\"fw-col-inner\" >\n\t\t<div class=\"fw-text-box\">\n    <div class=\"fw-text-inner\">\n        <h5>Gutschein f\u00fcr Foto Shooting mit Eurem 4 beinigen Freund<\/h5><p>Dauer: 1,5h<\/p><p>Fotos:\u00a0 5-8 (5 garantiert ... vielleicht auch 8)<\/p><p>Preis: \u00a0 80\u20ac<\/p><p>Dieser Gutschein ist nur in 09337 HOT und Umgebung (max. 15km) ohne Anfahrtskosten einl\u00f6sbar.<\/p><p>F\u00fcr weitere Fragen (zum Beispiel weitere Entfernung &amp; Anfahrtskosten) bitte ich um vorherige Kontaktaufnahme \u00fcber <a href=\"https:\/\/photographiesandmore.de\/?page_id=258\">Anfrage zum FotoShooting<\/a>.<\/p>    <\/div>\n<\/div>\t<\/div>\n<\/div><\/div>\n\n<div class=\"fw-row\">\n\t\n<div id=\"column-69d0085d3a601\" class=\"fw-col-sm-12\" style=\" \">\n        <div class=\"fw-col-inner\" >\n\t\t\n    \n        <div class=\"fw-single-image   fw-single-image-left\" style=\"width: 800px;\">\n            <span class=\"fw-single-image-wrap\" >\n                <noscript><img decoding=\"async\" src=\"https:\/\/photographiesandmore.de\/wp-content\/uploads\/2017\/08\/Tier.jpg\" alt=\"Tier\"><\/noscript><img decoding=\"async\" src=\"data:image\/gif;base64,R0lGODlhAQABAIAAAAAAAP\/\/\/yH5BAEAAAAALAAAAAABAAEAAAIBRAA7\" data-sizes=\"auto\" data-maxdpr=\"1.7\" data-fwimgpath=\"https:\/\/photographiesandmore.de\/wp-content\/uploads\/2017\/08\/\" data-srcset=\"Tier.jpg 504w, Tier-300x152.jpg 300w, Tier-295x255.jpg 295w, Tier-295x255.jpg 295w, Tier-300x255.jpg 300w, Tier-300x255.jpg 300w, Tier-300x152.jpg 300w, Tier-300x255.jpg 300w, Tier-300x152.jpg 300w, Tier-504x80.jpg 504w, Tier.jpg 504w\" data-srcfw-ratio-1=\"Tier-150x150.jpg 150w, Tier-100x100.jpg 100w, Tier-100x100.jpg 100w\" data-srcfw-ratio-16-9=\"Tier-295x166.jpg 295w\"   alt=\"Tier\" class=\"lazyload\" \/>            <\/span>\n        <\/div>\n\n    \n\t<\/div>\n<\/div><\/div>\n\n\t<\/div>\n<\/section>","protected":false},"excerpt":{"rendered":"<p>Gutschein f\u00fcr Foto Shooting mit Eurem 4 beinigen FreundDauer: 1,5hFotos:\u00a0 5-8 (5 garantiert &#8230; vielleicht auch 8)Preis: \u00a0 80\u20acDieser Gutschein ist nur in 09337 HOT und Umgebung (max. 15km) ohne Anfahrtskosten einl\u00f6sbar.F\u00fcr weitere Fragen (zum Beispiel weitere Entfernung &amp; Anfahrtskosten) bitte ich um vorherige Kontaktaufnahme \u00fcber Anfrage zum FotoShooting.<\/p>","protected":false},"featured_media":5326,"comment_status":"open","ping_status":"closed","template":"","meta":[],"product_brand":[],"product_cat":[36],"product_tag":[],"class_list":{"0":"post-4077","1":"product","2":"type-product","3":"status-publish","4":"has-post-thumbnail","6":"product_cat-voucher","8":"first","9":"instock","10":"featured","11":"shipping-taxable","12":"purchasable","13":"product-type-simple"},"_links":{"self":[{"href":"https:\/\/photographiesandmore.de\/en\/wp-json\/wp\/v2\/product\/4077","targetHints":{"allow":["GET"]}}],"collection":[{"href":"https:\/\/photographiesandmore.de\/en\/wp-json\/wp\/v2\/product"}],"about":[{"href":"https:\/\/photographiesandmore.de\/en\/wp-json\/wp\/v2\/types\/product"}],"replies":[{"embeddable":true,"href":"https:\/\/photographiesandmore.de\/en\/wp-json\/wp\/v2\/comments?post=4077"}],"wp:featuredmedia":[{"embeddable":true,"href":"https:\/\/photographiesandmore.de\/en\/wp-json\/wp\/v2\/media\/5326"}],"wp:attachment":[{"href":"https:\/\/photographiesandmore.de\/en\/wp-json\/wp\/v2\/media?parent=4077"}],"wp:term":[{"taxonomy":"product_brand","embeddable":true,"href":"https:\/\/photographiesandmore.de\/en\/wp-json\/wp\/v2\/product_brand?post=4077"},{"taxonomy":"product_cat","embeddable":true,"href":"https:\/\/photographiesandmore.de\/en\/wp-json\/wp\/v2\/product_cat?post=4077"},{"taxonomy":"product_tag","embeddable":true,"href":"https:\/\/photographiesandmore.de\/en\/wp-json\/wp\/v2\/product_tag?post=4077"}],"curies":[{"name":"wp","href":"https:\/\/api.w.org\/{rel}","templated":true}]}}