{"id":6686,"date":"2021-07-02T11:43:53","date_gmt":"2021-07-02T09:43:53","guid":{"rendered":"https:\/\/photographiesandmore.de\/?page_id=6686"},"modified":"2022-06-20T12:12:49","modified_gmt":"2022-06-20T10:12:49","slug":"travel","status":"publish","type":"page","link":"https:\/\/photographiesandmore.de\/en\/travel\/","title":{"rendered":"On Tour"},"content":{"rendered":"<section id=\"section-69ec301ee0b01\" class=\" fw-main-row  auto  \" style=\"   \"  >\n\t\t<div class=\"fw-container\">\n\t\t<div class=\"fw-row\">\n\t\n<div id=\"column-69ec301ee1372\" class=\" fw-col-sm-12  \" style=\" \">\n        <div class=\"fw-col-inner\" >\n\t\t<div class=\"fw-heading fw-heading-h2 fw-heading-left \">\n\t\t\t<h2 class=\"fw-special-title fw_theme_text_color_2\" >CAMERA ON TOUR<\/h2>\n\t\t\t<\/div>\t<\/div>\n<\/div><\/div>\n\n<div class=\"fw-row\">\n\t\n<div id=\"column-69ec301ee24c4\" class=\" fw-col-sm-12  \" style=\" \">\n        <div class=\"fw-col-inner\" >\n\t\t<div class=\"fw-divider-space space-md\"  ><\/div>\t<\/div>\n<\/div><\/div>\n\n<div class=\"fw-row\">\n\t\n<div id=\"column-69ec301ee33ab\" class=\" fw-col-sm-12  \" style=\" \">\n        <div class=\"fw-col-inner\" >\n\t\t<div class=\"fw-col-inner\">\n    <div class=\"fw-portfolio fw-portfolio-1 fw-portfolio-cols-3  fw-portfolio-landscape\">\n                            <div class=\"row fw-portfolio-wrapper\">\n                <ul id=\"fw-portfolio-list-69ec301ee3806\" class=\"fw-portfolio-list clearfix\">\n                    <li data-category=\"on-tour, portfolio-haupt, \">\n    <div class=\"fw-image-relative fw-ratio-container fw-ratio-16-9\">\n        <a href=\"https:\/\/photographiesandmore.de\/en\/project\/luisenburg\/\" class=\"fw-portfolio-image\">\n            <noscript><img decoding=\"async\" src=\"https:\/\/photographiesandmore.de\/wp-content\/uploads\/2020\/09\/IMGP8178.jpg\" alt=\"IMGP8178\"><\/noscript><img decoding=\"async\" src=\"data:image\/gif;base64,R0lGODlhAQABAIAAAAAAAP\/\/\/yH5BAEAAAAALAAAAAABAAEAAAIBRAA7\" data-sizes=\"auto\" data-maxdpr=\"1.7\" data-fwimgpath=\"https:\/\/photographiesandmore.de\/wp-content\/uploads\/2020\/09\/\" data-srcset=\"IMGP8178.jpg 1920w\" data-srcfw-ratio-3-2=\"IMGP8178-451x300.jpg 451w, IMGP8178-1024x681.jpg 1024w, IMGP8178-768x511.jpg 768w, IMGP8178-1536x1022.jpg 1536w, IMGP8178-300x200.jpg 300w, IMGP8178-300x200.jpg 300w, IMGP8178.jpg 1920w\" data-srcfw-ratio-1=\"IMGP8178-150x150.jpg 150w, IMGP8178-800x800.jpg 800w, IMGP8178-300x300.jpg 300w, IMGP8178-300x300.jpg 300w, IMGP8178-100x100.jpg 100w, IMGP8178-300x300.jpg 300w, IMGP8178-100x100.jpg 100w\" data-srcfw-ratio-16-9=\"IMGP8178-1228x691.jpg 1228w, IMGP8178-614x346.jpg 614w, IMGP8178-295x166.jpg 295w, IMGP8178-590x332.jpg 590w\" data-srcfw-ratio-9-16=\"IMGP8178-295x524.jpg 295w, IMGP8178-590x1048.jpg 590w\" data-srcfw-ratio-3-4=\"IMGP8178-295x393.jpg 295w, IMGP8178-590x786.jpg 590w\"   alt=\"IMGP8178\" class=\"lazyload\" \/>            <span class=\"fw-portfolio-zoom\"><\/span>\n            <div class=\"fw-portfolio-overlay\">\n                <div class=\"fw-itable\">\n                    <div class=\"fw-icell\">\n                        <span class=\"fw-portfolio-title\">Fichtelgebirge<\/span>\n                        <span class=\"fw-portfolio-description\"><p>Felsenlabyrinth Luisenburg Man hat keine Vorstellung, bevor man nicht einmal in dieses gigantische Granitsteinmeer eintaucht ist. Das Felsenlabyrinth Luisenburg ist Europas gr\u00f6\u00dftes Felsenlabyrinth und Nationaler Geotop. Am Morgen nach einem regnerischen Tag hat man erst recht das Gef\u00fchl, an einem mystischen Ort zu sein.F\u00fcr den Aufstieg, wo man ca. 100 H\u00f6henmeter \u00fcberwinden muss, folgt man [&hellip;]<\/p>\n<\/span>\n                        <span class=\"fw-number-photo\">51 Photos<\/span>\n                    <\/div>\n                <\/div>\n            <\/div>\n        <\/a>\n    <\/div>\n<\/li><li data-category=\"landscape, on-tour, portfolio-haupt, \">\n    <div class=\"fw-image-relative fw-ratio-container fw-ratio-16-9\">\n        <a href=\"https:\/\/photographiesandmore.de\/en\/project\/on-tour-im-allgaeu-6\/\" class=\"fw-portfolio-image\">\n            <noscript><img decoding=\"async\" src=\"https:\/\/photographiesandmore.de\/wp-content\/uploads\/2020\/08\/IMGP8701.jpg\" alt=\"IMGP8701\"><\/noscript><img decoding=\"async\" src=\"data:image\/gif;base64,R0lGODlhAQABAIAAAAAAAP\/\/\/yH5BAEAAAAALAAAAAABAAEAAAIBRAA7\" data-sizes=\"auto\" data-maxdpr=\"1.7\" data-fwimgpath=\"https:\/\/photographiesandmore.de\/wp-content\/uploads\/2020\/08\/\" data-srcset=\"IMGP8701.jpg 1920w\" data-srcfw-ratio-3-2=\"IMGP8701-451x300.jpg 451w, IMGP8701-1024x681.jpg 1024w, IMGP8701-768x511.jpg 768w, IMGP8701-1536x1022.jpg 1536w, IMGP8701-300x200.jpg 300w, IMGP8701-300x200.jpg 300w, IMGP8701.jpg 1920w\" data-srcfw-ratio-1=\"IMGP8701-150x150.jpg 150w, IMGP8701-800x800.jpg 800w, IMGP8701-300x300.jpg 300w, IMGP8701-300x300.jpg 300w, IMGP8701-100x100.jpg 100w, IMGP8701-300x300.jpg 300w, IMGP8701-100x100.jpg 100w\" data-srcfw-ratio-16-9=\"IMGP8701-1228x691.jpg 1228w, IMGP8701-614x346.jpg 614w, IMGP8701-295x166.jpg 295w, IMGP8701-590x332.jpg 590w\" data-srcfw-ratio-9-16=\"IMGP8701-295x524.jpg 295w, IMGP8701-590x1048.jpg 590w\" data-srcfw-ratio-3-4=\"IMGP8701-295x393.jpg 295w, IMGP8701-590x786.jpg 590w\"   alt=\"IMGP8701\" class=\"lazyload\" \/>            <span class=\"fw-portfolio-zoom\"><\/span>\n            <div class=\"fw-portfolio-overlay\">\n                <div class=\"fw-itable\">\n                    <div class=\"fw-icell\">\n                        <span class=\"fw-portfolio-title\">Allg\u00e4u 6<\/span>\n                        <span class=\"fw-portfolio-description\"><p>Heini-Klopfer-SkiflugSchanze &#038; Freibergsee Wenn am Ende einer ansich gro\u00dfen Wanderung noch gen\u00fcgend Tag vorhanden ist, bietet sich noch Ausflug auf den Freiberg an. Der Parkplatz Renksteg ist hierf\u00fcr der ideale Ausgangspunkt. \u00dcber eine sch\u00f6ne Holzbr\u00fccke, die Stillachbr\u00fccke, \u00fcberquert man die Stilllach und folgt dann dem &#8222;etwas&#8220; steilen Waldweg hinauf. Hartgesottene Wanderer erreichen die Schanze vielleicht [&hellip;]<\/p>\n<\/span>\n                        <span class=\"fw-number-photo\">15 Photos<\/span>\n                    <\/div>\n                <\/div>\n            <\/div>\n        <\/a>\n    <\/div>\n<\/li><li data-category=\"landscape, on-tour, portfolio-haupt, \">\n    <div class=\"fw-image-relative fw-ratio-container fw-ratio-16-9\">\n        <a href=\"https:\/\/photographiesandmore.de\/en\/project\/on-tour-im-allgaeu-5\/\" class=\"fw-portfolio-image\">\n            <noscript><img decoding=\"async\" src=\"https:\/\/photographiesandmore.de\/wp-content\/uploads\/2020\/08\/IMGP8553.jpg\" alt=\"IMGP8553\"><\/noscript><img decoding=\"async\" src=\"data:image\/gif;base64,R0lGODlhAQABAIAAAAAAAP\/\/\/yH5BAEAAAAALAAAAAABAAEAAAIBRAA7\" data-sizes=\"auto\" data-maxdpr=\"1.7\" data-fwimgpath=\"https:\/\/photographiesandmore.de\/wp-content\/uploads\/2020\/08\/\" data-srcset=\"IMGP8553.jpg 1920w\" data-srcfw-ratio-3-2=\"IMGP8553-451x300.jpg 451w, IMGP8553-1024x681.jpg 1024w, IMGP8553-768x511.jpg 768w, IMGP8553-1536x1022.jpg 1536w, IMGP8553-300x200.jpg 300w, IMGP8553-300x200.jpg 300w, IMGP8553.jpg 1920w\" data-srcfw-ratio-1=\"IMGP8553-150x150.jpg 150w, IMGP8553-800x800.jpg 800w, IMGP8553-300x300.jpg 300w, IMGP8553-300x300.jpg 300w, IMGP8553-100x100.jpg 100w, IMGP8553-300x300.jpg 300w, IMGP8553-100x100.jpg 100w\" data-srcfw-ratio-16-9=\"IMGP8553-1228x691.jpg 1228w, IMGP8553-614x346.jpg 614w, IMGP8553-295x166.jpg 295w, IMGP8553-590x332.jpg 590w\" data-srcfw-ratio-9-16=\"IMGP8553-295x524.jpg 295w, IMGP8553-590x1048.jpg 590w\" data-srcfw-ratio-3-4=\"IMGP8553-295x393.jpg 295w, IMGP8553-590x786.jpg 590w\"   alt=\"IMGP8553\" class=\"lazyload\" \/>            <span class=\"fw-portfolio-zoom\"><\/span>\n            <div class=\"fw-portfolio-overlay\">\n                <div class=\"fw-itable\">\n                    <div class=\"fw-icell\">\n                        <span class=\"fw-portfolio-title\">Allg\u00e4u 5<\/span>\n                        <span class=\"fw-portfolio-description\"><p>Breitachklamm Wenn man sich bei Tagesanbruch wieder mit Regenwolken konfrontiert sieht, ist vielleicht am Besten, in eine Klamm zu fahren, wo es ohnehin ziemlich viel Wasser gibt \ud83d\ude42Also auf zur Breitachklamm in Richtung Oberstdorf \ud83d\ude00Aufgrund Corona war der Zugang nur \u00fcber den Parkplatz P1 in Tiefenbach m\u00f6glich und die Klamm war nur in eine Richtung [&hellip;]<\/p>\n<\/span>\n                        <span class=\"fw-number-photo\">72 Photos<\/span>\n                    <\/div>\n                <\/div>\n            <\/div>\n        <\/a>\n    <\/div>\n<\/li><li data-category=\"landscape, on-tour, portfolio-haupt, \">\n    <div class=\"fw-image-relative fw-ratio-container fw-ratio-16-9\">\n        <a href=\"https:\/\/photographiesandmore.de\/en\/project\/plansee\/\" class=\"fw-portfolio-image\">\n            <noscript><img decoding=\"async\" src=\"https:\/\/photographiesandmore.de\/wp-content\/uploads\/2020\/08\/IMGP8240.jpg\" alt=\"IMGP8240\"><\/noscript><img decoding=\"async\" src=\"data:image\/gif;base64,R0lGODlhAQABAIAAAAAAAP\/\/\/yH5BAEAAAAALAAAAAABAAEAAAIBRAA7\" data-sizes=\"auto\" data-maxdpr=\"1.7\" data-fwimgpath=\"https:\/\/photographiesandmore.de\/wp-content\/uploads\/2020\/08\/\" data-srcset=\"IMGP8240.jpg 1920w\" data-srcfw-ratio-3-2=\"IMGP8240-451x300.jpg 451w, IMGP8240-1024x681.jpg 1024w, IMGP8240-768x511.jpg 768w, IMGP8240-1536x1022.jpg 1536w, IMGP8240-300x200.jpg 300w, IMGP8240-300x200.jpg 300w, IMGP8240.jpg 1920w\" data-srcfw-ratio-1=\"IMGP8240-150x150.jpg 150w, IMGP8240-800x800.jpg 800w, IMGP8240-300x300.jpg 300w, IMGP8240-300x300.jpg 300w, IMGP8240-100x100.jpg 100w, IMGP8240-300x300.jpg 300w, IMGP8240-100x100.jpg 100w\" data-srcfw-ratio-16-9=\"IMGP8240-1228x691.jpg 1228w, IMGP8240-614x346.jpg 614w, IMGP8240-295x166.jpg 295w, IMGP8240-590x332.jpg 590w\" data-srcfw-ratio-9-16=\"IMGP8240-295x524.jpg 295w, IMGP8240-590x1048.jpg 590w\" data-srcfw-ratio-3-4=\"IMGP8240-295x393.jpg 295w, IMGP8240-590x786.jpg 590w\"   alt=\"IMGP8240\" class=\"lazyload\" \/>            <span class=\"fw-portfolio-zoom\"><\/span>\n            <div class=\"fw-portfolio-overlay\">\n                <div class=\"fw-itable\">\n                    <div class=\"fw-icell\">\n                        <span class=\"fw-portfolio-title\">Allg\u00e4u 4<\/span>\n                        <span class=\"fw-portfolio-description\"><p>Oberjoch &#038; Kanzel &#038; Plansee Das Wetter meinte es an diesem Tag nicht allzu gut mit uns. F\u00fcr eine Bergtour war uns die wolkenbruchartige Stimmung am Himmel zu ungewiss. Alternativ g\u00e4be es hier noch so viel zu besichtigen &#8230; wir entschieden uns aber\u00a0 in Richtung Plansee (Tirol\/\u00d6sterreich) aufzubrechen und den Weg \u00fcber das Oberjoch zu [&hellip;]<\/p>\n<\/span>\n                        <span class=\"fw-number-photo\">18 Photos<\/span>\n                    <\/div>\n                <\/div>\n            <\/div>\n        <\/a>\n    <\/div>\n<\/li><li data-category=\"landscape, on-tour, portfolio-haupt, \">\n    <div class=\"fw-image-relative fw-ratio-container fw-ratio-16-9\">\n        <a href=\"https:\/\/photographiesandmore.de\/en\/project\/kleinwalsertal\/\" class=\"fw-portfolio-image\">\n            <noscript><img decoding=\"async\" src=\"https:\/\/photographiesandmore.de\/wp-content\/uploads\/2020\/07\/IMGP7943.jpg\" alt=\"IMGP7943\"><\/noscript><img decoding=\"async\" src=\"data:image\/gif;base64,R0lGODlhAQABAIAAAAAAAP\/\/\/yH5BAEAAAAALAAAAAABAAEAAAIBRAA7\" data-sizes=\"auto\" data-maxdpr=\"1.7\" data-fwimgpath=\"https:\/\/photographiesandmore.de\/wp-content\/uploads\/2020\/07\/\" data-srcset=\"IMGP7943.jpg 1734w\" data-srcfw-ratio-3-2=\"IMGP7943-451x300.jpg 451w, IMGP7943-1024x681.jpg 1024w, IMGP7943-768x511.jpg 768w, IMGP7943-1536x1021.jpg 1536w, IMGP7943-300x199.jpg 300w, IMGP7943-300x199.jpg 300w, IMGP7943.jpg 1734w\" data-srcfw-ratio-1=\"IMGP7943-150x150.jpg 150w, IMGP7943-800x800.jpg 800w, IMGP7943-300x300.jpg 300w, IMGP7943-300x300.jpg 300w, IMGP7943-100x100.jpg 100w, IMGP7943-300x300.jpg 300w, IMGP7943-100x100.jpg 100w\" data-srcfw-ratio-16-9=\"IMGP7943-1228x691.jpg 1228w, IMGP7943-614x346.jpg 614w, IMGP7943-295x166.jpg 295w, IMGP7943-590x332.jpg 590w\" data-srcfw-ratio-9-16=\"IMGP7943-295x524.jpg 295w, IMGP7943-590x1048.jpg 590w\" data-srcfw-ratio-3-4=\"IMGP7943-295x393.jpg 295w, IMGP7943-590x786.jpg 590w\"   alt=\"IMGP7943\" class=\"lazyload\" \/>            <span class=\"fw-portfolio-zoom\"><\/span>\n            <div class=\"fw-portfolio-overlay\">\n                <div class=\"fw-itable\">\n                    <div class=\"fw-icell\">\n                        <span class=\"fw-portfolio-title\">Allg\u00e4u 3<\/span>\n                        <span class=\"fw-portfolio-description\"><p>Kleinwalsertal Das Kleinwalsertal wird fast vollst\u00e4ndig von hohen Bergen umschlossen. Von ihnen wird das Kleinwalsertal gegen\u00fcber dem \u00fcbrigen Staatsgebiet \u00d6sterreichs abgeschnitten.\u00a0 Eine Verkehrsverbindung besteht lediglich zum auf bayerischer Seite liegenden Oberstdorf .Die Breitach zieht sich durch das gesamte Tal und wird von einigen Seitenb\u00e4chen gespeist, die aus den Seitent\u00e4lern des Kleinwalsertals stammen. (Quelle: Wikipedia) Das\u00a0Kleinwalsertal [&hellip;]<\/p>\n<\/span>\n                        <span class=\"fw-number-photo\">11 Photos<\/span>\n                    <\/div>\n                <\/div>\n            <\/div>\n        <\/a>\n    <\/div>\n<\/li><li data-category=\"landscape, on-tour, portfolio-haupt, \">\n    <div class=\"fw-image-relative fw-ratio-container fw-ratio-16-9\">\n        <a href=\"https:\/\/photographiesandmore.de\/en\/project\/klamm_burgberg\/\" class=\"fw-portfolio-image\">\n            <noscript><img decoding=\"async\" src=\"https:\/\/photographiesandmore.de\/wp-content\/uploads\/2020\/07\/IMGP7819-2.jpg\" alt=\"IMGP7819-2\"><\/noscript><img decoding=\"async\" src=\"data:image\/gif;base64,R0lGODlhAQABAIAAAAAAAP\/\/\/yH5BAEAAAAALAAAAAABAAEAAAIBRAA7\" data-sizes=\"auto\" data-maxdpr=\"1.7\" data-fwimgpath=\"https:\/\/photographiesandmore.de\/wp-content\/uploads\/2020\/07\/\" data-srcset=\"IMGP7819-2.jpg 1734w\" data-srcfw-ratio-3-2=\"IMGP7819-2-451x300.jpg 451w, IMGP7819-2-1024x681.jpg 1024w, IMGP7819-2-768x511.jpg 768w, IMGP7819-2-1536x1021.jpg 1536w, IMGP7819-2-300x199.jpg 300w, IMGP7819-2-300x199.jpg 300w, IMGP7819-2.jpg 1734w\" data-srcfw-ratio-1=\"IMGP7819-2-150x150.jpg 150w, IMGP7819-2-800x800.jpg 800w, IMGP7819-2-300x300.jpg 300w, IMGP7819-2-300x300.jpg 300w, IMGP7819-2-100x100.jpg 100w, IMGP7819-2-300x300.jpg 300w, IMGP7819-2-100x100.jpg 100w\" data-srcfw-ratio-16-9=\"IMGP7819-2-1228x691.jpg 1228w, IMGP7819-2-614x346.jpg 614w, IMGP7819-2-295x166.jpg 295w, IMGP7819-2-590x332.jpg 590w\" data-srcfw-ratio-9-16=\"IMGP7819-2-295x524.jpg 295w, IMGP7819-2-590x1048.jpg 590w\" data-srcfw-ratio-3-4=\"IMGP7819-2-295x393.jpg 295w, IMGP7819-2-590x786.jpg 590w\"   alt=\"IMGP7819-2\" class=\"lazyload\" \/>            <span class=\"fw-portfolio-zoom\"><\/span>\n            <div class=\"fw-portfolio-overlay\">\n                <div class=\"fw-itable\">\n                    <div class=\"fw-icell\">\n                        <span class=\"fw-portfolio-title\">Allg\u00e4u 2<\/span>\n                        <span class=\"fw-portfolio-description\"><p>Starzlachklamm und Burgberg Die Starzlachklamm bei Burgberg \/ SonthofenDer nat\u00fcrliche Sch\u00f6pfer der Klamm ist die Starzlach, die zwischen Gr\u00fcnten und Wertacher Horn in 1070 m entspringt und von zahlreichen Rinnsalen gespeist wird. Seit Jahrtausenden sucht sich die Starzlach ihren Weg \u00fcber Felsabst\u00fcrze und zw\u00e4ngt sich durch kesself\u00f6rmige Wasserm\u00fchlen in die Klamm.Markantes Kennzeichen der Starzlachklamm sind [&hellip;]<\/p>\n<\/span>\n                        <span class=\"fw-number-photo\">18 Photos<\/span>\n                    <\/div>\n                <\/div>\n            <\/div>\n        <\/a>\n    <\/div>\n<\/li><li data-category=\"landscape, on-tour, portfolio-haupt, \">\n    <div class=\"fw-image-relative fw-ratio-container fw-ratio-16-9\">\n        <a href=\"https:\/\/photographiesandmore.de\/en\/project\/hinanger-wasserfall\/\" class=\"fw-portfolio-image\">\n            <noscript><img decoding=\"async\" src=\"https:\/\/photographiesandmore.de\/wp-content\/uploads\/2020\/07\/IMGP7250.jpg\" alt=\"IMGP7250\"><\/noscript><img decoding=\"async\" src=\"data:image\/gif;base64,R0lGODlhAQABAIAAAAAAAP\/\/\/yH5BAEAAAAALAAAAAABAAEAAAIBRAA7\" data-sizes=\"auto\" data-maxdpr=\"1.7\" data-fwimgpath=\"https:\/\/photographiesandmore.de\/wp-content\/uploads\/2020\/07\/\" data-srcset=\"IMGP7250.jpg 1734w\" data-srcfw-ratio-3-2=\"IMGP7250-451x300.jpg 451w, IMGP7250-1024x681.jpg 1024w, IMGP7250-768x511.jpg 768w, IMGP7250-1536x1021.jpg 1536w, IMGP7250-300x199.jpg 300w, IMGP7250-300x199.jpg 300w, IMGP7250.jpg 1734w\" data-srcfw-ratio-1=\"IMGP7250-150x150.jpg 150w, IMGP7250-800x800.jpg 800w, IMGP7250-300x300.jpg 300w, IMGP7250-300x300.jpg 300w, IMGP7250-100x100.jpg 100w, IMGP7250-300x300.jpg 300w, IMGP7250-100x100.jpg 100w\" data-srcfw-ratio-16-9=\"IMGP7250-1228x691.jpg 1228w, IMGP7250-614x346.jpg 614w, IMGP7250-295x166.jpg 295w, IMGP7250-590x332.jpg 590w\" data-srcfw-ratio-9-16=\"IMGP7250-295x524.jpg 295w, IMGP7250-590x1048.jpg 590w\" data-srcfw-ratio-3-4=\"IMGP7250-295x393.jpg 295w, IMGP7250-590x786.jpg 590w\"   alt=\"IMGP7250\" class=\"lazyload\" \/>            <span class=\"fw-portfolio-zoom\"><\/span>\n            <div class=\"fw-portfolio-overlay\">\n                <div class=\"fw-itable\">\n                    <div class=\"fw-icell\">\n                        <span class=\"fw-portfolio-title\">Allg\u00e4u 1<\/span>\n                        <span class=\"fw-portfolio-description\"><p>Hinanger Wasserfall Der Hinanger Wasserfall ist ein Geotop s\u00fcdlich von Sonthofen im Landkreis Oberallg\u00e4u. Der Hinanger Wasserfall setzt sich aus mehreren Felsstufen zusammen, \u00fcber die der Hinanger Bach insgesamt einen H\u00f6henunterschied von \u00fcber 25 m \u00fcberwindet. Der eigentliche Wasserfall besitzt eine Fallh\u00f6he von 12 Metern. (Quelle:Wikipedia)Der Hinanger Wasserfall liegt \u00f6stlich des Dorfes Hinang bei Oberstdorf.\u00a0 [&hellip;]<\/p>\n<\/span>\n                        <span class=\"fw-number-photo\">27 Photos<\/span>\n                    <\/div>\n                <\/div>\n            <\/div>\n        <\/a>\n    <\/div>\n<\/li><li data-category=\"architecture-portfolio-1, on-tour, architecture, architecture-portfolio-1, \">\n    <div class=\"fw-image-relative fw-ratio-container fw-ratio-16-9\">\n        <a href=\"https:\/\/photographiesandmore.de\/en\/project\/bad-elster\/\" class=\"fw-portfolio-image\">\n            <noscript><img decoding=\"async\" src=\"https:\/\/photographiesandmore.de\/wp-content\/uploads\/2020\/06\/IMGP5839-Bearbeitet.jpg\" alt=\"IMGP5839-Bearbeitet\"><\/noscript><img decoding=\"async\" src=\"data:image\/gif;base64,R0lGODlhAQABAIAAAAAAAP\/\/\/yH5BAEAAAAALAAAAAABAAEAAAIBRAA7\" data-sizes=\"auto\" data-maxdpr=\"1.7\" data-fwimgpath=\"https:\/\/photographiesandmore.de\/wp-content\/uploads\/2020\/06\/\" data-srcset=\"IMGP5839-Bearbeitet.jpg 1920w\" data-srcfw-ratio-3-2=\"IMGP5839-Bearbeitet-449x300.jpg 449w, IMGP5839-Bearbeitet-1024x684.jpg 1024w, IMGP5839-Bearbeitet-768x513.jpg 768w, IMGP5839-Bearbeitet-1536x1025.jpg 1536w, IMGP5839-Bearbeitet-300x200.jpg 300w, IMGP5839-Bearbeitet-300x200.jpg 300w, IMGP5839-Bearbeitet.jpg 1920w\" data-srcfw-ratio-1=\"IMGP5839-Bearbeitet-150x150.jpg 150w, IMGP5839-Bearbeitet-800x800.jpg 800w, IMGP5839-Bearbeitet-300x300.jpg 300w, IMGP5839-Bearbeitet-300x300.jpg 300w, IMGP5839-Bearbeitet-100x100.jpg 100w, IMGP5839-Bearbeitet-300x300.jpg 300w, IMGP5839-Bearbeitet-100x100.jpg 100w\" data-srcfw-ratio-16-9=\"IMGP5839-Bearbeitet-1228x691.jpg 1228w, IMGP5839-Bearbeitet-614x346.jpg 614w, IMGP5839-Bearbeitet-295x166.jpg 295w, IMGP5839-Bearbeitet-590x332.jpg 590w\" data-srcfw-ratio-9-16=\"IMGP5839-Bearbeitet-295x524.jpg 295w, IMGP5839-Bearbeitet-590x1048.jpg 590w\" data-srcfw-ratio-3-4=\"IMGP5839-Bearbeitet-295x393.jpg 295w, IMGP5839-Bearbeitet-590x786.jpg 590w\"   alt=\"IMGP5839-Bearbeitet\" class=\"lazyload\" \/>            <span class=\"fw-portfolio-zoom\"><\/span>\n            <div class=\"fw-portfolio-overlay\">\n                <div class=\"fw-itable\">\n                    <div class=\"fw-icell\">\n                        <span class=\"fw-portfolio-title\">Bad Elster<\/span>\n                        <span class=\"fw-portfolio-description\"><p>On Tour durch Bad Elster Unterwegs in Sachsen &#8211; Bad Elster, ein Kurort im s\u00e4chsischen Vogtlandkreis. Die Tour startet im Historischen Kurpark am Badeplatz mit seinen Figuren und Springbrunnen bis hin zum K\u00f6nig-Albert-Bad aus dem Jahre 1908. Direkt gegen\u00fcber \u00fcber die historische Br\u00fccke streift man das Kur-Theater K\u00f6nig Albert und erreicht das K\u00f6nigliche Kurhaus mit [&hellip;]<\/p>\n<\/span>\n                        <span class=\"fw-number-photo\">36 Photos<\/span>\n                    <\/div>\n                <\/div>\n            <\/div>\n        <\/a>\n    <\/div>\n<\/li><li data-category=\"architecture-portfolio-1, on-tour, architecture, architecture-portfolio-1, \">\n    <div class=\"fw-image-relative fw-ratio-container fw-ratio-16-9\">\n        <a href=\"https:\/\/photographiesandmore.de\/en\/project\/rabenstein\/\" class=\"fw-portfolio-image\">\n            <noscript><img decoding=\"async\" src=\"https:\/\/photographiesandmore.de\/wp-content\/uploads\/2018\/05\/IMGP5770.jpg\" alt=\"IMGP5770\"><\/noscript><img decoding=\"async\" src=\"data:image\/gif;base64,R0lGODlhAQABAIAAAAAAAP\/\/\/yH5BAEAAAAALAAAAAABAAEAAAIBRAA7\" data-sizes=\"auto\" data-maxdpr=\"1.7\" data-fwimgpath=\"https:\/\/photographiesandmore.de\/wp-content\/uploads\/2018\/05\/\" data-srcset=\"IMGP5770.jpg 1920w\" data-srcfw-ratio-1=\"IMGP5770-150x150.jpg 150w, IMGP5770-800x800.jpg 800w, IMGP5770-300x300.jpg 300w, IMGP5770-300x300.jpg 300w, IMGP5770-100x100.jpg 100w, IMGP5770-300x300.jpg 300w, IMGP5770-100x100.jpg 100w\" data-srcfw-ratio-16-9=\"IMGP5770-300x169.jpg 300w, IMGP5770-768x432.jpg 768w, IMGP5770-1024x576.jpg 1024w, IMGP5770-1228x691.jpg 1228w, IMGP5770-614x346.jpg 614w, IMGP5770-295x166.jpg 295w, IMGP5770-590x332.jpg 590w, IMGP5770-300x169.jpg 300w, IMGP5770-300x169.jpg 300w, IMGP5770.jpg 1920w\" data-srcfw-ratio-9-16=\"IMGP5770-295x524.jpg 295w, IMGP5770-590x1048.jpg 590w\" data-srcfw-ratio-3-4=\"IMGP5770-295x393.jpg 295w, IMGP5770-590x786.jpg 590w\"   alt=\"IMGP5770\" class=\"lazyload\" \/>            <span class=\"fw-portfolio-zoom\"><\/span>\n            <div class=\"fw-portfolio-overlay\">\n                <div class=\"fw-itable\">\n                    <div class=\"fw-icell\">\n                        <span class=\"fw-portfolio-title\">Rabenstein<\/span>\n                        <span class=\"fw-portfolio-description\"><p>Hotel Schloss Rabenstein<\/p>\n<\/span>\n                        <span class=\"fw-number-photo\">9 Photos<\/span>\n                    <\/div>\n                <\/div>\n            <\/div>\n        <\/a>\n    <\/div>\n<\/li>                <\/ul>\n            <\/div>\n            <\/div><!-- \/.fw-portfolio -->\n<\/div>\t<\/div>\n<\/div><\/div>\n\n\t<\/div>\n<\/section>\n","protected":false},"excerpt":{"rendered":"<p>Schloss &#038; Burg Rabenstein Im Stadtteil Rabenstein von Chemnitz laden sowohl ein Schloss, eine Burg, als auch ein Viadukt zu einem Ausflug ein.\u00a0 Seit der Renovierung 2011 ist das Hotel Schloss Rabenstein, ein restauriertes Barockschloss, wieder eine stattliche Erscheinung.\u00a0 Nur 3\u00a0Gehminuten entfernt befindet sich die mittelalterlichen Burg\u00a0Rabenstein. \u00dcberquert man das alte Eisenbahn-Viadukt gelangt man zu [&hellip;]<\/p>\n","protected":false},"author":1,"featured_media":0,"parent":0,"menu_order":0,"comment_status":"closed","ping_status":"closed","template":"visual-builder-template.php","meta":{"footnotes":""},"class_list":["post-6686","page","type-page","status-publish","hentry"],"_links":{"self":[{"href":"https:\/\/photographiesandmore.de\/en\/wp-json\/wp\/v2\/pages\/6686","targetHints":{"allow":["GET"]}}],"collection":[{"href":"https:\/\/photographiesandmore.de\/en\/wp-json\/wp\/v2\/pages"}],"about":[{"href":"https:\/\/photographiesandmore.de\/en\/wp-json\/wp\/v2\/types\/page"}],"author":[{"embeddable":true,"href":"https:\/\/photographiesandmore.de\/en\/wp-json\/wp\/v2\/users\/1"}],"replies":[{"embeddable":true,"href":"https:\/\/photographiesandmore.de\/en\/wp-json\/wp\/v2\/comments?post=6686"}],"version-history":[{"count":5,"href":"https:\/\/photographiesandmore.de\/en\/wp-json\/wp\/v2\/pages\/6686\/revisions"}],"predecessor-version":[{"id":7008,"href":"https:\/\/photographiesandmore.de\/en\/wp-json\/wp\/v2\/pages\/6686\/revisions\/7008"}],"wp:attachment":[{"href":"https:\/\/photographiesandmore.de\/en\/wp-json\/wp\/v2\/media?parent=6686"}],"curies":[{"name":"wp","href":"https:\/\/api.w.org\/{rel}","templated":true}]}}