{"id":4790,"date":"2018-05-21T13:07:14","date_gmt":"2018-05-21T11:07:14","guid":{"rendered":"https:\/\/photographiesandmore.de\/?page_id=4790"},"modified":"2018-10-18T11:20:00","modified_gmt":"2018-10-18T09:20:00","slug":"datenschutzerklaerung","status":"publish","type":"page","link":"https:\/\/photographiesandmore.de\/en\/datenschutzerklaerung\/","title":{"rendered":"Datenschutzerkl\u00e4rung"},"content":{"rendered":"<section id=\"section-69d009535786f\" class=\"fw-main-row  auto\" style=\"   \"  >\n\t\t<div class=\"fw-container\">\n\t\t<div class=\"fw-row\">\n\t\n<div id=\"column-69d0095358010\" class=\"fw-col-sm-12\" style=\" \">\n        <div class=\"fw-col-inner\" >\n\t\t<div class=\"fw-heading fw-heading-h2 fw-heading-left\">\n\t\t\t<h2 class=\"fw-special-title fw_theme_text_color_1\" >Datenschutzerkl\u00e4rung<\/h2>\n\t\t\t<\/div>\t<\/div>\n<\/div><\/div>\n\n<div class=\"fw-row\">\n\t\n<div id=\"column-69d0095359135\" class=\"fw-col-sm-12\" style=\" \">\n        <div class=\"fw-col-inner\" >\n\t\t<div class=\"fw-text-box\">\n    <div class=\"fw-text-inner\">\n        <p>Die Adresse dieser Website ist: <strong>https:\/\/photographiesandmore.de<\/strong>.<\/p><p>Vielen Dank f\u00fcr Ihr Interesse an meiner Website. Der Schutz Ihrer Privatsph\u00e4re ist f\u00fcr mich sehr wichtig. Nachstehend informiere ich Sie ausf\u00fchrlich \u00fcber den Umgang mit Ihren Daten.<\/p><p><strong>Erhebung, Verarbeitung und Nutzung personenbezogener Daten<\/strong><\/p><p>Sie k\u00f6nnen diese Seite besuchen, ohne Angaben zu Ihrer Person zu machen.<\/p><p>Auf dieser Webseite werden f\u00fcr die Bestellabwicklung Ihres Kaufs Ihre Daten erhoben, gespeichert\u00a0 und verarbeitet. Personenbezogene Daten werden erhoben, wenn Sie uns diese im Rahmen Ihrer Warenbestellung oder bei Er\u00f6ffnung eines Kundenkontos freiwillig mitteilen.<\/p><p>Eine Weitergabe Ihrer personenbezogenen Daten ist im Rahmen der Ausf\u00fchrung eines Auftrags in keinster Weise notwendig.<\/p><p><strong>Datensicherheit<\/strong><\/p><p>Ihre Zahlungsdaten werden im Bestellprozess verschl\u00fcsselt \u00fcber das Internet \u00fcbertragen. Sie sollten Ihre Zugangsinformationen stets vertraulich behandeln und das Browserfenster schlie\u00dfen, wenn Sie die Kommunikation beendet haben, insbesondere wenn Sie den Computer gemeinsam mit anderen nutzen.<\/p><p><strong>Kommentare<\/strong><\/p><p>Wenn Besucher Kommentare auf der Website schreiben, sammeln wir die Daten, die im Kommentar-Formular angezeigt werden, au\u00dferdem die IP-Adresse des Besuchers und den User-Agent-String (damit wird der Browser identifiziert), um die Erkennung von Spam zu unterst\u00fctzen.<\/p><p>Aus deiner E-Mail-Adresse kann eine anonymisierte Zeichenfolge erstellt (auch Hash genannt) und dem Gravatar-Dienst \u00fcbergeben werden, um zu pr\u00fcfen, ob du diesen benutzt. Die Datenschutzerkl\u00e4rung des Gravatar-Dienstes findest du hier: https:\/\/automattic.com\/privacy\/. Nachdem dein Kommentar freigegeben wurde, ist dein Profilbild \u00f6ffentlich im Kontext deines Kommentars sichtbar.<\/p><p><strong>Auskunftsrecht<\/strong><\/p><p>Nach dem Bundesdatenschutzgesetz haben Sie ein Recht auf unentgeltliche Ausk\u00fcnfte \u00fcber Ihre gespeicherten Daten sowie ggf. ein Recht auf Berichtigung, Sperrung oder L\u00f6schung dieser Daten.<\/p><p><strong>Kontaktformulare<\/strong><\/p><p><strong>Cookies<\/strong><\/p><p>Falls Sie ein Konto haben und Sie sich auf dieser Website anmelden, wird ein tempor\u00e4res Cookie gesetzt, um festzustellen, ob dein Browser Cookies akzeptiert. Dieses Cookie enth\u00e4lt keine personenbezogenen Daten und wird verworfen, wenn Sie den Browser wieder schlie\u00dfen.<\/p><p>Wenn Sie sich neu in einem Kundenkonto anmelden, werden wir einige Cookies einrichten, um deine Anmeldeinformationen und Anzeigeoptionen zu speichern. Anmelde-Cookies verfallen nach zwei Tagen und Cookies f\u00fcr die Anzeigeoptionen nach einem Jahr. Falls Sie bei der Anmeldung \u201eAngemeldet bleiben\u201c ausw\u00e4hlen, wird Ihre Anmeldung zwei Wochen lang aufrechterhalten. Mit der Abmeldung aus Ihrem Konto werden die Anmelde-Cookies gel\u00f6scht.<\/p><p><strong>Eingebettete Inhalte von anderen Websites<\/strong><\/p><p>Beitr\u00e4ge auf dieser Website k\u00f6nnen eingebettete Inhalte beinhalten (z.\u00a0B. Videos, Bilder, Beitr\u00e4ge etc.). Eingebettete Inhalte von anderen Websites verhalten sich exakt so, als ob der Besucher die andere Website besucht h\u00e4tte.<\/p><p>Diese Websites k\u00f6nnen Daten \u00fcber die Besucher sammeln, Cookies benutzen, zus\u00e4tzliche Tracking-Dienste von Dritten einbetten und Ihre Interaktion mit diesem eingebetteten Inhalt aufzeichnen, inklusive Ihrer Interaktion mit dem eingebetteten Inhalt, falls Sie ein Konto hast und auf dieser Website angemeldet sind.<\/p><p><strong>Verwendung von Facebook Social Plugins<\/strong><\/p><p>Diese Website verwendet sogenannte Social Plugins (\"Plugins\") des sozialen Netzwerkes Facebook, das von der Facebook Inc., 1601 S. California Ave, Palo Alto, CA 94304, USA (\"Facebook\") betrieben wird. Die Plugins sind mit einem Facebook-Logo oder dem Zusatz \"Soziales Plug-in von Facebook\" bzw. \"Facebook Social Plugin\" gekennzeichnet. Eine \u00dcbersicht \u00fcber die Facebook Plugins und deren Aussehen finden Sie hier: <a href=\"https:\/\/developers.facebook.com\/docs\/plugins?locale=de_DE\">https:\/\/developers.facebook.com\/docs\/plugins?locale=de_DE<\/a>.\u00a0 \u00a0Wenn Sie eine Seite unseres Webauftritts aufrufen, die ein solches Plugin enth\u00e4lt, baut Ihr Browser eine direkte Verbindung mit den Servern von Facebook auf. Der Inhalt des Plugins wird von Facebook direkt an Ihren Browser \u00fcbermittelt und von diesem in die Webseite eingebunden. Durch die Einbindung der Plugins erh\u00e4lt Facebook die Information, dass Ihr Browser die entsprechende Seite unseres Webauftritts aufgerufen hat, auch wenn Sie kein Facebook-Konto besitzen oder gerade nicht bei Facebook eingeloggt sind. Diese Information (einschlie\u00dflich Ihrer IP-Adresse) wird von Ihrem Browser direkt an einen Server von Facebook in den USA \u00fcbermittelt und dort gespeichert. Sind Sie bei Facebook eingeloggt, kann Facebook den Besuch unserer Website Ihrem Facebook-Konto direkt zuordnen. Wenn Sie mit den Plugins interagieren, zum Beispiel den \"Gef\u00e4llt mir\"-Button bet\u00e4tigen oder einen Kommentar abgeben, wird die entsprechende Information ebenfalls direkt an einen Server von Facebook \u00fcbermittelt und dort gespeichert. Die Informationen werden zudem auf Facebook ver\u00f6ffentlicht und Ihren Facebook-Freunden angezeigt. Facebook kann diese Informationen zum Zwecke der Werbung, Marktforschung und bedarfsgerechten Gestaltung der Facebook-Seiten benutzen. Hierzu werden von Facebook Nutzungs-, Interessen- und Beziehungsprofile erstellt, z. B. um Ihre Nutzung unserer Website im Hinblick auf die Ihnen bei Facebook eingeblendeten Werbeanzeigen auszuwerten, andere Facebook-Nutzer \u00fcber Ihre Aktivit\u00e4ten auf unserer Website zu informieren und um weitere mit der Nutzung von Facebook verbundene Dienstleistungen zu erbringen. Wenn Sie nicht m\u00f6chten, dass Facebook die \u00fcber unseren Webauftritt gesammelten Daten Ihrem Facebook-Konto zuordnet, m\u00fcssen Sie sich vor Ihrem Besuch unserer Website bei Facebook ausloggen. Zweck und Umfang der Datenerhebung und die weitere Verarbeitung und Nutzung der Daten durch Facebook sowie Ihre diesbez\u00fcglichen Rechte und Einstellungsm\u00f6glichkeiten zum Schutz Ihrer Privatsph\u00e4re entnehmen Sie bitte den Datenschutzhinweisen von Facebook:\u00a0<a href=\"http:\/\/www.facebook.com\/policy.php\">http:\/\/www.facebook.com\/policy.php<\/a><\/p><p><strong>Analysedienste<\/strong><br \/>Es sind auf dieser Webseite keine Analysedienste installiert.<\/p><p><strong>Wie lange wir deine Daten speichern<\/strong><br \/>Jedes angelegte Konto kann selbst vom Konto-Anleger wieder gel\u00f6scht werden. Bei Fragen zur Erhebung, Verarbeitung oder Nutzung Ihrer personenbezogener Daten, bei Ausk\u00fcnften, Berichtigung, Sperrung oder L\u00f6schung von Daten sowie Widerruf erteilter Einwilligungen wenden Sie sich bitte an:<br \/>info(at)photographiesandmore.de<\/p><p>F\u00fcr Benutzer, die sich auf unserer Website registrieren, speichern wir zus\u00e4tzlich die pers\u00f6nlichen Informationen, die sie in ihren Benutzerprofilen angeben. Alle Benutzer k\u00f6nnen jederzeit ihre pers\u00f6nlichen Informationen einsehen, ver\u00e4ndern oder l\u00f6schen (der Benutzername kann nicht ver\u00e4ndert werden). Administratoren der Website k\u00f6nnen diese Informationen ebenfalls einsehen und ver\u00e4ndern.<\/p>    <\/div>\n<\/div>\t<\/div>\n<\/div><\/div>\n\n<div class=\"fw-row\">\n\t\n<div id=\"column-69d009535b928\" class=\"fw-col-sm-12\" style=\" \">\n        <div class=\"fw-col-inner\" >\n\t\t<div class=\"fw-text-box\">\n    <div class=\"fw-text-inner\">\n        <p><strong>Verwendung von WooCommerce im Shop<\/strong><\/p><p>WooCommerce sammelt Informationen \u00fcber Sie w\u00e4hrend des Kaufvorgangs in unserem Shop.<\/p><p>W\u00e4hrend Sie unsere Webseite besuchen, werden wir verfolgen:<\/p><p>Von Ihnen angesehene Produkte: Damit zeigen wir Ihnen beispielsweise Produkte an, die Sie k\u00fcrzlich angesehen haben.<br \/>Lieferadresse: Wir werden Sie bitten, diese einzugeben, um damit den Versand an Sie durchf\u00fchren zu k\u00f6nnen.<br \/>Es kommen nur zwei Versandarten (Versand in D und USA) im Shop in Frage und diese sind bereits auf die Produkte abgestimmt. Das hei\u00dft, die Produkte werden bereits im Shop doppelt angeboten, f\u00fcr jede Versandart separat.<br \/>Wir verwenden auch Cookies, um den Inhalt des Einkaufswagens zu verfolgen, w\u00e4hrend Sie unsere Website durchsuchen.<\/p><p>Wenn Sie bei uns einkaufen, werden wir Sie bitten, Informationen wie Ihren Namen, Ihre Rechnungsadresse, Lieferadresse, E-Mail-Adresse, Telefonnummer, Zahlungsdetails und optionale Kontoinformationen wie Benutzername und Passwort anzugeben. Wir verwenden diese Informationen f\u00fcr Zwecke wie:<br \/>Wenn Sie ein Konto erstellen, speichern wir Ihren Namen, Ihre Adresse, Ihre E-Mail-Adresse und Ihre Telefonnummer, um die Bestellung f\u00fcr zuk\u00fcnftige Bestellungen auszuf\u00fcllen.<\/p><p>Wir speichern grunds\u00e4tzlich Informationen \u00fcber Sie, solange wir die Informationen f\u00fcr die Zwecke ben\u00f6tigen, f\u00fcr die wir sie erfassen und verwenden, und wir sind gesetzlich nicht verpflichtet, sie weiter zu speichern. Dazu geh\u00f6ren Ihr Name, Ihre E-Mail-Adresse und Ihre Rechnungs- und Lieferadresse.<\/p><p>Wir speichern auch Kommentare oder Bewertungen, wenn Sie diese veranlassen m\u00f6chten.<\/p><p>Wer hat Zugang zu den gespeicherten Daten<br \/>Der Eigner dieser Seite ist zugleich der Administrator und hat  Zugang zu den Informationen, die Sie uns zur Verf\u00fcgung stellen:<br \/>Bestellinformationen wie zum Beispiel was gekauft wurde, wann es gekauft wurde und wohin es gesendet werden sollte, und<br \/>Kundeninformationen wie Name, E-Mail-Adresse sowie Rechnungs- und Versandinformationen.<br \/>Der Administartor hat Zugriff auf diese Informationen, um Bestellungen zu bearbeiten, R\u00fcckerstattungen vorzunehmen und Sie zu unterst\u00fctzen.<\/p><p>Was wir mit anderen teilen<br \/>In diesem Abschnitt sollten Sie angeben, mit wem Sie Daten teilen und zu welchem  Zweck. Dies kann unter anderem Analytics, Marketing, Zahlungsgateways, Versandanbieter und Drittanbieter-Embeds umfassen.<\/p><p>Wir teilen Informationen mit Dritten, die uns helfen, Ihnen unsere Bestellungen und Dienstleistungen anzubieten. <\/p><p>Wir akzeptieren Zahlungen \u00fcber PayPal. Bei der Zahlungsabwicklung werden einige Ihrer Daten an PayPal \u00fcbermittelt, einschlie\u00dflich der Informationen, die f\u00fcr die Verarbeitung oder Unterst\u00fctzung der Zahlung erforderlich sind, z. B. die Summe des Kaufbetrags und die Zahlungsinformationen.<\/p><p>Weitere Informationen finden Sie in der PayPal-Datenschutzrichtlinie.<\/p>    <\/div>\n<\/div>\t<\/div>\n<\/div><\/div>\n\n\t<\/div>\n<\/section>","protected":false},"excerpt":{"rendered":"<p>Datenschutzerkl\u00e4rung Die Adresse dieser Website ist: https:\/\/photographiesandmore.de.Vielen Dank f\u00fcr Ihr Interesse an meiner Website. Der Schutz Ihrer Privatsph\u00e4re ist f\u00fcr mich sehr wichtig. Nachstehend informiere ich Sie ausf\u00fchrlich \u00fcber den Umgang mit Ihren Daten.Erhebung, Verarbeitung und Nutzung personenbezogener DatenSie k\u00f6nnen diese Seite besuchen, ohne Angaben zu Ihrer Person zu machen.Auf dieser Webseite werden f\u00fcr die [&hellip;]<\/p>\n","protected":false},"author":1,"featured_media":0,"parent":0,"menu_order":0,"comment_status":"closed","ping_status":"closed","template":"visual-builder-template.php","meta":{"footnotes":""},"class_list":["post-4790","page","type-page","status-publish","hentry"],"_links":{"self":[{"href":"https:\/\/photographiesandmore.de\/en\/wp-json\/wp\/v2\/pages\/4790","targetHints":{"allow":["GET"]}}],"collection":[{"href":"https:\/\/photographiesandmore.de\/en\/wp-json\/wp\/v2\/pages"}],"about":[{"href":"https:\/\/photographiesandmore.de\/en\/wp-json\/wp\/v2\/types\/page"}],"author":[{"embeddable":true,"href":"https:\/\/photographiesandmore.de\/en\/wp-json\/wp\/v2\/users\/1"}],"replies":[{"embeddable":true,"href":"https:\/\/photographiesandmore.de\/en\/wp-json\/wp\/v2\/comments?post=4790"}],"version-history":[{"count":36,"href":"https:\/\/photographiesandmore.de\/en\/wp-json\/wp\/v2\/pages\/4790\/revisions"}],"predecessor-version":[{"id":4973,"href":"https:\/\/photographiesandmore.de\/en\/wp-json\/wp\/v2\/pages\/4790\/revisions\/4973"}],"wp:attachment":[{"href":"https:\/\/photographiesandmore.de\/en\/wp-json\/wp\/v2\/media?parent=4790"}],"curies":[{"name":"wp","href":"https:\/\/api.w.org\/{rel}","templated":true}]}}