{"id":4319,"date":"2018-05-21T13:18:26","date_gmt":"2018-05-21T11:18:26","guid":{"rendered":"https:\/\/photographiesandmore.de\/?page_id=4319"},"modified":"2018-05-21T13:18:26","modified_gmt":"2018-05-21T11:18:26","slug":"agb","status":"publish","type":"page","link":"https:\/\/photographiesandmore.de\/en\/agb\/","title":{"rendered":"Allgemeinen Gesch\u00e4ftsbedingungen (AGB)"},"content":{"rendered":"<section id=\"section-69ec3026d5053\" class=\"fw-main-row  auto\" style=\"   \"  >\n\t\t<div class=\"fw-container\">\n\t\t<div class=\"fw-row\">\n\t\n<div id=\"column-69ec3026d57ee\" class=\"fw-col-sm-12\" style=\" \">\n        <div class=\"fw-col-inner\" >\n\t\t<div class=\"fw-heading fw-heading-h4 fw-heading-left\">\n\t\t\t<h4 class=\"fw-special-title fw_theme_text_color_1\" >Allgemeine Gesch\u00e4ftsbedingungen<\/h4>\n\t\t\t<\/div>\t<\/div>\n<\/div><\/div>\n\n<div class=\"fw-row\">\n\t\n<div id=\"column-69ec3026d6b8e\" class=\"fw-col-sm-12\" style=\" \">\n        <div class=\"fw-col-inner\" >\n\t\t<div class=\"fw-text-box\">\n    <div class=\"fw-text-inner\">\n        <p><strong>I. Allgemeines<\/strong><br \/>1. Die nachfolgenden AGB gelten f\u00fcr alle dem Fotografen, Photographies and more,\u00a0 erteilten Auftr\u00e4ge. Diese Auftr\u00e4ge gelten als vereinbart, wenn ihnen nicht umgehend widersprochen wird.<br \/>2. Alle Fotos im Sinne dieser AGB sind alle vom Fotografen hergestellten Produkte, und liegen in digitaler Form\u00a0 bzw. in Papierform (Kalender) vor.<\/p><p><strong>II. Urheberrecht<\/strong><br \/>1. Dem Fotografen steht das Urheberrecht an den Foto-Produkten nach Ma\u00dfgabe des Urheberrechtsgesetzes zu.<br \/>2. Die vom Fotografen hergestellten Foto-Produkte sind grunds\u00e4tzlich nur f\u00fcr den eigenen privaten Gebrauch des Auftraggebers bestimmt.<br \/>3. \u00dcbertr\u00e4gt der Fotograf Nutzungsrechte an seinen Foto-Produkten, ist \u2013 sofern nicht ausdr\u00fccklich etwas anderes vereinbart wurde \u2013 jeweils nur das einfache Nutzungsrecht \u00fcbertragen. Eine Weitergabe von Nutzungsrechten bedarf der besonderen Vereinbarung.<br \/>4. Die Nutzungsrechte gehen erst nach vollst\u00e4ndiger Bezahlung des Auftrages an den Fotografen an den Auftraggeber \u00fcber.<br \/>5. Der Auftraggeber hat kein Recht, erworbene Fotos zu vervielf\u00e4ltigen und zum Beispiel online zu verbreiten, wenn nicht die entsprechenden Nutzungsrechte \u00fcbertragen worden sind.<br \/>6.\u00a0Bei einer Verwendung der Fotos online, zBsp.\u00a0 in Sozialen Medien,\u00a0 und f\u00fcr Printmedien jeglicher Art (f\u00fcr den privaten Gebrauch)\u00a0 ist der Fotograf, als Urheber der Fotos zu nennen. Eine Verletzung des Rechts auf Namensnennung berechtigt den Fotografen zum Schadensersatz.<br \/>7. Die Roh-Daten (RAW-Fotos) verbleiben beim Fotografen. Eine Herausgabe der Roh-Daten (unbearbeitete Bilder) an den Auftraggeber erfolgt grunds\u00e4tzlich nicht.<\/p><p><strong>III. Verg\u00fctung, Eigentumsvorbehalt<\/strong><br \/>1. F\u00fcr die Herstellung der Fotos gilt der vereinbarte Stundensatz bzw. eine vereinbarte Aufwandspauschale. Entsprechend Kleinunternehmerregelung\u00a0 nach \u00a719 des UStG wird keine Umsatzsteuer erhoben. Nebenkosten, wie Anfahrtskosten und sonstige vereinbarte Zusatzleistungen sind vom Auftraggeber zu tragen.<br \/>2. Alle vereinbarten Termine bed\u00fcrfen einer Vorauszahlung des Foto-Shootings-Stundensatzes. Die entstandenen Foto-Produkte zahlt der Auftraggeber nach seiner Bild-Auswahl und Erhalt der Rechnung.<br \/>3. F\u00e4llige Rechnungen sind sp\u00e4testens 14 (in Worten: vierzehn) Tage nach Zugang einer Rechnung oder gleichwertigen Zahlungsaufforderung zu begleichen.<br \/>4. Bis zur vollst\u00e4ndigen Bezahlung des Kaufpreises bleiben die gelieferten Foto-Produkte vollst\u00e4ndiges Eigentum des Fotografen.<br \/>5. Der Auftraggeber hat sich vor der Beauftragung mit dem Bearbeitungs-Stil und -Layout der Foto-Produkte des Fotografen vertraut gemacht und ist bei Beauftragung mit dessen Stil und Bildbearbeitung einverstanden. Der Auftraggeber kann dem Fotografen vor der  Bearbeitung gern seine W\u00fcnsche hinsichtlich der Gestaltung der Foto-Produkte mitteilen, jedoch liegt die Umsetzung dessen in der Erw\u00e4gung der M\u00f6glichkeiten und im Ermessen des Fotografen. Sp\u00e4tere Reklamationen bez\u00fcglich der Bildauffassung sowie der k\u00fcnstlerisch-technischen Gestaltung ausgeschlossen.<\/p><p><strong>IV. Haftung<\/strong><br \/>1. F\u00fcr die Verletzung von Pflichten, die nicht in unmittelbarem Zusammenhang mit wesentlichen Vertragspflichten stehen, haftet der Fotograf f\u00fcr sich und seine Erf\u00fcllungsgehilfen nur bei Vorsatz und grober Fahrl\u00e4ssigkeit.<br \/>2 . Der Fotograf verwahrt die digitalen Foto-Produkte sorgf\u00e4ltig. Er ist berechtigt, aber nicht verpflichtet, diese von ihm aufbewahrte digitalen Foto-Produkte nach zwei Jahren seit Beendigung des Auftrags zu l\u00f6schen.<\/p><p><strong>V. Datenschutz<\/strong><br \/>Zum Gesch\u00e4ftsverkehr erforderliche personenbezogene Daten des Auftraggebers k\u00f6nnen gespeichert werden. Der Fotograf verpflichtet sich, alle ihm im Rahmen des Auftrages bekannt gewordenen Informationen vertraulich zu behandeln.<\/p>    <\/div>\n<\/div>\t<\/div>\n<\/div><\/div>\n\n\t<\/div>\n<\/section>","protected":false},"excerpt":{"rendered":"<p>Allgemeine Gesch\u00e4ftsbedingungen I. Allgemeines1. Die nachfolgenden AGB gelten f\u00fcr alle dem Fotografen, Photographies and more,\u00a0 erteilten Auftr\u00e4ge. Diese Auftr\u00e4ge gelten als vereinbart, wenn ihnen nicht umgehend widersprochen wird.2. Alle Fotos im Sinne dieser AGB sind alle vom Fotografen hergestellten Produkte, und liegen in digitaler Form\u00a0 bzw. in Papierform (Kalender) vor.II. Urheberrecht1. Dem Fotografen steht das [&hellip;]<\/p>\n","protected":false},"author":1,"featured_media":0,"parent":0,"menu_order":0,"comment_status":"closed","ping_status":"closed","template":"visual-builder-template.php","meta":{"footnotes":""},"class_list":["post-4319","page","type-page","status-publish","hentry"],"_links":{"self":[{"href":"https:\/\/photographiesandmore.de\/en\/wp-json\/wp\/v2\/pages\/4319","targetHints":{"allow":["GET"]}}],"collection":[{"href":"https:\/\/photographiesandmore.de\/en\/wp-json\/wp\/v2\/pages"}],"about":[{"href":"https:\/\/photographiesandmore.de\/en\/wp-json\/wp\/v2\/types\/page"}],"author":[{"embeddable":true,"href":"https:\/\/photographiesandmore.de\/en\/wp-json\/wp\/v2\/users\/1"}],"replies":[{"embeddable":true,"href":"https:\/\/photographiesandmore.de\/en\/wp-json\/wp\/v2\/comments?post=4319"}],"version-history":[{"count":22,"href":"https:\/\/photographiesandmore.de\/en\/wp-json\/wp\/v2\/pages\/4319\/revisions"}],"predecessor-version":[{"id":4815,"href":"https:\/\/photographiesandmore.de\/en\/wp-json\/wp\/v2\/pages\/4319\/revisions\/4815"}],"wp:attachment":[{"href":"https:\/\/photographiesandmore.de\/en\/wp-json\/wp\/v2\/media?parent=4319"}],"curies":[{"name":"wp","href":"https:\/\/api.w.org\/{rel}","templated":true}]}}