{"id":4268,"date":"2017-11-22T20:00:41","date_gmt":"2017-11-22T19:00:41","guid":{"rendered":"https:\/\/photographiesandmore.de\/?page_id=4268"},"modified":"2022-03-22T07:55:18","modified_gmt":"2022-03-22T06:55:18","slug":"fisheye","status":"publish","type":"page","link":"https:\/\/photographiesandmore.de\/en\/fisheye\/","title":{"rendered":"FISHEYE"},"content":{"rendered":"<section id=\"section-69ec3013d5168\" class=\" fw-main-row  auto  \" style=\"   \"  >\n\t\t<div class=\"fw-container\">\n\t\t<div class=\"fw-row\">\n\t\n<div id=\"column-69ec3013d58d5\" class=\" fw-col-sm-12  \" style=\" \">\n        <div class=\"fw-col-inner\" >\n\t\t<div class=\"fw-heading fw-heading-h2 fw-heading-center \">\n\t\t\t<h2 class=\"fw-special-title fw_theme_text_color_1\" >Cam & Fisheye Objektiv<\/h2>\n\t\t\t<\/div>\t<\/div>\n<\/div><\/div>\n\n<div class=\"fw-row\">\n\t\n<div id=\"column-69ec3013d6803\" class=\" fw-col-sm-12  \" style=\" \">\n        <div class=\"fw-col-inner\" >\n\t\t<div class=\"fw-divider-space space-md\"  ><\/div>\t<\/div>\n<\/div><\/div>\n\n<div class=\"fw-row\">\n\t\n<div id=\"column-69ec3013d7570\" class=\" fw-col-sm-12  \" style=\" \">\n        <div class=\"fw-col-inner\" >\n\t\t<div class=\"fw-text-box \">\n    <div class=\"fw-text-inner\">\n        <p>Alle Fotos sind mit dem Pentax 10-17mm Fisheye entstanden.<\/p>    <\/div>\n<\/div>\t<\/div>\n<\/div><\/div>\n\n<div class=\"fw-row\">\n\t\n<div id=\"column-69ec3013d8275\" class=\" fw-col-sm-12  \" style=\" \">\n        <div class=\"fw-col-inner\" >\n\t\t<div class=\"fw-col-inner\">\n    <div class=\"fw-portfolio fw-portfolio-1 fw-portfolio-cols-3  fw-portfolio-landscape\">\n                            <div class=\"row fw-portfolio-wrapper\">\n                <ul id=\"fw-portfolio-list-69ec3013d8605\" class=\"fw-portfolio-list clearfix\">\n                    <li data-category=\"landscape, fisheye, portfolio-haupt, \">\n    <div class=\"fw-image-relative fw-ratio-container fw-ratio-16-9\">\n        <a href=\"https:\/\/photographiesandmore.de\/en\/project\/autumn\/\" class=\"fw-portfolio-image\">\n            <noscript><img decoding=\"async\" src=\"https:\/\/photographiesandmore.de\/wp-content\/uploads\/2017\/11\/IMGP3462-1.jpg\" alt=\"IMGP3462\"><\/noscript><img decoding=\"async\" src=\"data:image\/gif;base64,R0lGODlhAQABAIAAAAAAAP\/\/\/yH5BAEAAAAALAAAAAABAAEAAAIBRAA7\" data-sizes=\"auto\" data-maxdpr=\"1.7\" data-fwimgpath=\"https:\/\/photographiesandmore.de\/wp-content\/uploads\/2017\/11\/\" data-srcset=\"IMGP3462-1.jpg 1920w\" data-srcfw-ratio-1=\"IMGP3462-1-150x150.jpg 150w, IMGP3462-1-800x800.jpg 800w, IMGP3462-1-300x300.jpg 300w, IMGP3462-1-300x300.jpg 300w, IMGP3462-1-100x100.jpg 100w, IMGP3462-1-300x300.jpg 300w, IMGP3462-1-100x100.jpg 100w\" data-srcfw-ratio-16-9=\"IMGP3462-1-300x169.jpg 300w, IMGP3462-1-768x432.jpg 768w, IMGP3462-1-1024x576.jpg 1024w, IMGP3462-1-1228x691.jpg 1228w, IMGP3462-1-614x346.jpg 614w, IMGP3462-1-295x166.jpg 295w, IMGP3462-1-590x332.jpg 590w, IMGP3462-1-300x169.jpg 300w, IMGP3462-1-300x169.jpg 300w, IMGP3462-1.jpg 1920w\" data-srcfw-ratio-9-16=\"IMGP3462-1-295x524.jpg 295w, IMGP3462-1-590x1048.jpg 590w\" data-srcfw-ratio-3-4=\"IMGP3462-1-295x393.jpg 295w, IMGP3462-1-590x786.jpg 590w\"   alt=\"IMGP3462\" class=\"lazyload\" \/>            <span class=\"fw-portfolio-zoom\"><\/span>\n            <div class=\"fw-portfolio-overlay\">\n                <div class=\"fw-itable\">\n                    <div class=\"fw-icell\">\n                        <span class=\"fw-portfolio-title\">Sun &#038; Leavs<\/span>\n                        <span class=\"fw-portfolio-description\"><p>Herstlicher Ausflug auf den PfaffenbergEine herrliche Aussicht bis in das Erzgebirge hat man immer vom Pfaffenberg in HOT. Lohnenswerter Ausflug bei so einem Sonnenuntergang. Die\u00a0 wundersch\u00f6ne Aussicht in Richtung Lugau oder auch \u00fcber die Felder in Richtung W\u00fcstenbrand habe ich hier versucht, festzuhalten.Eingefangen mit dem Fisheye Objektiv &#8230;<\/p>\n<\/span>\n                        <span class=\"fw-number-photo\">9 Photos<\/span>\n                    <\/div>\n                <\/div>\n            <\/div>\n        <\/a>\n    <\/div>\n<\/li><li data-category=\"fisheye, lost-places, portfolio-haupt, \">\n    <div class=\"fw-image-relative fw-ratio-container fw-ratio-16-9\">\n        <a href=\"https:\/\/photographiesandmore.de\/en\/project\/alte-fabrik\/\" class=\"fw-portfolio-image\">\n            <noscript><img decoding=\"async\" src=\"https:\/\/photographiesandmore.de\/wp-content\/uploads\/2017\/10\/IMGP3511.jpg\" alt=\"IMGP3511\"><\/noscript><img decoding=\"async\" src=\"data:image\/gif;base64,R0lGODlhAQABAIAAAAAAAP\/\/\/yH5BAEAAAAALAAAAAABAAEAAAIBRAA7\" data-sizes=\"auto\" data-maxdpr=\"1.7\" data-fwimgpath=\"https:\/\/photographiesandmore.de\/wp-content\/uploads\/2017\/10\/\" data-srcset=\"IMGP3511.jpg 1920w\" data-srcfw-ratio-1=\"IMGP3511-150x150.jpg 150w, IMGP3511-800x800.jpg 800w, IMGP3511-300x300.jpg 300w, IMGP3511-300x300.jpg 300w, IMGP3511-100x100.jpg 100w, IMGP3511-300x300.jpg 300w, IMGP3511-100x100.jpg 100w\" data-srcfw-ratio-16-9=\"IMGP3511-300x169.jpg 300w, IMGP3511-768x432.jpg 768w, IMGP3511-1024x576.jpg 1024w, IMGP3511-1228x691.jpg 1228w, IMGP3511-614x346.jpg 614w, IMGP3511-295x166.jpg 295w, IMGP3511-590x332.jpg 590w, IMGP3511-300x169.jpg 300w, IMGP3511-300x169.jpg 300w, IMGP3511.jpg 1920w\" data-srcfw-ratio-9-16=\"IMGP3511-295x524.jpg 295w, IMGP3511-590x1048.jpg 590w\" data-srcfw-ratio-3-4=\"IMGP3511-295x393.jpg 295w, IMGP3511-590x786.jpg 590w\"   alt=\"IMGP3511\" class=\"lazyload\" \/>            <span class=\"fw-portfolio-zoom\"><\/span>\n            <div class=\"fw-portfolio-overlay\">\n                <div class=\"fw-itable\">\n                    <div class=\"fw-icell\">\n                        <span class=\"fw-portfolio-title\">Alte Fabrik I<\/span>\n                        <span class=\"fw-portfolio-description\"><p>Industriebrache I Irgendwo im Nirgendwo Was ist \u00fcbrig geblieben vom einstigen\u00a0&#8222;S\u00e4chsischen Manchester&#8220;?&#8230; einst eine bl\u00fchende Industrialisierung, die den damit verbundenen Wohlstand brachte.Interessant sich dann vorzustellen, wie hier fr\u00fcher in\u00a0 den gro\u00dfen Industriebauten gearbeitet wurde.Zur\u00fccklehnen und den Slider machen lassen.\u00a0Der Slider f\u00fchrt automatisch und flott durch die Galerie, ggf. bei Problemen die Seite nochmal neu laden. [&hellip;]<\/p>\n<\/span>\n                        <span class=\"fw-number-photo\">0 Photos<\/span>\n                    <\/div>\n                <\/div>\n            <\/div>\n        <\/a>\n    <\/div>\n<\/li><li data-category=\"fisheye, lost-places, portfolio-haupt, \">\n    <div class=\"fw-image-relative fw-ratio-container fw-ratio-16-9\">\n        <a href=\"https:\/\/photographiesandmore.de\/en\/project\/goerlitz\/\" class=\"fw-portfolio-image\">\n            <noscript><img decoding=\"async\" src=\"https:\/\/photographiesandmore.de\/wp-content\/uploads\/2017\/11\/IMGP0968.jpg\" alt=\"IMGP0968\"><\/noscript><img decoding=\"async\" src=\"data:image\/gif;base64,R0lGODlhAQABAIAAAAAAAP\/\/\/yH5BAEAAAAALAAAAAABAAEAAAIBRAA7\" data-sizes=\"auto\" data-maxdpr=\"1.7\" data-fwimgpath=\"https:\/\/photographiesandmore.de\/wp-content\/uploads\/2017\/11\/\" data-srcset=\"IMGP0968.jpg 1277w\" data-srcfw-ratio-1=\"IMGP0968-300x300.jpg 300w, IMGP0968-100x100.jpg 100w, IMGP0968-150x150.jpg 150w, IMGP0968-100x100.jpg 100w, IMGP0968-300x300.jpg 300w, IMGP0968-800x800.jpg 800w, IMGP0968-300x300.jpg 300w\" data-srcfw-ratio-2-3=\"IMGP0968-300x451.jpg 300w, IMGP0968-200x300.jpg 200w, IMGP0968-768x1155.jpg 768w, IMGP0968-681x1024.jpg 681w, IMGP0968-300x451.jpg 300w, IMGP0968.jpg 1277w\" data-srcfw-ratio-16-9=\"IMGP0968-1228x691.jpg 1228w, IMGP0968-614x346.jpg 614w, IMGP0968-295x166.jpg 295w, IMGP0968-590x332.jpg 590w\" data-srcfw-ratio-9-16=\"IMGP0968-295x524.jpg 295w, IMGP0968-590x1048.jpg 590w\" data-srcfw-ratio-3-4=\"IMGP0968-295x393.jpg 295w, IMGP0968-590x786.jpg 590w\"   alt=\"IMGP0968\" class=\"lazyload\" \/>            <span class=\"fw-portfolio-zoom\"><\/span>\n            <div class=\"fw-portfolio-overlay\">\n                <div class=\"fw-itable\">\n                    <div class=\"fw-icell\">\n                        <span class=\"fw-portfolio-title\">Tour G\u00f6rlitz<\/span>\n                        <span class=\"fw-portfolio-description\"><p>Eine Zeitreise &#8230; durch G\u00f6rlitz beim InstaWork im Rahmen des G\u00f6rlitzer FotoFestivals 2017 Der InstaWalk f\u00fchrte uns u.a. vorbei amBraunen HirschBiblischen HausRathausDreifaltigkeitskircheFreisebadehemaligen FabrikDer Slider f\u00fchrt automatisch und flott durch die Galerie, ggf. bei Problemen die Seite nochmal neu laden. Brauner Hirsch Dieser Raum wurde wohl als ehemaliger Sportraum genutzt. Brauner Hirsch &#8230; im Geb\u00e4ude Brauner [&hellip;]<\/p>\n<\/span>\n                        <span class=\"fw-number-photo\">0 Photos<\/span>\n                    <\/div>\n                <\/div>\n            <\/div>\n        <\/a>\n    <\/div>\n<\/li>                <\/ul>\n            <\/div>\n            <\/div><!-- \/.fw-portfolio -->\n<\/div>\t<\/div>\n<\/div><\/div>\n\n\t<\/div>\n<\/section>\n","protected":false},"excerpt":{"rendered":"<p>Eine Zeitreise &#8230; durch G\u00f6rlitz beim InstaWork im Rahmen des G\u00f6rlitzer FotoFestivals 2017 Der InstaWalk f\u00fchrte uns u.a. vorbei amBraunen HirschBiblischen HausRathausDreifaltigkeitskircheFreisebadehemaligen FabrikDer Slider f\u00fchrt automatisch und flott durch die Galerie, ggf. bei Problemen die Seite nochmal neu laden. Brauner Hirsch Dieser Raum wurde wohl als ehemaliger Sportraum genutzt. Brauner Hirsch &#8230; im Geb\u00e4ude Brauner [&hellip;]<\/p>\n","protected":false},"author":1,"featured_media":0,"parent":0,"menu_order":0,"comment_status":"closed","ping_status":"closed","template":"visual-builder-template.php","meta":{"footnotes":""},"class_list":["post-4268","page","type-page","status-publish","hentry"],"_links":{"self":[{"href":"https:\/\/photographiesandmore.de\/en\/wp-json\/wp\/v2\/pages\/4268","targetHints":{"allow":["GET"]}}],"collection":[{"href":"https:\/\/photographiesandmore.de\/en\/wp-json\/wp\/v2\/pages"}],"about":[{"href":"https:\/\/photographiesandmore.de\/en\/wp-json\/wp\/v2\/types\/page"}],"author":[{"embeddable":true,"href":"https:\/\/photographiesandmore.de\/en\/wp-json\/wp\/v2\/users\/1"}],"replies":[{"embeddable":true,"href":"https:\/\/photographiesandmore.de\/en\/wp-json\/wp\/v2\/comments?post=4268"}],"version-history":[{"count":3,"href":"https:\/\/photographiesandmore.de\/en\/wp-json\/wp\/v2\/pages\/4268\/revisions"}],"predecessor-version":[{"id":6933,"href":"https:\/\/photographiesandmore.de\/en\/wp-json\/wp\/v2\/pages\/4268\/revisions\/6933"}],"wp:attachment":[{"href":"https:\/\/photographiesandmore.de\/en\/wp-json\/wp\/v2\/media?parent=4268"}],"curies":[{"name":"wp","href":"https:\/\/api.w.org\/{rel}","templated":true}]}}