{"id":3450,"date":"2017-05-17T09:46:15","date_gmt":"2017-05-17T07:46:15","guid":{"rendered":"https:\/\/photographiesandmore.de\/?page_id=3450"},"modified":"2024-12-03T20:42:20","modified_gmt":"2024-12-03T19:42:20","slug":"portraits","status":"publish","type":"page","link":"https:\/\/photographiesandmore.de\/en\/portraits\/","title":{"rendered":"Portraits"},"content":{"rendered":"<p><section id=\"section-69f48354c549a\" class=\" fw-main-row-custom fw-main-row-top  fw_theme_bg_fw-custom fw-image-section fw-section-height-md  \" style=\" background-image:url(https:\/\/photographiesandmore.de\/wp-content\/uploads\/2017\/05\/wedding_horse-head.jpg); background-repeat: no-repeat; background-position: center top; background-size: cover;  \"  >\n\t\t<div class=\"fw-container\">\n\t\t<div class=\"fw-row\">\n\t\n<div id=\"column-69f48354c5a54\" class=\" fw-col-sm-12  \" style=\" \">\n        <div class=\"fw-col-inner\" >\n\t\t<div class=\"fw-heading fw-heading-h2 fw-heading-center \">\n\t\t\t<h2 class=\"fw-special-title fw_theme_text_color_4\" >Portraits<\/h2>\n\t\t\t<\/div>\t<\/div>\n<\/div><\/div>\n\n\t<\/div>\n<\/section><section id=\"section-69f48354c67c4\" class=\" fw-main-row  auto  \" style=\"   \"  >\n\t\t<div class=\"fw-container\">\n\t\t<div class=\"fw-row\">\n\t\n<div id=\"column-69f48354c6dc6\" class=\" fw-col-sm-12  \" style=\" \">\n        <div class=\"fw-col-inner\" >\n\t\t<div class=\"fw-heading fw-heading-h3 fw-heading-center \">\n\t\t\t<h3 class=\"fw-special-title fw_theme_text_color_2\" >Couple & Family & Baby & ... - Portrait Fotografie<\/h3>\n\t\t\t<\/div>\t<\/div>\n<\/div><\/div>\n\n<div class=\"fw-row\">\n\t\n<div id=\"column-69f48354c7cbc\" class=\" fw-col-sm-12  \" style=\" \">\n        <div class=\"fw-col-inner\" >\n\t\t<div class=\"fw-text-box \">\n    <div class=\"fw-text-inner\">\n        <p>ist meine vorrangige Fotografie ... und es gibt folgende 3 Vorschl\u00e4ge, wie wir Deinen Foto-Wunsch umsetzen k\u00f6nnten<\/p><ul><li><em>Outdoor<\/em> in einer sch\u00f6nen Parkanlage oder Garten, und bei sch\u00f6nem nat\u00fcrlichem Licht<\/li><li>als <em>Indoor<\/em>-Projekt, ich biete einen kleinen Raum mit Beleuchtung-Equipment (zBsp. Baby Fotografie)<\/li><li>in h\u00e4uslicher Umgebung bei Dir und ich bringe das ganze Beleuchtungs-Equipment einfach mit (zBsp. Baby Fotografie)<\/li><\/ul>    <\/div>\n<\/div>\t<\/div>\n<\/div><\/div>\n\n<div class=\"fw-row\">\n\t\n<div id=\"column-69f48354c910f\" class=\" fw-col-sm-12  \" style=\" \">\n        <div class=\"fw-col-inner\" >\n\t\t<div class=\"fw-col-inner\">\n    <div class=\"fw-portfolio fw-portfolio-1 fw-portfolio-cols-3  fw-portfolio-landscape\">\n                            <div class=\"row fw-portfolio-wrapper\">\n                <ul id=\"fw-portfolio-list-69f48354c96f8\" class=\"fw-portfolio-list clearfix\">\n                    <li data-category=\"portrait-portfolio, foto-shootings, portfolio-haupt, \">\n    <div class=\"fw-image-relative fw-ratio-container fw-ratio-16-9\">\n        <a href=\"https:\/\/photographiesandmore.de\/en\/project\/schloss-fotoshooting\/\" class=\"fw-portfolio-image\">\n            <noscript><img decoding=\"async\" src=\"https:\/\/photographiesandmore.de\/wp-content\/uploads\/2018\/05\/IMGP1918-Bearbeitet.jpg\" alt=\"IMGP1918-Bearbeitet\"><\/noscript><img decoding=\"async\" src=\"data:image\/gif;base64,R0lGODlhAQABAIAAAAAAAP\/\/\/yH5BAEAAAAALAAAAAABAAEAAAIBRAA7\" data-sizes=\"auto\" data-maxdpr=\"1.7\" data-fwimgpath=\"https:\/\/photographiesandmore.de\/wp-content\/uploads\/2018\/05\/\" data-srcset=\"IMGP1918-Bearbeitet.jpg 1920w\" data-srcfw-ratio-1=\"IMGP1918-Bearbeitet-150x150.jpg 150w, IMGP1918-Bearbeitet-800x800.jpg 800w, IMGP1918-Bearbeitet-300x300.jpg 300w, IMGP1918-Bearbeitet-300x300.jpg 300w, IMGP1918-Bearbeitet-100x100.jpg 100w, IMGP1918-Bearbeitet-300x300.jpg 300w, IMGP1918-Bearbeitet-100x100.jpg 100w\" data-srcfw-ratio-16-9=\"IMGP1918-Bearbeitet-300x169.jpg 300w, IMGP1918-Bearbeitet-768x432.jpg 768w, IMGP1918-Bearbeitet-1024x576.jpg 1024w, IMGP1918-Bearbeitet-1228x691.jpg 1228w, IMGP1918-Bearbeitet-614x346.jpg 614w, IMGP1918-Bearbeitet-295x166.jpg 295w, IMGP1918-Bearbeitet-590x332.jpg 590w, IMGP1918-Bearbeitet-300x169.jpg 300w, IMGP1918-Bearbeitet-300x169.jpg 300w, IMGP1918-Bearbeitet.jpg 1920w\" data-srcfw-ratio-9-16=\"IMGP1918-Bearbeitet-295x524.jpg 295w, IMGP1918-Bearbeitet-590x1048.jpg 590w\" data-srcfw-ratio-3-4=\"IMGP1918-Bearbeitet-295x393.jpg 295w, IMGP1918-Bearbeitet-590x786.jpg 590w\"   alt=\"IMGP1918-Bearbeitet\" class=\"lazyload\" \/>            <span class=\"fw-portfolio-zoom\"><\/span>\n            <div class=\"fw-portfolio-overlay\">\n                <div class=\"fw-itable\">\n                    <div class=\"fw-icell\">\n                        <span class=\"fw-portfolio-title\">Castle &#038;&#038;&#038; Couple<\/span>\n                        <span class=\"fw-portfolio-description\"><p>Foto Shooting bei Schloss Trebsen In einem anderen Projekt habe ich bereits Schloss Trebsen vorgestellt.Die alten Gem\u00e4uer und Schlossanlagen von Schloss Trebsen als Kulisse bei einem Foto Shooting zu nutzen, wurde allseits gut angenommen, ist es doch ein sehr ruhiger und entspannter Ort.Ein paar Behind-the-Scenes Fotos von unserem Paar-Foto-Shooting sind mir an dieser Stelle gestattet [&hellip;]<\/p>\n<\/span>\n                        <span class=\"fw-number-photo\">7 Photos<\/span>\n                    <\/div>\n                <\/div>\n            <\/div>\n        <\/a>\n    <\/div>\n<\/li><li data-category=\"portrait-portfolio, foto-shootings, portfolio-haupt, \">\n    <div class=\"fw-image-relative fw-ratio-container fw-ratio-16-9\">\n        <a href=\"https:\/\/photographiesandmore.de\/en\/project\/babybauch\/\" class=\"fw-portfolio-image\">\n            <noscript><img decoding=\"async\" src=\"https:\/\/photographiesandmore.de\/wp-content\/uploads\/2017\/07\/IMGP5263-Bearbeitet-1.jpg\" alt=\"IMGP5263-Bearbeitet\"><\/noscript><img decoding=\"async\" src=\"data:image\/gif;base64,R0lGODlhAQABAIAAAAAAAP\/\/\/yH5BAEAAAAALAAAAAABAAEAAAIBRAA7\" data-sizes=\"auto\" data-maxdpr=\"1.7\" data-fwimgpath=\"https:\/\/photographiesandmore.de\/wp-content\/uploads\/2017\/07\/\" data-srcset=\"IMGP5263-Bearbeitet-1.jpg 1920w\" data-srcfw-ratio-1=\"IMGP5263-Bearbeitet-1-150x150.jpg 150w, IMGP5263-Bearbeitet-1-800x800.jpg 800w, IMGP5263-Bearbeitet-1-300x300.jpg 300w, IMGP5263-Bearbeitet-1-300x300.jpg 300w, IMGP5263-Bearbeitet-1-100x100.jpg 100w, IMGP5263-Bearbeitet-1-300x300.jpg 300w, IMGP5263-Bearbeitet-1-100x100.jpg 100w\" data-srcfw-ratio-16-9=\"IMGP5263-Bearbeitet-1-300x169.jpg 300w, IMGP5263-Bearbeitet-1-768x432.jpg 768w, IMGP5263-Bearbeitet-1-1024x576.jpg 1024w, IMGP5263-Bearbeitet-1-1228x691.jpg 1228w, IMGP5263-Bearbeitet-1-614x346.jpg 614w, IMGP5263-Bearbeitet-1-295x166.jpg 295w, IMGP5263-Bearbeitet-1-590x332.jpg 590w, IMGP5263-Bearbeitet-1-300x169.jpg 300w, IMGP5263-Bearbeitet-1-300x169.jpg 300w, IMGP5263-Bearbeitet-1.jpg 1920w\" data-srcfw-ratio-9-16=\"IMGP5263-Bearbeitet-1-295x524.jpg 295w, IMGP5263-Bearbeitet-1-590x1048.jpg 590w\" data-srcfw-ratio-3-4=\"IMGP5263-Bearbeitet-1-295x393.jpg 295w, IMGP5263-Bearbeitet-1-590x786.jpg 590w\"   alt=\"IMGP5263-Bearbeitet\" class=\"lazyload\" \/>            <span class=\"fw-portfolio-zoom\"><\/span>\n            <div class=\"fw-portfolio-overlay\">\n                <div class=\"fw-itable\">\n                    <div class=\"fw-icell\">\n                        <span class=\"fw-portfolio-title\">Couple &#038;&#038;&#038; Baby<\/span>\n                        <span class=\"fw-portfolio-description\"><p>Bald Baby<\/p>\n<\/span>\n                        <span class=\"fw-number-photo\">9 Photos<\/span>\n                    <\/div>\n                <\/div>\n            <\/div>\n        <\/a>\n    <\/div>\n<\/li><li data-category=\"portrait-portfolio, foto-shootings, portfolio-haupt, \">\n    <div class=\"fw-image-relative fw-ratio-container fw-ratio-16-9\">\n        <a href=\"https:\/\/photographiesandmore.de\/en\/project\/anne-raps\/\" class=\"fw-portfolio-image\">\n            <noscript><img decoding=\"async\" src=\"https:\/\/photographiesandmore.de\/wp-content\/uploads\/2017\/05\/IMGP0979.jpg\" alt=\"IMGP0979\"><\/noscript><img decoding=\"async\" src=\"data:image\/gif;base64,R0lGODlhAQABAIAAAAAAAP\/\/\/yH5BAEAAAAALAAAAAABAAEAAAIBRAA7\" data-sizes=\"auto\" data-maxdpr=\"1.7\" data-fwimgpath=\"https:\/\/photographiesandmore.de\/wp-content\/uploads\/2017\/05\/\" data-srcset=\"IMGP0979.jpg 1920w\" data-srcfw-ratio-1=\"IMGP0979-150x150.jpg 150w, IMGP0979-800x800.jpg 800w, IMGP0979-300x300.jpg 300w, IMGP0979-300x300.jpg 300w, IMGP0979-100x100.jpg 100w, IMGP0979-300x300.jpg 300w, IMGP0979-100x100.jpg 100w\" data-srcfw-ratio-16-9=\"IMGP0979-300x169.jpg 300w, IMGP0979-768x432.jpg 768w, IMGP0979-1024x576.jpg 1024w, IMGP0979-1228x691.jpg 1228w, IMGP0979-614x346.jpg 614w, IMGP0979-295x166.jpg 295w, IMGP0979-590x332.jpg 590w, IMGP0979-300x169.jpg 300w, IMGP0979-300x169.jpg 300w, IMGP0979.jpg 1920w\" data-srcfw-ratio-9-16=\"IMGP0979-295x524.jpg 295w, IMGP0979-590x1048.jpg 590w\" data-srcfw-ratio-3-4=\"IMGP0979-295x393.jpg 295w, IMGP0979-590x786.jpg 590w\"   alt=\"IMGP0979\" class=\"lazyload\" \/>            <span class=\"fw-portfolio-zoom\"><\/span>\n            <div class=\"fw-portfolio-overlay\">\n                <div class=\"fw-itable\">\n                    <div class=\"fw-icell\">\n                        <span class=\"fw-portfolio-title\">Anne &#038; Raps<\/span>\n                        <span class=\"fw-portfolio-description\"><p>Anne im Raps<\/p>\n<\/span>\n                        <span class=\"fw-number-photo\">9 Photos<\/span>\n                    <\/div>\n                <\/div>\n            <\/div>\n        <\/a>\n    <\/div>\n<\/li>                <\/ul>\n            <\/div>\n            <\/div><!-- \/.fw-portfolio -->\n<\/div>\t<\/div>\n<\/div><\/div>\n\n<div class=\"fw-row\">\n\t\n<div id=\"column-69f48354d6c3f\" class=\" fw-col-sm-12  \" style=\" \">\n        <div class=\"fw-col-inner\" >\n\t\t<div class=\"fw-divider-space space-sm\"  ><\/div>\t<\/div>\n<\/div><\/div>\n\n<div class=\"fw-row\">\n\t\n<div id=\"column-69f48354d7deb\" class=\" fw-col-sm-12  \" style=\" \">\n        <div class=\"fw-col-inner\" >\n\t\t<blockquote class=\"fw-quote fw-quote-center fw-quote-md \">\n    <p>Du w\u00fcnscht Dir selbst sch\u00f6ne Fotos, dann sende mir eine<br \/><span style=\"color: #333399;\"><a style=\"color: #333399;\" href=\"https:\/\/photographiesandmore.de\/kontakt\/\" target=\"_blank\" rel=\"noopener\"><em>Anfrage zu einem Foto Shooting<\/em> <\/a><\/span><br \/>oder Du m\u00f6chtest jemandem eine Freude damit machen wollen, daf\u00fcr biete ich die<br \/><span style=\"color: #333399;\"><a style=\"color: #333399;\" href=\"https:\/\/photographiesandmore.de\/produkt-kategorie\/voucher\/\" target=\"_blank\" rel=\"noopener\"><em>Gutscheine f\u00fcr ein Portrait Foto Shooting<\/em><\/a><\/span><br \/>an.<\/p>\t<\/blockquote>\t<\/div>\n<\/div><\/div>\n\n\t<\/div>\n<\/section><\/p>\n","protected":false},"excerpt":{"rendered":"<p>Ein Foto Shooting mit Anne im RapsfeldJedes Jahr im Fr\u00fchjahr ist es ein Highlight, wenn die Rapsfelder bl\u00fchen und in der Sonne leuchten. Dies bietet allerlei Inspiration f\u00fcr Foto-Shootings. Eine Variante ist &#8222;Mit einem schicken Hut im Rapsfeld&#8220;, hier mit Anne \ud83d\ude42<\/p>","protected":false},"author":1,"featured_media":0,"parent":0,"menu_order":0,"comment_status":"closed","ping_status":"closed","template":"visual-builder-template.php","meta":{"footnotes":""},"class_list":["post-3450","page","type-page","status-publish","hentry"],"_links":{"self":[{"href":"https:\/\/photographiesandmore.de\/en\/wp-json\/wp\/v2\/pages\/3450","targetHints":{"allow":["GET"]}}],"collection":[{"href":"https:\/\/photographiesandmore.de\/en\/wp-json\/wp\/v2\/pages"}],"about":[{"href":"https:\/\/photographiesandmore.de\/en\/wp-json\/wp\/v2\/types\/page"}],"author":[{"embeddable":true,"href":"https:\/\/photographiesandmore.de\/en\/wp-json\/wp\/v2\/users\/1"}],"replies":[{"embeddable":true,"href":"https:\/\/photographiesandmore.de\/en\/wp-json\/wp\/v2\/comments?post=3450"}],"version-history":[{"count":45,"href":"https:\/\/photographiesandmore.de\/en\/wp-json\/wp\/v2\/pages\/3450\/revisions"}],"predecessor-version":[{"id":7240,"href":"https:\/\/photographiesandmore.de\/en\/wp-json\/wp\/v2\/pages\/3450\/revisions\/7240"}],"wp:attachment":[{"href":"https:\/\/photographiesandmore.de\/en\/wp-json\/wp\/v2\/media?parent=3450"}],"curies":[{"name":"wp","href":"https:\/\/api.w.org\/{rel}","templated":true}]}}