{"id":3228,"date":"2017-01-01T00:00:51","date_gmt":"2016-12-31T23:00:51","guid":{"rendered":"https:\/\/photographiesandmore.de\/?page_id=3228"},"modified":"2020-02-19T12:49:50","modified_gmt":"2020-02-19T11:49:50","slug":"terminkalender","status":"publish","type":"page","link":"https:\/\/photographiesandmore.de\/en\/terminkalender\/","title":{"rendered":"Terminkalender"},"content":{"rendered":"<p><section id=\"section-69d01e0b91264\" class=\"fw-main-row-custom fw-main-row-top fw-content-overlay-md fw_theme_bg_fw-custom fw-image-section fw-section-height-md\" style=\" background-image:url(https:\/\/photographiesandmore.de\/wp-content\/uploads\/2017\/05\/StrauchHortensie-head.jpg); background-repeat: no-repeat; background-position: center top; background-size: cover;  \"  >\n\t\t<div class=\"fw-container-fluid\">\n\t\t<div class=\"fw-row\">\n\t\n<div id=\"column-69d01e0b91bd7\" class=\"fw-col-sm-12\" style=\" \">\n        <div class=\"fw-col-inner\" >\n\t\t<div class=\"fw-heading fw-heading-h2 fw-heading-left\">\n\t\t\t<h2 class=\"fw-special-title fw_theme_text_color_4\" >KALENDER<\/h2>\n\t\t\t<\/div>\t<\/div>\n<\/div><\/div>\n\n\t<\/div>\n<\/section><section id=\"section-69d01e0b92de9\" class=\"fw-main-row  auto\" style=\"   \"  >\n\t\t<div class=\"fw-container\">\n\t\t<div class=\"fw-row\">\n\t\n<div id=\"column-69d01e0b936fa\" class=\"fw-col-sm-12\" style=\" \">\n        <div class=\"fw-col-inner\" >\n\t\t<blockquote class=\"fw-quote fw-quote-center fw-quote-lg\">\n    <p>Spontanit\u00e4t tr\u00e4gt keine Uhr und keinen <strong>Termin<em class=\"markwords\">kalender<\/em><\/strong> bei sich<\/p>\t\t\t<small class=\"fw-quote-author\">\n\t\t\t<span>\n\t\t\t\t\t\t\t\t\t<a class=\"anchor scroll-to\" href=\"#calendar\">Kalender einsehen<\/a>\n\t\t\t\t\t\t\t<\/span>\n\t\t<\/small>\n\t<\/blockquote>\t<\/div>\n<\/div><\/div>\n\n<div class=\"fw-row\">\n\t\n<div id=\"column-69d01e0b94a6b\" class=\"fw-col-sm-12\" style=\" \">\n        <div class=\"fw-col-inner\" >\n\t\t\t<div  class=\"fw-divider-full-width fw-line-solid fw-divider-line   fw_theme_border_only_fw-custom\" style=\"width:auto%; padding-top:43px; margin-bottom:72px; \" ><\/div>\n\t<\/div>\n<\/div><\/div>\n\n<div class=\"fw-row\">\n\t\n<div id=\"column-69d01e0b95e60\" class=\"fw-col-sm-12\" style=\" \">\n        <div class=\"fw-col-inner\" style=\"padding: 25px 25px 25px 25px;\">\n\t\t<div class=\"fw-text-box\">\n    <div class=\"fw-text-inner\">\n        <p><strong>Wann kann mein Foto Shooting stattfinden?<\/strong><\/p><p>\"<em><span style=\"color: #999999;\"><strong>Graue Tage<\/strong><\/span><\/em>\"<\/p><ul><li>Mo bis Fr = \u00a0<span style=\"color: #993300;\"><em>ggf. abends noch\u00a0buchbar (SonnenuntergangsFotoShooting)<\/em><\/span><\/li><li>Sa und So = <span style=\"color: #993300;\"><em>alles noch frei (sonntags Zuschlag beachten)<\/em><\/span><\/li><\/ul><p>\"<em><strong><span style=\"color: #0000ff;\">Blaue Tage<\/span><\/strong><\/em>\"<\/p><ul><li>teilweise oder ganz gebucht<\/li><li>anklicken, ob <span style=\"color: #993300;\"><em>noch buchbar ...\u00a0<\/em>(<em>vormittags \/ nachmittags \/ abends)<\/em><\/span><\/li><\/ul><p><em>Bitte beachten:<\/em><\/p><ul><li>Sonn- und Feiertags-Zuschlag 100%<\/li><li>Buchung jede zus\u00e4tzliche Stunde (zBsp. zum Gutschein) z\u00e4hlt auch zus\u00e4tzlich (Sonn-\/Feiertags doppelt)<\/li><li>ab 15km wird KM-Pauschale berechnet<\/li><\/ul><p><span style=\"color: #993300;\">Monatliche Ansicht des Kalenders:<\/span><\/p>    <\/div>\n<\/div>\n\n<div id=\"calendar\" data-extends-ajax-params=\"{&quot;events_category&quot;:&quot;76&quot;,&quot;data_provider&quot;:&quot;events&quot;}\" data-ajax-url=\"https:\/\/photographiesandmore.de\/wp-admin\/admin-ajax.php\" data-template=\"month\" data-template-path=\"https:\/\/photographiesandmore.de\/wp-content\/themes\/exposure-parent\/framework-customizations\/extensions\/shortcodes\/shortcodes\/calendar\/views\/\" data-first-day=\"1\" class=\"wrapp_calendar fw-shortcode-calendar-wrapper shortcode-container\" >\n\n\t<div class=\"fw-shortcode-calendar\"><\/div>\n\n\t<div class=\"page-header hidden-header\">\n\t\t<div class=\"calendar-navigation btn-group\">\n\t\t\t<button data-calendar-nav=\"prev\" class=\"prev\"><i class=\"tficon-shevron-left\"><\/i><\/button>\n\t\t\t<h3><!-- Here will be set the title --><\/h3>\n\t\t\t<button class=\"next\" data-calendar-nav=\"next\"><i class=\"tficon-shevron-right\"><\/i><\/button>\n\t\t<\/div>\n\t<\/div>\n<\/div><div class=\"fw-divider-space space-sm\"  ><\/div><div class=\"text-center\"><a href=\"https:\/\/photographiesandmore.de\/kontakt\/\"\n    target=\"_blank\"\n    class=\"fw-btn  fw-btn-md  fw-btn-3\"><span>Schnell einen Termin sichern<\/span><\/a>\n<\/div>\t<\/div>\n<\/div><\/div>\n\n\t<\/div>\n<\/section><\/p>","protected":false},"excerpt":{"rendered":"<p>KALENDER Spontanit\u00e4t tr\u00e4gt keine Uhr und keinen Terminkalender bei sich Kalender einsehen Wann kann mein Foto Shooting stattfinden?&#8220;Graue Tage&#8220;Mo bis Fr = \u00a0ggf. abends noch\u00a0buchbar (SonnenuntergangsFotoShooting)Sa und So = alles noch frei (sonntags Zuschlag beachten)&#8220;Blaue Tage&#8220;teilweise oder ganz gebuchtanklicken, ob noch buchbar &#8230;\u00a0(vormittags \/ nachmittags \/ abends)Bitte beachten:Sonn- und Feiertags-Zuschlag 100%Buchung jede zus\u00e4tzliche Stunde (zBsp. [&hellip;]<\/p>\n","protected":false},"author":1,"featured_media":0,"parent":0,"menu_order":0,"comment_status":"closed","ping_status":"closed","template":"visual-builder-template.php","meta":{"footnotes":""},"class_list":["post-3228","page","type-page","status-publish","hentry"],"_links":{"self":[{"href":"https:\/\/photographiesandmore.de\/en\/wp-json\/wp\/v2\/pages\/3228","targetHints":{"allow":["GET"]}}],"collection":[{"href":"https:\/\/photographiesandmore.de\/en\/wp-json\/wp\/v2\/pages"}],"about":[{"href":"https:\/\/photographiesandmore.de\/en\/wp-json\/wp\/v2\/types\/page"}],"author":[{"embeddable":true,"href":"https:\/\/photographiesandmore.de\/en\/wp-json\/wp\/v2\/users\/1"}],"replies":[{"embeddable":true,"href":"https:\/\/photographiesandmore.de\/en\/wp-json\/wp\/v2\/comments?post=3228"}],"version-history":[{"count":76,"href":"https:\/\/photographiesandmore.de\/en\/wp-json\/wp\/v2\/pages\/3228\/revisions"}],"predecessor-version":[{"id":5389,"href":"https:\/\/photographiesandmore.de\/en\/wp-json\/wp\/v2\/pages\/3228\/revisions\/5389"}],"wp:attachment":[{"href":"https:\/\/photographiesandmore.de\/en\/wp-json\/wp\/v2\/media?parent=3228"}],"curies":[{"name":"wp","href":"https:\/\/api.w.org\/{rel}","templated":true}]}}