{"id":3077,"date":"2017-01-07T23:15:13","date_gmt":"2017-01-07T22:15:13","guid":{"rendered":"https:\/\/photographiesandmore.de\/?page_id=3077"},"modified":"2017-05-19T11:55:39","modified_gmt":"2017-05-19T09:55:39","slug":"makro","status":"publish","type":"page","link":"https:\/\/photographiesandmore.de\/en\/makro\/","title":{"rendered":"Makro"},"content":{"rendered":"<p><section id=\"section-69ec30164b469\" class=\" fw-main-row-custom fw-main-row-top  fw_theme_bg_fw-custom fw-image-section fw-section-height-md  \" style=\" background-image:url(https:\/\/photographiesandmore.de\/wp-content\/uploads\/2017\/05\/macro-head.jpg); background-repeat: no-repeat; background-position: center top; background-size: cover;  \"  >\n\t\t<div class=\"fw-container\">\n\t\t<div class=\"fw-row\">\n\t\n<div id=\"column-69ec30164bbfb\" class=\" fw-col-sm-12  \" style=\" \">\n        <div class=\"fw-col-inner\" >\n\t\t<div class=\"fw-heading fw-heading-h2 fw-heading-center \">\n\t\t\t<h2 class=\"fw-special-title fw_theme_text_color_4\" >Macro<\/h2>\n\t\t\t<\/div>\t<\/div>\n<\/div><\/div>\n\n\t<\/div>\n<\/section><section id=\"section-69ec30164cbae\" class=\" fw-main-row  auto  \" style=\"   \"  >\n\t\t<div class=\"fw-container\">\n\t\t<div class=\"fw-row\">\n\t\n<div id=\"column-69ec30164d2a1\" class=\" fw-col-sm-12  \" style=\" \">\n        <div class=\"fw-col-inner\" >\n\t\t<div class=\"fw-text-box \">\n    <div class=\"fw-text-inner\">\n        <p>Wenn Zeit und Ideen vorhanden sind, probiere ich mich auch gern in der Makro-Fotografie. Meistens bin ich hierf\u00fcr mit dem \u00a0Sigma-Objektiv \u00a0105mm f2.8 Macro unterwegs.<\/p>    <\/div>\n<\/div>\t<\/div>\n<\/div><\/div>\n\n<div class=\"fw-row\">\n\t\n<div id=\"column-69ec30164e50a\" class=\" fw-col-sm-12  \" style=\" \">\n        <div class=\"fw-col-inner\" >\n\t\t<div class=\"fw-col-inner\">\n    <div class=\"fw-portfolio fw-portfolio-1 fw-portfolio-cols-3  fw-portfolio-landscape\">\n                            <div class=\"row fw-portfolio-wrapper\">\n                <ul id=\"fw-portfolio-list-69ec30164ea00\" class=\"fw-portfolio-list clearfix\">\n                    <li data-category=\"nature, makro, \">\n    <div class=\"fw-image-relative fw-ratio-container fw-ratio-16-9\">\n        <a href=\"https:\/\/photographiesandmore.de\/en\/project\/fruehling-blueten\/\" class=\"fw-portfolio-image\">\n            <noscript><img decoding=\"async\" src=\"https:\/\/photographiesandmore.de\/wp-content\/uploads\/2018\/04\/IMGP1670.jpg\" alt=\"IMGP1670\"><\/noscript><img decoding=\"async\" src=\"data:image\/gif;base64,R0lGODlhAQABAIAAAAAAAP\/\/\/yH5BAEAAAAALAAAAAABAAEAAAIBRAA7\" data-sizes=\"auto\" data-maxdpr=\"1.7\" data-fwimgpath=\"https:\/\/photographiesandmore.de\/wp-content\/uploads\/2018\/04\/\" data-srcset=\"IMGP1670.jpg 1277w\" data-srcfw-ratio-1=\"IMGP1670-150x150.jpg 150w, IMGP1670-800x800.jpg 800w, IMGP1670-300x300.jpg 300w, IMGP1670-300x300.jpg 300w, IMGP1670-100x100.jpg 100w, IMGP1670-300x300.jpg 300w, IMGP1670-100x100.jpg 100w\" data-srcfw-ratio-2-3=\"IMGP1670-200x300.jpg 200w, IMGP1670-768x1155.jpg 768w, IMGP1670-681x1024.jpg 681w, IMGP1670-300x451.jpg 300w, IMGP1670-300x451.jpg 300w, IMGP1670.jpg 1277w\" data-srcfw-ratio-16-9=\"IMGP1670-1228x691.jpg 1228w, IMGP1670-614x346.jpg 614w, IMGP1670-295x166.jpg 295w, IMGP1670-590x332.jpg 590w\" data-srcfw-ratio-9-16=\"IMGP1670-295x524.jpg 295w, IMGP1670-590x1048.jpg 590w\" data-srcfw-ratio-3-4=\"IMGP1670-295x393.jpg 295w, IMGP1670-590x786.jpg 590w\"   alt=\"IMGP1670\" class=\"lazyload\" \/>            <span class=\"fw-portfolio-zoom\"><\/span>\n            <div class=\"fw-portfolio-overlay\">\n                <div class=\"fw-itable\">\n                    <div class=\"fw-icell\">\n                        <span class=\"fw-portfolio-title\">Fr\u00fchling &#038; Bl\u00fcten<\/span>\n                        <span class=\"fw-portfolio-description\"><p>April 2018 &#038; Garten Der April hat uns in diesem Jahr schon viele sch\u00f6ne Tage beschert. Die Natur bringt wieder eine Sch\u00f6nheit nach der anderen hervor.Jedes Jahr auf&#8217;s neue werden Mandelb\u00e4umchen, Tulpen , G\u00e4nsebl\u00fcmchen, Tr\u00e4nendes Herz und Co. von mir abgelichtet &#8230; aber dieses Jahr schaffen sie es auch hierher \ud83d\ude42Pentax K3iis mit Sigma MACRO [&hellip;]<\/p>\n<\/span>\n                        <span class=\"fw-number-photo\">18 Photos<\/span>\n                    <\/div>\n                <\/div>\n            <\/div>\n        <\/a>\n    <\/div>\n<\/li><li data-category=\"nature, makro, portfolio-haupt, \">\n    <div class=\"fw-image-relative fw-ratio-container fw-ratio-16-9\">\n        <a href=\"https:\/\/photographiesandmore.de\/en\/project\/gefrostete-seifenblasen\/\" class=\"fw-portfolio-image\">\n            <noscript><img decoding=\"async\" src=\"https:\/\/photographiesandmore.de\/wp-content\/uploads\/2017\/01\/IMGP5213-Bearbeitet.jpg\" alt=\"IMGP5213-Bearbeitet\"><\/noscript><img decoding=\"async\" src=\"data:image\/gif;base64,R0lGODlhAQABAIAAAAAAAP\/\/\/yH5BAEAAAAALAAAAAABAAEAAAIBRAA7\" data-sizes=\"auto\" data-maxdpr=\"1.7\" data-fwimgpath=\"https:\/\/photographiesandmore.de\/wp-content\/uploads\/2017\/01\/\" data-srcset=\"IMGP5213-Bearbeitet.jpg 1920w\" data-srcfw-ratio-1=\"IMGP5213-Bearbeitet-300x300.jpg 300w, IMGP5213-Bearbeitet-100x100.jpg 100w, IMGP5213-Bearbeitet-150x150.jpg 150w, IMGP5213-Bearbeitet-100x100.jpg 100w, IMGP5213-Bearbeitet-300x300.jpg 300w, IMGP5213-Bearbeitet-800x800.jpg 800w, IMGP5213-Bearbeitet-300x300.jpg 300w\" data-srcfw-ratio-16-9=\"IMGP5213-Bearbeitet-300x169.jpg 300w, IMGP5213-Bearbeitet-300x169.jpg 300w, IMGP5213-Bearbeitet-768x432.jpg 768w, IMGP5213-Bearbeitet-1024x576.jpg 1024w, IMGP5213-Bearbeitet-300x169.jpg 300w, IMGP5213-Bearbeitet-1228x691.jpg 1228w, IMGP5213-Bearbeitet-614x346.jpg 614w, IMGP5213-Bearbeitet-295x166.jpg 295w, IMGP5213-Bearbeitet-590x332.jpg 590w, IMGP5213-Bearbeitet.jpg 1920w\" data-srcfw-ratio-9-16=\"IMGP5213-Bearbeitet-295x524.jpg 295w, IMGP5213-Bearbeitet-590x1048.jpg 590w\" data-srcfw-ratio-3-4=\"IMGP5213-Bearbeitet-295x393.jpg 295w, IMGP5213-Bearbeitet-590x786.jpg 590w\"   alt=\"IMGP5213-Bearbeitet\" class=\"lazyload\" \/>            <span class=\"fw-portfolio-zoom\"><\/span>\n            <div class=\"fw-portfolio-overlay\">\n                <div class=\"fw-itable\">\n                    <div class=\"fw-icell\">\n                        <span class=\"fw-portfolio-title\">Frost &#038; Blasen<\/span>\n                        <span class=\"fw-portfolio-description\"><p>Gefrostete Seifenblasen aus Spa\u00df und Freude am Fotografieren bei -15\u00b0C<\/p>\n<\/span>\n                        <span class=\"fw-number-photo\">8 Photos<\/span>\n                    <\/div>\n                <\/div>\n            <\/div>\n        <\/a>\n    <\/div>\n<\/li><li data-category=\"nature, makro, portfolio-haupt, \">\n    <div class=\"fw-image-relative fw-ratio-container fw-ratio-16-9\">\n        <a href=\"https:\/\/photographiesandmore.de\/en\/project\/winter-macro\/\" class=\"fw-portfolio-image\">\n            <noscript><img decoding=\"async\" src=\"https:\/\/photographiesandmore.de\/wp-content\/uploads\/2016\/12\/macro_phandmore-IMGP4760-Bearbeitet-2.jpg\" alt=\"macro_phandmore-IMGP4760-Bearbeitet-2\"><\/noscript><img decoding=\"async\" src=\"data:image\/gif;base64,R0lGODlhAQABAIAAAAAAAP\/\/\/yH5BAEAAAAALAAAAAABAAEAAAIBRAA7\" data-sizes=\"auto\" data-maxdpr=\"1.7\" data-fwimgpath=\"https:\/\/photographiesandmore.de\/wp-content\/uploads\/2016\/12\/\" data-srcset=\"macro_phandmore-IMGP4760-Bearbeitet-2.jpg 1080w, macro_phandmore-IMGP4760-Bearbeitet-2-1080x691.jpg 1080w\" data-srcfw-ratio-1=\"macro_phandmore-IMGP4760-Bearbeitet-2-300x300.jpg 300w, macro_phandmore-IMGP4760-Bearbeitet-2-100x100.jpg 100w, macro_phandmore-IMGP4760-Bearbeitet-2-300x300.jpg 300w, macro_phandmore-IMGP4760-Bearbeitet-2-150x150.jpg 150w, macro_phandmore-IMGP4760-Bearbeitet-2-300x300.jpg 300w, macro_phandmore-IMGP4760-Bearbeitet-2-768x768.jpg 768w, macro_phandmore-IMGP4760-Bearbeitet-2-1024x1024.jpg 1024w, macro_phandmore-IMGP4760-Bearbeitet-2-100x100.jpg 100w, macro_phandmore-IMGP4760-Bearbeitet-2-300x300.jpg 300w, macro_phandmore-IMGP4760-Bearbeitet-2-300x300.jpg 300w, macro_phandmore-IMGP4760-Bearbeitet-2-800x800.jpg 800w, macro_phandmore-IMGP4760-Bearbeitet-2-300x300.jpg 300w, macro_phandmore-IMGP4760-Bearbeitet-2.jpg 1080w\" data-srcfw-ratio-16-9=\"macro_phandmore-IMGP4760-Bearbeitet-2-614x346.jpg 614w, macro_phandmore-IMGP4760-Bearbeitet-2-295x166.jpg 295w, macro_phandmore-IMGP4760-Bearbeitet-2-590x332.jpg 590w\" data-srcfw-ratio-9-16=\"macro_phandmore-IMGP4760-Bearbeitet-2-295x524.jpg 295w, macro_phandmore-IMGP4760-Bearbeitet-2-590x1048.jpg 590w\" data-srcfw-ratio-3-4=\"macro_phandmore-IMGP4760-Bearbeitet-2-295x393.jpg 295w, macro_phandmore-IMGP4760-Bearbeitet-2-590x786.jpg 590w\"   alt=\"macro_phandmore-IMGP4760-Bearbeitet-2\" class=\"lazyload\" \/>            <span class=\"fw-portfolio-zoom\"><\/span>\n            <div class=\"fw-portfolio-overlay\">\n                <div class=\"fw-itable\">\n                    <div class=\"fw-icell\">\n                        <span class=\"fw-portfolio-title\">Winter &#038; Macro<\/span>\n                        <span class=\"fw-portfolio-description\"><p>Frost-Macro-Aufnahmen<\/p>\n<\/span>\n                        <span class=\"fw-number-photo\">12 Photos<\/span>\n                    <\/div>\n                <\/div>\n            <\/div>\n        <\/a>\n    <\/div>\n<\/li>                <\/ul>\n            <\/div>\n            <\/div><!-- \/.fw-portfolio -->\n<\/div>\t<\/div>\n<\/div><\/div>\n\n\t<\/div>\n<\/section><\/p>\n","protected":false},"excerpt":{"rendered":"<p>Makro &#8211; Winterimpressionen 17. Dezember 2016 Die nachfolgenden Aufnahmen entstanden mit dem Makroobjektiv in den Vormittag- und Nachmittagsstunden und wurden dann beispielsweise mit dem Color Efex Pro &#8211; Filter der NIK &#8211; Filter-Kollektion bearbeitet.<\/p>","protected":false},"author":1,"featured_media":0,"parent":0,"menu_order":0,"comment_status":"closed","ping_status":"closed","template":"visual-builder-template.php","meta":{"footnotes":""},"class_list":["post-3077","page","type-page","status-publish","hentry"],"_links":{"self":[{"href":"https:\/\/photographiesandmore.de\/en\/wp-json\/wp\/v2\/pages\/3077","targetHints":{"allow":["GET"]}}],"collection":[{"href":"https:\/\/photographiesandmore.de\/en\/wp-json\/wp\/v2\/pages"}],"about":[{"href":"https:\/\/photographiesandmore.de\/en\/wp-json\/wp\/v2\/types\/page"}],"author":[{"embeddable":true,"href":"https:\/\/photographiesandmore.de\/en\/wp-json\/wp\/v2\/users\/1"}],"replies":[{"embeddable":true,"href":"https:\/\/photographiesandmore.de\/en\/wp-json\/wp\/v2\/comments?post=3077"}],"version-history":[{"count":9,"href":"https:\/\/photographiesandmore.de\/en\/wp-json\/wp\/v2\/pages\/3077\/revisions"}],"predecessor-version":[{"id":3574,"href":"https:\/\/photographiesandmore.de\/en\/wp-json\/wp\/v2\/pages\/3077\/revisions\/3574"}],"wp:attachment":[{"href":"https:\/\/photographiesandmore.de\/en\/wp-json\/wp\/v2\/media?parent=3077"}],"curies":[{"name":"wp","href":"https:\/\/api.w.org\/{rel}","templated":true}]}}