{"id":3043,"date":"2016-12-29T22:00:52","date_gmt":"2016-12-29T21:00:52","guid":{"rendered":"https:\/\/photographiesandmore.de\/?page_id=3043"},"modified":"2017-05-19T11:54:51","modified_gmt":"2017-05-19T09:54:51","slug":"nd-filter","status":"publish","type":"page","link":"https:\/\/photographiesandmore.de\/en\/nd-filter\/","title":{"rendered":"ND-Filter"},"content":{"rendered":"<p><section id=\"section-69cff73cce9d1\" class=\" fw-main-row-custom fw-main-row-top  fw_theme_bg_fw-custom fw-image-section fw-section-height-md  \" style=\" background-image:url(https:\/\/photographiesandmore.de\/wp-content\/uploads\/2017\/05\/rochlitz-head.jpg); background-repeat: no-repeat; background-position: center top; background-size: cover;  \"  >\n\t\t<div class=\"fw-container\">\n\t\t<div class=\"fw-row\">\n\t\n<div id=\"column-69cff73ccf3ce\" class=\" fw-col-sm-12  \" style=\" \">\n        <div class=\"fw-col-inner\" >\n\t\t<div class=\"fw-heading fw-heading-h2 fw-heading-center \">\n\t\t\t<h2 class=\"fw-special-title fw_theme_text_color_4\" >ND-Filter<\/h2>\n\t\t\t<\/div>\t<\/div>\n<\/div><\/div>\n\n\t<\/div>\n<\/section><section id=\"section-69cff73cd07a6\" class=\" fw-main-row  auto  \" style=\"   \"  >\n\t\t<div class=\"fw-container\">\n\t\t<div class=\"fw-row\">\n\t\n<div id=\"column-69cff73cd11da\" class=\" fw-col-sm-12  \" style=\" \">\n        <div class=\"fw-col-inner\" >\n\t\t<div class=\"fw-text-box \">\n    <div class=\"fw-text-inner\">\n        <p><strong>Neutraldichtefilter ... Graufilter<\/strong><\/p><p>Das Neutral Graufilter Set von HAIDA bestehend aus ND8x, ND64x, ND1000x erm\u00f6glicht mir sehr interessante Experimente, so habe ich f\u00fcr meine \u00a0kreative Ideen und alle Lichtverh\u00e4lntisse immer den passenden Graufilter parat.<\/p>    <\/div>\n<\/div>\t<\/div>\n<\/div><\/div>\n\n<div class=\"fw-row\">\n\t\n<div id=\"column-69cff73cd26ec\" class=\" fw-col-sm-12  \" style=\" \">\n        <div class=\"fw-col-inner\" >\n\t\t<div class=\"fw-col-inner\">\n    <div class=\"fw-portfolio fw-portfolio-1 fw-portfolio-cols-3  fw-portfolio-landscape\">\n                            <div class=\"row fw-portfolio-wrapper\">\n                <ul id=\"fw-portfolio-list-69cff73cd2c42\" class=\"fw-portfolio-list clearfix\">\n                    <li data-category=\"landscape, on-tour, nature, longexposure, nd, portfolio-haupt, \">\n    <div class=\"fw-image-relative fw-ratio-container fw-ratio-16-9\">\n        <a href=\"https:\/\/photographiesandmore.de\/en\/project\/wasser-fall\/\" class=\"fw-portfolio-image\">\n            <noscript><img decoding=\"async\" src=\"https:\/\/photographiesandmore.de\/wp-content\/uploads\/2018\/02\/IMGP6065-Bearbeitet.jpg\" alt=\"IMGP6065-Bearbeitet\"><\/noscript><img decoding=\"async\" src=\"data:image\/gif;base64,R0lGODlhAQABAIAAAAAAAP\/\/\/yH5BAEAAAAALAAAAAABAAEAAAIBRAA7\" data-sizes=\"auto\" data-maxdpr=\"1.7\" data-fwimgpath=\"https:\/\/photographiesandmore.de\/wp-content\/uploads\/2018\/02\/\" data-srcset=\"IMGP6065-Bearbeitet.jpg 1277w\" data-srcfw-ratio-1=\"IMGP6065-Bearbeitet-150x150.jpg 150w, IMGP6065-Bearbeitet-800x800.jpg 800w, IMGP6065-Bearbeitet-300x300.jpg 300w, IMGP6065-Bearbeitet-300x300.jpg 300w, IMGP6065-Bearbeitet-100x100.jpg 100w, IMGP6065-Bearbeitet-300x300.jpg 300w, IMGP6065-Bearbeitet-100x100.jpg 100w\" data-srcfw-ratio-2-3=\"IMGP6065-Bearbeitet-200x300.jpg 200w, IMGP6065-Bearbeitet-768x1155.jpg 768w, IMGP6065-Bearbeitet-681x1024.jpg 681w, IMGP6065-Bearbeitet-300x451.jpg 300w, IMGP6065-Bearbeitet-300x451.jpg 300w, IMGP6065-Bearbeitet.jpg 1277w\" data-srcfw-ratio-16-9=\"IMGP6065-Bearbeitet-1228x691.jpg 1228w, IMGP6065-Bearbeitet-614x346.jpg 614w, IMGP6065-Bearbeitet-295x166.jpg 295w, IMGP6065-Bearbeitet-590x332.jpg 590w\" data-srcfw-ratio-9-16=\"IMGP6065-Bearbeitet-295x524.jpg 295w, IMGP6065-Bearbeitet-590x1048.jpg 590w\" data-srcfw-ratio-3-4=\"IMGP6065-Bearbeitet-295x393.jpg 295w, IMGP6065-Bearbeitet-590x786.jpg 590w\"   alt=\"IMGP6065-Bearbeitet\" class=\"lazyload\" \/>            <span class=\"fw-portfolio-zoom\"><\/span>\n            <div class=\"fw-portfolio-overlay\">\n                <div class=\"fw-itable\">\n                    <div class=\"fw-icell\">\n                        <span class=\"fw-portfolio-title\">Wasser &#038; Fall<\/span>\n                        <span class=\"fw-portfolio-description\"><p>Blauenthaler Wasserfall Der h\u00f6chste Wasserfall Sachsens bei Blauenthal, zur Stadtverwaltung Eibenstock geh\u00f6rend, misst immerhin 30m H\u00f6henmeter und ist ganzj\u00e4hrig eine Touristenattraktion. Im Winter bei frostigen -15\u00b0C erwartete uns Besucher ein ph\u00e4nomenales Naturereignis &#8230; es war mehr als\u00a0\u00a0gen\u00fcgend Eis f\u00fcr ein paar Eiskletterer vorhanden.An der Bockau entstanden dabei auch noch ein paar sch\u00f6ne Eindr\u00fccke des Erzgebirges [&hellip;]<\/p>\n<\/span>\n                        <span class=\"fw-number-photo\">6 Photos<\/span>\n                    <\/div>\n                <\/div>\n            <\/div>\n        <\/a>\n    <\/div>\n<\/li><li data-category=\"motorsports, nd, portfolio-haupt, \">\n    <div class=\"fw-image-relative fw-ratio-container fw-ratio-16-9\">\n        <a href=\"https:\/\/photographiesandmore.de\/en\/project\/rallyeshow\/\" class=\"fw-portfolio-image\">\n            <noscript><img decoding=\"async\" src=\"https:\/\/photographiesandmore.de\/wp-content\/uploads\/2018\/02\/IMGP5642.jpg\" alt=\"IMGP5642\"><\/noscript><img decoding=\"async\" src=\"data:image\/gif;base64,R0lGODlhAQABAIAAAAAAAP\/\/\/yH5BAEAAAAALAAAAAABAAEAAAIBRAA7\" data-sizes=\"auto\" data-maxdpr=\"1.7\" data-fwimgpath=\"https:\/\/photographiesandmore.de\/wp-content\/uploads\/2018\/02\/\" data-srcset=\"IMGP5642.jpg 1920w\" data-srcfw-ratio-1=\"IMGP5642-150x150.jpg 150w, IMGP5642-800x800.jpg 800w, IMGP5642-300x300.jpg 300w, IMGP5642-300x300.jpg 300w, IMGP5642-100x100.jpg 100w, IMGP5642-300x300.jpg 300w, IMGP5642-100x100.jpg 100w\" data-srcfw-ratio-16-9=\"IMGP5642-300x169.jpg 300w, IMGP5642-768x432.jpg 768w, IMGP5642-1024x576.jpg 1024w, IMGP5642-1228x691.jpg 1228w, IMGP5642-614x346.jpg 614w, IMGP5642-295x166.jpg 295w, IMGP5642-590x332.jpg 590w, IMGP5642-300x169.jpg 300w, IMGP5642-300x169.jpg 300w, IMGP5642.jpg 1920w\" data-srcfw-ratio-9-16=\"IMGP5642-295x524.jpg 295w, IMGP5642-590x1048.jpg 590w\" data-srcfw-ratio-3-4=\"IMGP5642-295x393.jpg 295w, IMGP5642-590x786.jpg 590w\"   alt=\"IMGP5642\" class=\"lazyload\" \/>            <span class=\"fw-portfolio-zoom\"><\/span>\n            <div class=\"fw-portfolio-overlay\">\n                <div class=\"fw-itable\">\n                    <div class=\"fw-icell\">\n                        <span class=\"fw-portfolio-title\">Rallye &#038; Show<\/span>\n                        <span class=\"fw-portfolio-description\"><p>8. RallyeShow am Sachsenring Veranstalter dieses tollen Events ist der RSVC (Renn- und Sportf\u00f6rderverein Chemnitz e.V.)Bei frostigen Temperaturen, aber besten sonnigen Winterwetter wurde wieder ordentlich gedriftet.Die Zuschauer sind voll auf ihre Kosten gekommen, kann man nicht einmal sagen, denn die Veranstaltung zum Saisonauftakt ist sogar kostenlos \ud83d\ude42Kamera : Pentax K3 mit dem Sigma 50-200mm und [&hellip;]<\/p>\n<\/span>\n                        <span class=\"fw-number-photo\">12 Photos<\/span>\n                    <\/div>\n                <\/div>\n            <\/div>\n        <\/a>\n    <\/div>\n<\/li><li data-category=\"architecture-portfolio-1, nd, portfolio-haupt, architecture, \">\n    <div class=\"fw-image-relative fw-ratio-container fw-ratio-16-9\">\n        <a href=\"https:\/\/photographiesandmore.de\/en\/project\/rochlitz\/\" class=\"fw-portfolio-image\">\n            <noscript><img decoding=\"async\" src=\"https:\/\/photographiesandmore.de\/wp-content\/uploads\/2015\/01\/IMGP4327.jpg\" alt=\"imgp4327\"><\/noscript><img decoding=\"async\" src=\"data:image\/gif;base64,R0lGODlhAQABAIAAAAAAAP\/\/\/yH5BAEAAAAALAAAAAABAAEAAAIBRAA7\" data-sizes=\"auto\" data-maxdpr=\"1.7\" data-fwimgpath=\"https:\/\/photographiesandmore.de\/wp-content\/uploads\/2015\/01\/\" data-srcset=\"IMGP4327.jpg 1920w\" data-srcfw-ratio-1=\"IMGP4327-150x150.jpg 150w, IMGP4327-800x800.jpg 800w, IMGP4327-300x300.jpg 300w, IMGP4327-300x300.jpg 300w, IMGP4327-100x100.jpg 100w, IMGP4327-300x300.jpg 300w, IMGP4327-100x100.jpg 100w\" data-srcfw-ratio-16-9=\"IMGP4327-533x300.jpg 533w, IMGP4327-768x432.jpg 768w, IMGP4327-1536x864.jpg 1536w, IMGP4327-16x9.jpg 16w, IMGP4327-1228x691.jpg 1228w, IMGP4327-614x346.jpg 614w, IMGP4327-295x166.jpg 295w, IMGP4327-590x332.jpg 590w, IMGP4327-300x169.jpg 300w, IMGP4327-300x169.jpg 300w, IMGP4327.jpg 1920w\" data-srcfw-ratio-9-16=\"IMGP4327-295x524.jpg 295w, IMGP4327-590x1048.jpg 590w\" data-srcfw-ratio-3-4=\"IMGP4327-295x393.jpg 295w, IMGP4327-590x786.jpg 590w\"   alt=\"imgp4327\" class=\"lazyload\" \/>            <span class=\"fw-portfolio-zoom\"><\/span>\n            <div class=\"fw-portfolio-overlay\">\n                <div class=\"fw-itable\">\n                    <div class=\"fw-icell\">\n                        <span class=\"fw-portfolio-title\">Schloss &#038; Fluss<\/span>\n                        <span class=\"fw-portfolio-description\"><p>Schloss Rochlitz an der Zwickauer Mulde<\/p>\n<\/span>\n                        <span class=\"fw-number-photo\">11 Photos<\/span>\n                    <\/div>\n                <\/div>\n            <\/div>\n        <\/a>\n    <\/div>\n<\/li><li data-category=\"architecture-portfolio-1, nd, portfolio-haupt, architecture, \">\n    <div class=\"fw-image-relative fw-ratio-container fw-ratio-16-9\">\n        <a href=\"https:\/\/photographiesandmore.de\/en\/project\/rochsburg\/\" class=\"fw-portfolio-image\">\n            <noscript><img decoding=\"async\" src=\"https:\/\/photographiesandmore.de\/wp-content\/uploads\/2015\/01\/IMGP4242.jpg\" alt=\"imgp4242\"><\/noscript><img decoding=\"async\" src=\"data:image\/gif;base64,R0lGODlhAQABAIAAAAAAAP\/\/\/yH5BAEAAAAALAAAAAABAAEAAAIBRAA7\" data-sizes=\"auto\" data-maxdpr=\"1.7\" data-fwimgpath=\"https:\/\/photographiesandmore.de\/wp-content\/uploads\/2015\/01\/\" data-srcset=\"IMGP4242.jpg 1920w\" data-srcfw-ratio-1=\"IMGP4242-150x150.jpg 150w, IMGP4242-800x800.jpg 800w, IMGP4242-300x300.jpg 300w, IMGP4242-300x300.jpg 300w, IMGP4242-100x100.jpg 100w, IMGP4242-300x300.jpg 300w, IMGP4242-100x100.jpg 100w\" data-srcfw-ratio-16-9=\"IMGP4242-533x300.jpg 533w, IMGP4242-768x432.jpg 768w, IMGP4242-1536x864.jpg 1536w, IMGP4242-16x9.jpg 16w, IMGP4242-1228x691.jpg 1228w, IMGP4242-614x346.jpg 614w, IMGP4242-295x166.jpg 295w, IMGP4242-590x332.jpg 590w, IMGP4242-300x169.jpg 300w, IMGP4242-300x169.jpg 300w, IMGP4242.jpg 1920w\" data-srcfw-ratio-9-16=\"IMGP4242-295x524.jpg 295w, IMGP4242-590x1048.jpg 590w\" data-srcfw-ratio-3-4=\"IMGP4242-295x393.jpg 295w, IMGP4242-590x786.jpg 590w\"   alt=\"imgp4242\" class=\"lazyload\" \/>            <span class=\"fw-portfolio-zoom\"><\/span>\n            <div class=\"fw-portfolio-overlay\">\n                <div class=\"fw-itable\">\n                    <div class=\"fw-icell\">\n                        <span class=\"fw-portfolio-title\">Felsen &#038; Schloss<\/span>\n                        <span class=\"fw-portfolio-description\"><p>Schloss Rochsburg bei Lunzenau<\/p>\n<\/span>\n                        <span class=\"fw-number-photo\">9 Photos<\/span>\n                    <\/div>\n                <\/div>\n            <\/div>\n        <\/a>\n    <\/div>\n<\/li><li data-category=\"architecture-portfolio-1, longexposure, nd, portfolio-haupt, architecture, \">\n    <div class=\"fw-image-relative fw-ratio-container fw-ratio-16-9\">\n        <a href=\"https:\/\/photographiesandmore.de\/en\/project\/maerchen-schloss\/\" class=\"fw-portfolio-image\">\n            <noscript><img decoding=\"async\" src=\"https:\/\/photographiesandmore.de\/wp-content\/uploads\/2016\/12\/moritzburg_phandmore-IMGP2172.jpg\" alt=\"moritzburg_phandmore-IMGP2172\"><\/noscript><img decoding=\"async\" src=\"data:image\/gif;base64,R0lGODlhAQABAIAAAAAAAP\/\/\/yH5BAEAAAAALAAAAAABAAEAAAIBRAA7\" data-sizes=\"auto\" data-maxdpr=\"1.7\" data-fwimgpath=\"https:\/\/photographiesandmore.de\/wp-content\/uploads\/2016\/12\/\" data-srcset=\"moritzburg_phandmore-IMGP2172.jpg 1920w\" data-srcfw-ratio-1=\"moritzburg_phandmore-IMGP2172-300x300.jpg 300w, moritzburg_phandmore-IMGP2172-100x100.jpg 100w, moritzburg_phandmore-IMGP2172-150x150.jpg 150w, moritzburg_phandmore-IMGP2172-100x100.jpg 100w, moritzburg_phandmore-IMGP2172-300x300.jpg 300w, moritzburg_phandmore-IMGP2172-800x800.jpg 800w, moritzburg_phandmore-IMGP2172-300x300.jpg 300w\" data-srcfw-ratio-16-9=\"moritzburg_phandmore-IMGP2172-300x169.jpg 300w, moritzburg_phandmore-IMGP2172-300x169.jpg 300w, moritzburg_phandmore-IMGP2172-768x432.jpg 768w, moritzburg_phandmore-IMGP2172-1024x576.jpg 1024w, moritzburg_phandmore-IMGP2172-300x169.jpg 300w, moritzburg_phandmore-IMGP2172-1228x691.jpg 1228w, moritzburg_phandmore-IMGP2172-614x346.jpg 614w, moritzburg_phandmore-IMGP2172-295x166.jpg 295w, moritzburg_phandmore-IMGP2172-590x332.jpg 590w, moritzburg_phandmore-IMGP2172.jpg 1920w\" data-srcfw-ratio-9-16=\"moritzburg_phandmore-IMGP2172-295x524.jpg 295w, moritzburg_phandmore-IMGP2172-590x1048.jpg 590w\" data-srcfw-ratio-3-4=\"moritzburg_phandmore-IMGP2172-295x393.jpg 295w, moritzburg_phandmore-IMGP2172-590x786.jpg 590w\"   alt=\"moritzburg_phandmore-IMGP2172\" class=\"lazyload\" \/>            <span class=\"fw-portfolio-zoom\"><\/span>\n            <div class=\"fw-portfolio-overlay\">\n                <div class=\"fw-itable\">\n                    <div class=\"fw-icell\">\n                        <span class=\"fw-portfolio-title\">M\u00e4rchen &#038; Romantik<\/span>\n                        <span class=\"fw-portfolio-description\"><p>Schloss Moritzburg in Mei\u00dfen <\/p>\n<\/span>\n                        <span class=\"fw-number-photo\">1 Photo<\/span>\n                    <\/div>\n                <\/div>\n            <\/div>\n        <\/a>\n    <\/div>\n<\/li>                <\/ul>\n            <\/div>\n            <\/div><!-- \/.fw-portfolio -->\n<\/div>\t<\/div>\n<\/div><\/div>\n\n\t<\/div>\n<\/section><\/p>\n","protected":false},"excerpt":{"rendered":"<p>Schloss Moritzburg Aschenbr\u00f6del&#8217;s M\u00e4rchenschloss Das M\u00e4rchenschloss aus dem M\u00e4rchenfilm &#8220; Drei Haseln\u00fcsse f\u00fcr Aschenbr\u00f6del&#8220; in Moritzburg \/ Mei\u00dfen<\/p>","protected":false},"author":1,"featured_media":0,"parent":0,"menu_order":0,"comment_status":"closed","ping_status":"closed","template":"visual-builder-template.php","meta":{"footnotes":""},"class_list":["post-3043","page","type-page","status-publish","hentry"],"_links":{"self":[{"href":"https:\/\/photographiesandmore.de\/en\/wp-json\/wp\/v2\/pages\/3043","targetHints":{"allow":["GET"]}}],"collection":[{"href":"https:\/\/photographiesandmore.de\/en\/wp-json\/wp\/v2\/pages"}],"about":[{"href":"https:\/\/photographiesandmore.de\/en\/wp-json\/wp\/v2\/types\/page"}],"author":[{"embeddable":true,"href":"https:\/\/photographiesandmore.de\/en\/wp-json\/wp\/v2\/users\/1"}],"replies":[{"embeddable":true,"href":"https:\/\/photographiesandmore.de\/en\/wp-json\/wp\/v2\/comments?post=3043"}],"version-history":[{"count":6,"href":"https:\/\/photographiesandmore.de\/en\/wp-json\/wp\/v2\/pages\/3043\/revisions"}],"predecessor-version":[{"id":3573,"href":"https:\/\/photographiesandmore.de\/en\/wp-json\/wp\/v2\/pages\/3043\/revisions\/3573"}],"wp:attachment":[{"href":"https:\/\/photographiesandmore.de\/en\/wp-json\/wp\/v2\/media?parent=3043"}],"curies":[{"name":"wp","href":"https:\/\/api.w.org\/{rel}","templated":true}]}}