{"id":2835,"date":"2016-11-27T22:00:59","date_gmt":"2016-11-27T21:00:59","guid":{"rendered":"https:\/\/photographiesandmore.de\/?page_id=2835"},"modified":"2020-06-17T10:49:57","modified_gmt":"2020-06-17T08:49:57","slug":"sachsburgschloss","status":"publish","type":"page","link":"https:\/\/photographiesandmore.de\/en\/sachsburgschloss\/","title":{"rendered":"Sachsen&#8216; s Burgen und Schl\u00f6sser"},"content":{"rendered":"<p><section id=\"section-69ec301e88f6c\" class=\" fw-main-row-custom fw-main-row-top  fw_theme_bg_fw-custom fw-image-section fw-section-height-md  \" style=\" background-image:url(https:\/\/photographiesandmore.de\/wp-content\/uploads\/2017\/05\/Radebeul-head.jpg); background-repeat: no-repeat; background-position: center top; background-size: cover;  \"  >\n\t\t<div class=\"fw-container-fluid\">\n\t\t<div class=\"fw-row\">\n\t\n<div id=\"column-69ec301e896c6\" class=\" fw-col-sm-12  \" style=\" \">\n        <div class=\"fw-col-inner\" >\n\t\t<div class=\"fw-heading fw-heading-h2 fw-heading-center \">\n\t\t\t<h2 class=\"fw-special-title fw_theme_text_color_4\" >Schl\u00f6sserland Sachsen <\/h2>\n\t\t\t<\/div>\t<\/div>\n<\/div><\/div>\n\n\t<\/div>\n<\/section><section id=\"section-69ec301e8a395\" class=\" fw-main-row  auto  \" style=\"   \"  >\n\t\t<div class=\"fw-container\">\n\t\t<div class=\"fw-row\">\n\t\n<div id=\"column-69ec301e8ad0f\" class=\" fw-col-sm-12  \" style=\" \">\n        <div class=\"fw-col-inner\" >\n\t\t<div class=\"fw-text-box \">\n    <div class=\"fw-text-inner\">\n        <h4>Mein kleines individuelles Fotoprojekt<\/h4><p>In Sachsen gibt es immer etwas zu entdecken ... Dies hier ist meine individuelle Zeitreise durch die S\u00e4chsische Geschichte ...<br \/>Es k\u00f6nnten hier allerdings bereits viel mehr Bilder erscheinen, aber die vorab besuchten Schl\u00f6sser und Burgen m\u00fcssen leider noch in das neue Layout gebracht werden ...<br \/>Viel Spa\u00df mit meinen bisher ver\u00f6ffentlichten Foto-Touren in\u00a0<strong> Sachsen' s Schl\u00f6sser und Burgen<\/strong>:<\/p>    <\/div>\n<\/div>\t<\/div>\n<\/div><\/div>\n\n<div class=\"fw-row\">\n\t\n<div id=\"column-69ec301e8c0d8\" class=\" fw-col-sm-12  \" style=\" \">\n        <div class=\"fw-col-inner\" >\n\t\t<div class=\"fw-col-inner\">\n    <div class=\"fw-portfolio fw-portfolio-1 fw-portfolio-cols-3  fw-portfolio-landscape\">\n                            <div class=\"row fw-portfolio-wrapper\">\n                <ul id=\"fw-portfolio-list-69ec301e8c471\" class=\"fw-portfolio-list clearfix\">\n                    <li data-category=\"architecture-portfolio-1, on-tour, architecture, architecture-portfolio-1, \">\n    <div class=\"fw-image-relative fw-ratio-container fw-ratio-16-9\">\n        <a href=\"https:\/\/photographiesandmore.de\/en\/project\/bad-elster\/\" class=\"fw-portfolio-image\">\n            <noscript><img decoding=\"async\" src=\"https:\/\/photographiesandmore.de\/wp-content\/uploads\/2020\/06\/IMGP5839-Bearbeitet.jpg\" alt=\"IMGP5839-Bearbeitet\"><\/noscript><img decoding=\"async\" src=\"data:image\/gif;base64,R0lGODlhAQABAIAAAAAAAP\/\/\/yH5BAEAAAAALAAAAAABAAEAAAIBRAA7\" data-sizes=\"auto\" data-maxdpr=\"1.7\" data-fwimgpath=\"https:\/\/photographiesandmore.de\/wp-content\/uploads\/2020\/06\/\" data-srcset=\"IMGP5839-Bearbeitet.jpg 1920w\" data-srcfw-ratio-3-2=\"IMGP5839-Bearbeitet-449x300.jpg 449w, IMGP5839-Bearbeitet-1024x684.jpg 1024w, IMGP5839-Bearbeitet-768x513.jpg 768w, IMGP5839-Bearbeitet-1536x1025.jpg 1536w, IMGP5839-Bearbeitet-300x200.jpg 300w, IMGP5839-Bearbeitet-300x200.jpg 300w, IMGP5839-Bearbeitet.jpg 1920w\" data-srcfw-ratio-1=\"IMGP5839-Bearbeitet-150x150.jpg 150w, IMGP5839-Bearbeitet-800x800.jpg 800w, IMGP5839-Bearbeitet-300x300.jpg 300w, IMGP5839-Bearbeitet-300x300.jpg 300w, IMGP5839-Bearbeitet-100x100.jpg 100w, IMGP5839-Bearbeitet-300x300.jpg 300w, IMGP5839-Bearbeitet-100x100.jpg 100w\" data-srcfw-ratio-16-9=\"IMGP5839-Bearbeitet-1228x691.jpg 1228w, IMGP5839-Bearbeitet-614x346.jpg 614w, IMGP5839-Bearbeitet-295x166.jpg 295w, IMGP5839-Bearbeitet-590x332.jpg 590w\" data-srcfw-ratio-9-16=\"IMGP5839-Bearbeitet-295x524.jpg 295w, IMGP5839-Bearbeitet-590x1048.jpg 590w\" data-srcfw-ratio-3-4=\"IMGP5839-Bearbeitet-295x393.jpg 295w, IMGP5839-Bearbeitet-590x786.jpg 590w\"   alt=\"IMGP5839-Bearbeitet\" class=\"lazyload\" \/>            <span class=\"fw-portfolio-zoom\"><\/span>\n            <div class=\"fw-portfolio-overlay\">\n                <div class=\"fw-itable\">\n                    <div class=\"fw-icell\">\n                        <span class=\"fw-portfolio-title\">Bad Elster<\/span>\n                        <span class=\"fw-portfolio-description\"><p>On Tour durch Bad Elster Unterwegs in Sachsen &#8211; Bad Elster, ein Kurort im s\u00e4chsischen Vogtlandkreis. Die Tour startet im Historischen Kurpark am Badeplatz mit seinen Figuren und Springbrunnen bis hin zum K\u00f6nig-Albert-Bad aus dem Jahre 1908. Direkt gegen\u00fcber \u00fcber die historische Br\u00fccke streift man das Kur-Theater K\u00f6nig Albert und erreicht das K\u00f6nigliche Kurhaus mit [&hellip;]<\/p>\n<\/span>\n                        <span class=\"fw-number-photo\">36 Photos<\/span>\n                    <\/div>\n                <\/div>\n            <\/div>\n        <\/a>\n    <\/div>\n<\/li><li data-category=\"architecture-portfolio-1, on-tour, architecture, architecture-portfolio-1, \">\n    <div class=\"fw-image-relative fw-ratio-container fw-ratio-16-9\">\n        <a href=\"https:\/\/photographiesandmore.de\/en\/project\/rabenstein\/\" class=\"fw-portfolio-image\">\n            <noscript><img decoding=\"async\" src=\"https:\/\/photographiesandmore.de\/wp-content\/uploads\/2018\/05\/IMGP5770.jpg\" alt=\"IMGP5770\"><\/noscript><img decoding=\"async\" src=\"data:image\/gif;base64,R0lGODlhAQABAIAAAAAAAP\/\/\/yH5BAEAAAAALAAAAAABAAEAAAIBRAA7\" data-sizes=\"auto\" data-maxdpr=\"1.7\" data-fwimgpath=\"https:\/\/photographiesandmore.de\/wp-content\/uploads\/2018\/05\/\" data-srcset=\"IMGP5770.jpg 1920w\" data-srcfw-ratio-1=\"IMGP5770-150x150.jpg 150w, IMGP5770-800x800.jpg 800w, IMGP5770-300x300.jpg 300w, IMGP5770-300x300.jpg 300w, IMGP5770-100x100.jpg 100w, IMGP5770-300x300.jpg 300w, IMGP5770-100x100.jpg 100w\" data-srcfw-ratio-16-9=\"IMGP5770-300x169.jpg 300w, IMGP5770-768x432.jpg 768w, IMGP5770-1024x576.jpg 1024w, IMGP5770-1228x691.jpg 1228w, IMGP5770-614x346.jpg 614w, IMGP5770-295x166.jpg 295w, IMGP5770-590x332.jpg 590w, IMGP5770-300x169.jpg 300w, IMGP5770-300x169.jpg 300w, IMGP5770.jpg 1920w\" data-srcfw-ratio-9-16=\"IMGP5770-295x524.jpg 295w, IMGP5770-590x1048.jpg 590w\" data-srcfw-ratio-3-4=\"IMGP5770-295x393.jpg 295w, IMGP5770-590x786.jpg 590w\"   alt=\"IMGP5770\" class=\"lazyload\" \/>            <span class=\"fw-portfolio-zoom\"><\/span>\n            <div class=\"fw-portfolio-overlay\">\n                <div class=\"fw-itable\">\n                    <div class=\"fw-icell\">\n                        <span class=\"fw-portfolio-title\">Rabenstein<\/span>\n                        <span class=\"fw-portfolio-description\"><p>Hotel Schloss Rabenstein<\/p>\n<\/span>\n                        <span class=\"fw-number-photo\">9 Photos<\/span>\n                    <\/div>\n                <\/div>\n            <\/div>\n        <\/a>\n    <\/div>\n<\/li><li data-category=\"architecture-portfolio-1, architecture, architecture-portfolio-1, \">\n    <div class=\"fw-image-relative fw-ratio-container fw-ratio-16-9\">\n        <a href=\"https:\/\/photographiesandmore.de\/en\/project\/kromlau-schloss\/\" class=\"fw-portfolio-image\">\n            <noscript><img decoding=\"async\" src=\"https:\/\/photographiesandmore.de\/wp-content\/uploads\/2018\/04\/Kromlau_InesSchoenherr_1920-9936.jpg\" alt=\"Kromlau_InesSchoenherr_1920-9936\"><\/noscript><img decoding=\"async\" src=\"data:image\/gif;base64,R0lGODlhAQABAIAAAAAAAP\/\/\/yH5BAEAAAAALAAAAAABAAEAAAIBRAA7\" data-sizes=\"auto\" data-maxdpr=\"1.7\" data-fwimgpath=\"https:\/\/photographiesandmore.de\/wp-content\/uploads\/2018\/04\/\" data-srcset=\"Kromlau_InesSchoenherr_1920-9936.jpg 1920w\" data-srcfw-ratio-1=\"Kromlau_InesSchoenherr_1920-9936-150x150.jpg 150w, Kromlau_InesSchoenherr_1920-9936-800x800.jpg 800w, Kromlau_InesSchoenherr_1920-9936-300x300.jpg 300w, Kromlau_InesSchoenherr_1920-9936-300x300.jpg 300w, Kromlau_InesSchoenherr_1920-9936-100x100.jpg 100w, Kromlau_InesSchoenherr_1920-9936-300x300.jpg 300w, Kromlau_InesSchoenherr_1920-9936-100x100.jpg 100w\" data-srcfw-ratio-3-2=\"Kromlau_InesSchoenherr_1920-9936-300x199.jpg 300w, Kromlau_InesSchoenherr_1920-9936-768x509.jpg 768w, Kromlau_InesSchoenherr_1920-9936-1024x678.jpg 1024w, Kromlau_InesSchoenherr_1920-9936-300x199.jpg 300w, Kromlau_InesSchoenherr_1920-9936-300x199.jpg 300w, Kromlau_InesSchoenherr_1920-9936.jpg 1920w\" data-srcfw-ratio-16-9=\"Kromlau_InesSchoenherr_1920-9936-1228x691.jpg 1228w, Kromlau_InesSchoenherr_1920-9936-614x346.jpg 614w, Kromlau_InesSchoenherr_1920-9936-295x166.jpg 295w, Kromlau_InesSchoenherr_1920-9936-590x332.jpg 590w\" data-srcfw-ratio-9-16=\"Kromlau_InesSchoenherr_1920-9936-295x524.jpg 295w, Kromlau_InesSchoenherr_1920-9936-590x1048.jpg 590w\" data-srcfw-ratio-3-4=\"Kromlau_InesSchoenherr_1920-9936-295x393.jpg 295w, Kromlau_InesSchoenherr_1920-9936-590x786.jpg 590w\"   alt=\"Kromlau_InesSchoenherr_1920-9936\" class=\"lazyload\" \/>            <span class=\"fw-portfolio-zoom\"><\/span>\n            <div class=\"fw-portfolio-overlay\">\n                <div class=\"fw-itable\">\n                    <div class=\"fw-icell\">\n                        <span class=\"fw-portfolio-title\">Kromlau &#038; Schloss<\/span>\n                        <span class=\"fw-portfolio-description\"><p>Azaleen- und Rhododendronpark Kromlau mit Hochzeitsschloss <\/p>\n<\/span>\n                        <span class=\"fw-number-photo\">33 Photos<\/span>\n                    <\/div>\n                <\/div>\n            <\/div>\n        <\/a>\n    <\/div>\n<\/li><li data-category=\"architecture-portfolio-1, portfolio-haupt, architecture, \">\n    <div class=\"fw-image-relative fw-ratio-container fw-ratio-16-9\">\n        <a href=\"https:\/\/photographiesandmore.de\/en\/project\/schloss-fluss\/\" class=\"fw-portfolio-image\">\n            <noscript><img decoding=\"async\" src=\"https:\/\/photographiesandmore.de\/wp-content\/uploads\/2018\/03\/Schloss_Trebsen_Preview1-0955-1.jpg\" alt=\"Schloss_Trebsen_Preview1-0955\"><\/noscript><img decoding=\"async\" src=\"data:image\/gif;base64,R0lGODlhAQABAIAAAAAAAP\/\/\/yH5BAEAAAAALAAAAAABAAEAAAIBRAA7\" data-sizes=\"auto\" data-maxdpr=\"1.7\" data-fwimgpath=\"https:\/\/photographiesandmore.de\/wp-content\/uploads\/2018\/03\/\" data-srcset=\"Schloss_Trebsen_Preview1-0955-1.jpg 1920w\" data-srcfw-ratio-1=\"Schloss_Trebsen_Preview1-0955-1-150x150.jpg 150w, Schloss_Trebsen_Preview1-0955-1-800x800.jpg 800w, Schloss_Trebsen_Preview1-0955-1-300x300.jpg 300w, Schloss_Trebsen_Preview1-0955-1-300x300.jpg 300w, Schloss_Trebsen_Preview1-0955-1-100x100.jpg 100w, Schloss_Trebsen_Preview1-0955-1-300x300.jpg 300w, Schloss_Trebsen_Preview1-0955-1-100x100.jpg 100w\" data-srcfw-ratio-16-9=\"Schloss_Trebsen_Preview1-0955-1-300x169.jpg 300w, Schloss_Trebsen_Preview1-0955-1-768x432.jpg 768w, Schloss_Trebsen_Preview1-0955-1-1024x576.jpg 1024w, Schloss_Trebsen_Preview1-0955-1-1228x691.jpg 1228w, Schloss_Trebsen_Preview1-0955-1-614x346.jpg 614w, Schloss_Trebsen_Preview1-0955-1-295x166.jpg 295w, Schloss_Trebsen_Preview1-0955-1-590x332.jpg 590w, Schloss_Trebsen_Preview1-0955-1-300x169.jpg 300w, Schloss_Trebsen_Preview1-0955-1-300x169.jpg 300w, Schloss_Trebsen_Preview1-0955-1.jpg 1920w\" data-srcfw-ratio-9-16=\"Schloss_Trebsen_Preview1-0955-1-295x524.jpg 295w, Schloss_Trebsen_Preview1-0955-1-590x1048.jpg 590w\" data-srcfw-ratio-3-4=\"Schloss_Trebsen_Preview1-0955-1-295x393.jpg 295w, Schloss_Trebsen_Preview1-0955-1-590x786.jpg 590w\"   alt=\"Schloss_Trebsen_Preview1-0955\" class=\"lazyload\" \/>            <span class=\"fw-portfolio-zoom\"><\/span>\n            <div class=\"fw-portfolio-overlay\">\n                <div class=\"fw-itable\">\n                    <div class=\"fw-icell\">\n                        <span class=\"fw-portfolio-title\">Trebsen &#038; Schloss<\/span>\n                        <span class=\"fw-portfolio-description\"><p>Schloss Trebsen Mit Blick auf eine Location f\u00fcr ein Paar FotoShooting fiel Schloss Trebsen ins Auge. Schloss Trebsen liegt an der Mulde und ist auf der anderen Seite von einem Wasserkanal umgeben. Den Besucher erwartet\u00a0 eine vier fl\u00fcgelige Schlossanlage mit Ziergiebeln an den sp\u00e4tgotischen Fassaden. Der im englischen Stil eher einfach gestaltete Schlosspark aus dem [&hellip;]<\/p>\n<\/span>\n                        <span class=\"fw-number-photo\">24 Photos<\/span>\n                    <\/div>\n                <\/div>\n            <\/div>\n        <\/a>\n    <\/div>\n<\/li><li data-category=\"architecture-portfolio-1, portfolio-haupt, architecture, \">\n    <div class=\"fw-image-relative fw-ratio-container fw-ratio-16-9\">\n        <a href=\"https:\/\/photographiesandmore.de\/en\/project\/barock-schloss\/\" class=\"fw-portfolio-image\">\n            <noscript><img decoding=\"async\" src=\"https:\/\/photographiesandmore.de\/wp-content\/uploads\/2016\/02\/moritzburg_phandmore-IMGP4636.jpg\" alt=\"moritzburg_phandmore-IMGP4636\"><\/noscript><img decoding=\"async\" src=\"data:image\/gif;base64,R0lGODlhAQABAIAAAAAAAP\/\/\/yH5BAEAAAAALAAAAAABAAEAAAIBRAA7\" data-sizes=\"auto\" data-maxdpr=\"1.7\" data-fwimgpath=\"https:\/\/photographiesandmore.de\/wp-content\/uploads\/2016\/02\/\" data-srcset=\"moritzburg_phandmore-IMGP4636.jpg 1920w\" data-srcfw-ratio-1=\"moritzburg_phandmore-IMGP4636-300x300.jpg 300w, moritzburg_phandmore-IMGP4636-100x100.jpg 100w, moritzburg_phandmore-IMGP4636-150x150.jpg 150w, moritzburg_phandmore-IMGP4636-100x100.jpg 100w, moritzburg_phandmore-IMGP4636-300x300.jpg 300w, moritzburg_phandmore-IMGP4636-800x800.jpg 800w, moritzburg_phandmore-IMGP4636-300x300.jpg 300w\" data-srcfw-ratio-16-9=\"moritzburg_phandmore-IMGP4636-300x169.jpg 300w, moritzburg_phandmore-IMGP4636-300x169.jpg 300w, moritzburg_phandmore-IMGP4636-768x432.jpg 768w, moritzburg_phandmore-IMGP4636-1024x576.jpg 1024w, moritzburg_phandmore-IMGP4636-300x169.jpg 300w, moritzburg_phandmore-IMGP4636-1228x691.jpg 1228w, moritzburg_phandmore-IMGP4636-614x346.jpg 614w, moritzburg_phandmore-IMGP4636-295x166.jpg 295w, moritzburg_phandmore-IMGP4636-590x332.jpg 590w, moritzburg_phandmore-IMGP4636.jpg 1920w\" data-srcfw-ratio-9-16=\"moritzburg_phandmore-IMGP4636-295x524.jpg 295w, moritzburg_phandmore-IMGP4636-590x1048.jpg 590w\" data-srcfw-ratio-3-4=\"moritzburg_phandmore-IMGP4636-295x393.jpg 295w, moritzburg_phandmore-IMGP4636-590x786.jpg 590w\"   alt=\"moritzburg_phandmore-IMGP4636\" class=\"lazyload\" \/>            <span class=\"fw-portfolio-zoom\"><\/span>\n            <div class=\"fw-portfolio-overlay\">\n                <div class=\"fw-itable\">\n                    <div class=\"fw-icell\">\n                        <span class=\"fw-portfolio-title\">Barock &#038; Schloss<\/span>\n                        <span class=\"fw-portfolio-description\"><p>Schloss Lichtenwalde bei Niederwiesa<\/p>\n<\/span>\n                        <span class=\"fw-number-photo\">9 Photos<\/span>\n                    <\/div>\n                <\/div>\n            <\/div>\n        <\/a>\n    <\/div>\n<\/li><li data-category=\"architecture-portfolio-1, longexposure, portfolio-haupt, architecture, \">\n    <div class=\"fw-image-relative fw-ratio-container fw-ratio-16-9\">\n        <a href=\"https:\/\/photographiesandmore.de\/en\/project\/wackerbarth\/\" class=\"fw-portfolio-image\">\n            <noscript><img decoding=\"async\" src=\"https:\/\/photographiesandmore.de\/wp-content\/uploads\/2016\/12\/wackerbarth-IMGP4641.jpg\" alt=\"wackerbarth-imgp4641\"><\/noscript><img decoding=\"async\" src=\"data:image\/gif;base64,R0lGODlhAQABAIAAAAAAAP\/\/\/yH5BAEAAAAALAAAAAABAAEAAAIBRAA7\" data-sizes=\"auto\" data-maxdpr=\"1.7\" data-fwimgpath=\"https:\/\/photographiesandmore.de\/wp-content\/uploads\/2016\/12\/\" data-srcset=\"wackerbarth-IMGP4641.jpg 1920w\" data-srcfw-ratio-1=\"wackerbarth-IMGP4641-150x150.jpg 150w, wackerbarth-IMGP4641-800x800.jpg 800w, wackerbarth-IMGP4641-300x300.jpg 300w, wackerbarth-IMGP4641-300x300.jpg 300w, wackerbarth-IMGP4641-100x100.jpg 100w, wackerbarth-IMGP4641-300x300.jpg 300w, wackerbarth-IMGP4641-100x100.jpg 100w\" data-srcfw-ratio-16-9=\"wackerbarth-IMGP4641-533x300.jpg 533w, wackerbarth-IMGP4641-768x432.jpg 768w, wackerbarth-IMGP4641-1536x864.jpg 1536w, wackerbarth-IMGP4641-16x9.jpg 16w, wackerbarth-IMGP4641-1228x691.jpg 1228w, wackerbarth-IMGP4641-614x346.jpg 614w, wackerbarth-IMGP4641-295x166.jpg 295w, wackerbarth-IMGP4641-590x332.jpg 590w, wackerbarth-IMGP4641-300x169.jpg 300w, wackerbarth-IMGP4641-300x169.jpg 300w, wackerbarth-IMGP4641.jpg 1920w\" data-srcfw-ratio-9-16=\"wackerbarth-IMGP4641-295x524.jpg 295w, wackerbarth-IMGP4641-590x1048.jpg 590w\" data-srcfw-ratio-3-4=\"wackerbarth-IMGP4641-295x393.jpg 295w, wackerbarth-IMGP4641-590x786.jpg 590w\"   alt=\"wackerbarth-imgp4641\" class=\"lazyload\" \/>            <span class=\"fw-portfolio-zoom\"><\/span>\n            <div class=\"fw-portfolio-overlay\">\n                <div class=\"fw-itable\">\n                    <div class=\"fw-icell\">\n                        <span class=\"fw-portfolio-title\">Lichter &#038; Glanz<\/span>\n                        <span class=\"fw-portfolio-description\"><p>Lichterfest Schloss Wackerbarth in Radebeul bei Dresden<\/p>\n<\/span>\n                        <span class=\"fw-number-photo\">12 Photos<\/span>\n                    <\/div>\n                <\/div>\n            <\/div>\n        <\/a>\n    <\/div>\n<\/li><li data-category=\"architecture-portfolio-1, nd, portfolio-haupt, architecture, \">\n    <div class=\"fw-image-relative fw-ratio-container fw-ratio-16-9\">\n        <a href=\"https:\/\/photographiesandmore.de\/en\/project\/rochlitz\/\" class=\"fw-portfolio-image\">\n            <noscript><img decoding=\"async\" src=\"https:\/\/photographiesandmore.de\/wp-content\/uploads\/2015\/01\/IMGP4327.jpg\" alt=\"imgp4327\"><\/noscript><img decoding=\"async\" src=\"data:image\/gif;base64,R0lGODlhAQABAIAAAAAAAP\/\/\/yH5BAEAAAAALAAAAAABAAEAAAIBRAA7\" data-sizes=\"auto\" data-maxdpr=\"1.7\" data-fwimgpath=\"https:\/\/photographiesandmore.de\/wp-content\/uploads\/2015\/01\/\" data-srcset=\"IMGP4327.jpg 1920w\" data-srcfw-ratio-1=\"IMGP4327-150x150.jpg 150w, IMGP4327-800x800.jpg 800w, IMGP4327-300x300.jpg 300w, IMGP4327-300x300.jpg 300w, IMGP4327-100x100.jpg 100w, IMGP4327-300x300.jpg 300w, IMGP4327-100x100.jpg 100w\" data-srcfw-ratio-16-9=\"IMGP4327-533x300.jpg 533w, IMGP4327-768x432.jpg 768w, IMGP4327-1536x864.jpg 1536w, IMGP4327-16x9.jpg 16w, IMGP4327-1228x691.jpg 1228w, IMGP4327-614x346.jpg 614w, IMGP4327-295x166.jpg 295w, IMGP4327-590x332.jpg 590w, IMGP4327-300x169.jpg 300w, IMGP4327-300x169.jpg 300w, IMGP4327.jpg 1920w\" data-srcfw-ratio-9-16=\"IMGP4327-295x524.jpg 295w, IMGP4327-590x1048.jpg 590w\" data-srcfw-ratio-3-4=\"IMGP4327-295x393.jpg 295w, IMGP4327-590x786.jpg 590w\"   alt=\"imgp4327\" class=\"lazyload\" \/>            <span class=\"fw-portfolio-zoom\"><\/span>\n            <div class=\"fw-portfolio-overlay\">\n                <div class=\"fw-itable\">\n                    <div class=\"fw-icell\">\n                        <span class=\"fw-portfolio-title\">Schloss &#038; Fluss<\/span>\n                        <span class=\"fw-portfolio-description\"><p>Schloss Rochlitz an der Zwickauer Mulde<\/p>\n<\/span>\n                        <span class=\"fw-number-photo\">11 Photos<\/span>\n                    <\/div>\n                <\/div>\n            <\/div>\n        <\/a>\n    <\/div>\n<\/li><li data-category=\"architecture-portfolio-1, nd, portfolio-haupt, architecture, \">\n    <div class=\"fw-image-relative fw-ratio-container fw-ratio-16-9\">\n        <a href=\"https:\/\/photographiesandmore.de\/en\/project\/rochsburg\/\" class=\"fw-portfolio-image\">\n            <noscript><img decoding=\"async\" src=\"https:\/\/photographiesandmore.de\/wp-content\/uploads\/2015\/01\/IMGP4242.jpg\" alt=\"imgp4242\"><\/noscript><img decoding=\"async\" src=\"data:image\/gif;base64,R0lGODlhAQABAIAAAAAAAP\/\/\/yH5BAEAAAAALAAAAAABAAEAAAIBRAA7\" data-sizes=\"auto\" data-maxdpr=\"1.7\" data-fwimgpath=\"https:\/\/photographiesandmore.de\/wp-content\/uploads\/2015\/01\/\" data-srcset=\"IMGP4242.jpg 1920w\" data-srcfw-ratio-1=\"IMGP4242-150x150.jpg 150w, IMGP4242-800x800.jpg 800w, IMGP4242-300x300.jpg 300w, IMGP4242-300x300.jpg 300w, IMGP4242-100x100.jpg 100w, IMGP4242-300x300.jpg 300w, IMGP4242-100x100.jpg 100w\" data-srcfw-ratio-16-9=\"IMGP4242-533x300.jpg 533w, IMGP4242-768x432.jpg 768w, IMGP4242-1536x864.jpg 1536w, IMGP4242-16x9.jpg 16w, IMGP4242-1228x691.jpg 1228w, IMGP4242-614x346.jpg 614w, IMGP4242-295x166.jpg 295w, IMGP4242-590x332.jpg 590w, IMGP4242-300x169.jpg 300w, IMGP4242-300x169.jpg 300w, IMGP4242.jpg 1920w\" data-srcfw-ratio-9-16=\"IMGP4242-295x524.jpg 295w, IMGP4242-590x1048.jpg 590w\" data-srcfw-ratio-3-4=\"IMGP4242-295x393.jpg 295w, IMGP4242-590x786.jpg 590w\"   alt=\"imgp4242\" class=\"lazyload\" \/>            <span class=\"fw-portfolio-zoom\"><\/span>\n            <div class=\"fw-portfolio-overlay\">\n                <div class=\"fw-itable\">\n                    <div class=\"fw-icell\">\n                        <span class=\"fw-portfolio-title\">Felsen &#038; Schloss<\/span>\n                        <span class=\"fw-portfolio-description\"><p>Schloss Rochsburg bei Lunzenau<\/p>\n<\/span>\n                        <span class=\"fw-number-photo\">9 Photos<\/span>\n                    <\/div>\n                <\/div>\n            <\/div>\n        <\/a>\n    <\/div>\n<\/li><li data-category=\"architecture-portfolio-1, longexposure, nd, portfolio-haupt, architecture, \">\n    <div class=\"fw-image-relative fw-ratio-container fw-ratio-16-9\">\n        <a href=\"https:\/\/photographiesandmore.de\/en\/project\/maerchen-schloss\/\" class=\"fw-portfolio-image\">\n            <noscript><img decoding=\"async\" src=\"https:\/\/photographiesandmore.de\/wp-content\/uploads\/2016\/12\/moritzburg_phandmore-IMGP2172.jpg\" alt=\"moritzburg_phandmore-IMGP2172\"><\/noscript><img decoding=\"async\" src=\"data:image\/gif;base64,R0lGODlhAQABAIAAAAAAAP\/\/\/yH5BAEAAAAALAAAAAABAAEAAAIBRAA7\" data-sizes=\"auto\" data-maxdpr=\"1.7\" data-fwimgpath=\"https:\/\/photographiesandmore.de\/wp-content\/uploads\/2016\/12\/\" data-srcset=\"moritzburg_phandmore-IMGP2172.jpg 1920w\" data-srcfw-ratio-1=\"moritzburg_phandmore-IMGP2172-300x300.jpg 300w, moritzburg_phandmore-IMGP2172-100x100.jpg 100w, moritzburg_phandmore-IMGP2172-150x150.jpg 150w, moritzburg_phandmore-IMGP2172-100x100.jpg 100w, moritzburg_phandmore-IMGP2172-300x300.jpg 300w, moritzburg_phandmore-IMGP2172-800x800.jpg 800w, moritzburg_phandmore-IMGP2172-300x300.jpg 300w\" data-srcfw-ratio-16-9=\"moritzburg_phandmore-IMGP2172-300x169.jpg 300w, moritzburg_phandmore-IMGP2172-300x169.jpg 300w, moritzburg_phandmore-IMGP2172-768x432.jpg 768w, moritzburg_phandmore-IMGP2172-1024x576.jpg 1024w, moritzburg_phandmore-IMGP2172-300x169.jpg 300w, moritzburg_phandmore-IMGP2172-1228x691.jpg 1228w, moritzburg_phandmore-IMGP2172-614x346.jpg 614w, moritzburg_phandmore-IMGP2172-295x166.jpg 295w, moritzburg_phandmore-IMGP2172-590x332.jpg 590w, moritzburg_phandmore-IMGP2172.jpg 1920w\" data-srcfw-ratio-9-16=\"moritzburg_phandmore-IMGP2172-295x524.jpg 295w, moritzburg_phandmore-IMGP2172-590x1048.jpg 590w\" data-srcfw-ratio-3-4=\"moritzburg_phandmore-IMGP2172-295x393.jpg 295w, moritzburg_phandmore-IMGP2172-590x786.jpg 590w\"   alt=\"moritzburg_phandmore-IMGP2172\" class=\"lazyload\" \/>            <span class=\"fw-portfolio-zoom\"><\/span>\n            <div class=\"fw-portfolio-overlay\">\n                <div class=\"fw-itable\">\n                    <div class=\"fw-icell\">\n                        <span class=\"fw-portfolio-title\">M\u00e4rchen &#038; Romantik<\/span>\n                        <span class=\"fw-portfolio-description\"><p>Schloss Moritzburg in Mei\u00dfen <\/p>\n<\/span>\n                        <span class=\"fw-number-photo\">1 Photo<\/span>\n                    <\/div>\n                <\/div>\n            <\/div>\n        <\/a>\n    <\/div>\n<\/li>                <\/ul>\n            <\/div>\n            <\/div><!-- \/.fw-portfolio -->\n<\/div>\t<\/div>\n<\/div><\/div>\n\n\t<\/div>\n<\/section><\/p>\n","protected":false},"excerpt":{"rendered":"<p>Schloss Moritzburg Aschenbr\u00f6del&#8217;s M\u00e4rchenschloss Das M\u00e4rchenschloss aus dem M\u00e4rchenfilm &#8220; Drei Haseln\u00fcsse f\u00fcr Aschenbr\u00f6del&#8220; in Moritzburg \/ Mei\u00dfen<\/p>","protected":false},"author":1,"featured_media":0,"parent":0,"menu_order":0,"comment_status":"closed","ping_status":"closed","template":"visual-builder-template.php","meta":{"footnotes":""},"class_list":["post-2835","page","type-page","status-publish","hentry"],"_links":{"self":[{"href":"https:\/\/photographiesandmore.de\/en\/wp-json\/wp\/v2\/pages\/2835","targetHints":{"allow":["GET"]}}],"collection":[{"href":"https:\/\/photographiesandmore.de\/en\/wp-json\/wp\/v2\/pages"}],"about":[{"href":"https:\/\/photographiesandmore.de\/en\/wp-json\/wp\/v2\/types\/page"}],"author":[{"embeddable":true,"href":"https:\/\/photographiesandmore.de\/en\/wp-json\/wp\/v2\/users\/1"}],"replies":[{"embeddable":true,"href":"https:\/\/photographiesandmore.de\/en\/wp-json\/wp\/v2\/comments?post=2835"}],"version-history":[{"count":42,"href":"https:\/\/photographiesandmore.de\/en\/wp-json\/wp\/v2\/pages\/2835\/revisions"}],"predecessor-version":[{"id":5571,"href":"https:\/\/photographiesandmore.de\/en\/wp-json\/wp\/v2\/pages\/2835\/revisions\/5571"}],"wp:attachment":[{"href":"https:\/\/photographiesandmore.de\/en\/wp-json\/wp\/v2\/media?parent=2835"}],"curies":[{"name":"wp","href":"https:\/\/api.w.org\/{rel}","templated":true}]}}