{"id":200,"date":"2016-11-13T22:00:35","date_gmt":"2016-11-13T21:00:35","guid":{"rendered":"https:\/\/photographiesandmore.de\/?page_id=200"},"modified":"2021-06-29T11:54:16","modified_gmt":"2021-06-29T09:54:16","slug":"preise","status":"publish","type":"page","link":"https:\/\/photographiesandmore.de\/en\/preise\/","title":{"rendered":"Pricing"},"content":{"rendered":"<p><section id=\"section-69ec2ffa38b26\" class=\"fw-main-row-custom fw-main-row-top fw-content-overlay-md fw_theme_bg_fw-custom fw-image-section fw-section-height-md\" style=\" background-image:url(https:\/\/photographiesandmore.de\/wp-content\/uploads\/2019\/12\/HEAD-HOMEPAGE_Gutscheine_1920x434.jpg); background-repeat: no-repeat; background-position: center top; background-size: cover;  \"  >\n\t\t<div class=\"fw-container-fluid\">\n\t\t<div class=\"fw-row\">\n\t\n<div id=\"column-69ec2ffa392f9\" class=\"fw-col-sm-12\" style=\" \">\n        <div class=\"fw-col-inner\" >\n\t\t<div class=\"fw-heading fw-heading-h1 fw-heading-center\">\n\t\t\t<h1 class=\"fw-special-title fw_theme_text_color_4\" >Preise<\/h1>\n\t\t<svg version=\"1.1\" id=\"Layer_3\" xmlns=\"http:\/\/www.w3.org\/2000\/svg\" xmlns:xlink=\"http:\/\/www.w3.org\/1999\/xlink\" x=\"0px\" y=\"0px\" width=\"549.511px\" height=\"16.103px\" viewbox=\"0 0 549.511 16.103\" enable-background=\"new 0 0 549.511 16.103\" xml:space=\"preserve\"> <path fill-rule=\"evenodd\" clip-rule=\"evenodd\" fill=\"#7A4448\" d=\"M0,0v16.103c0,0,1.099-8.277,9.157-8.162 c0.07,0.001,10.766,0.003,10.837,0.006V6.905L9.148,6.91C9.148,6.91,0.759,5.569,0,0z M549.511,0v16.103 c0,0-1.098-8.277-9.156-8.162c-0.07,0.001-520.266,0.003-520.337,0.006V6.905L540.363,6.91C540.363,6.91,548.753,5.569,549.511,0z\" \/><\/svg>\t<\/div>\t<\/div>\n<\/div><\/div>\n\n\t<\/div>\n<\/section><section id=\"section-69ec2ffa3a481\" class=\"fw-main-row  auto\" style=\"   \"  >\n\t\t<div class=\"fw-container\">\n\t\t<div class=\"fw-row\">\n\t\n<div id=\"column-69ec2ffa3acaa\" class=\"fw-col-sm-12\" style=\" \">\n        <div class=\"fw-col-inner\" >\n\t\t<blockquote class=\"fw-quote fw-quote-center fw-quote-lg\">\n    <p>F\u00fcr angenehme Erinnerungen muss man im Voraus sorgen.<\/p><p style=\"text-align: center;\"><em>Paul H\u00f6rbiger<\/em><\/p>\t\t\t<small class=\"fw-quote-author\">\n\t\t\t<span>\n\t\t\t\t\t\t\t\t\t<a class=\"anchor scroll-to\" href=\"#pricing-table\">View Pricing Table<\/a>\n\t\t\t\t\t\t\t<\/span>\n\t\t<\/small>\n\t<\/blockquote>\t<\/div>\n<\/div><\/div>\n\n<div class=\"fw-row\">\n\t\n<div id=\"column-69ec2ffa3bfeb\" class=\"fw-col-sm-12\" style=\" \">\n        <div class=\"fw-col-inner\" >\n\t\t<div class=\"fw-text-box\">\n    <div class=\"fw-text-inner\">\n        <p style=\"text-align: center;\">Manchmal gibt es aber auch unwiederbringbare Erinnerungen, wie ein unvergesslicher Babybauch oder besondere Anl\u00e4sse, die gen\u00fcgend Grund f\u00fcr das Festhalten in Fotos bieten.\u00a0 Oder einfach, um jemanden eine Freude mit einem FotoShooting zu bereiten.<br \/>Nachfolgend einige Angebotsformate, die aber nicht zwingend sind.\u00a0Letztendlich kl\u00e4ren wir das individuell ab, wie Ihr es haben m\u00f6chtet ...<\/p>    <\/div>\n<\/div>\t<\/div>\n<\/div><\/div>\n\n<div class=\"fw-row\">\n\t\n<div id=\"column-69ec2ffa3d28c\" class=\"fw-col-sm-12\" style=\" \">\n        <div class=\"fw-col-inner\" >\n\t\t<div class=\"fw-divider-space\" style=\"margin-bottom:55px;\" ><\/div>\t<\/div>\n<\/div><\/div>\n\n<div class=\"fw-row\">\n\t\n<div id=\"column-69ec2ffa3e2c2\" class=\"fw-col-sm-12\" style=\" \">\n        <div class=\"fw-col-inner\" >\n\t\t<div class=\"fw-price-table clearfix fw-price-1\">\n\t        <div class=\"fw-price-col fw-price-package\">\n            <div class=\"fw-price-inner\">\n\t\t\t\t\t\t\t\t\t\n                                                    <div class=\"fw-price-head\">\n                                                                <h3 class=\"fw-price-title\">\t\t\t\t\t\t\t\t\t\t\t\t\t\t\t\t\t\t\t\t\t\t\t\t\t\t\t\t\r\nFOTO SHOOTING\r\n\t\t\t\t\t\t\t\t\t\t\t\t\t\t\t\t\t\t\t\t\t\t\t\t\t\t\t\t\t\t\t<\/h3>\n                            <\/div>\n                        \n\t\t\t\t\t\t\t\t\t\t\t\t\t\t\n                        <div class=\"fw-price-row\">\n                            <span class=\"fw-itable\">\n                                <span class=\"fw-icell\">\n                                                                S C H N U P P E R - <br>\r\n A N G E B O T                                <\/span>\n                            <\/span>\n                        <\/div>\n\n\t\t\t\t\t\t\t\t\t\t\t\t\t\t\n                                                                                                            <div class=\"fw-price-amount\">\n                                <strong class=\"fw-price-value\"><span>\u20ac<\/span>45<\/strong>\n                                                            <\/div>\n                        \n\t\t\t\t\t\t\t\t\t\t\t\t\t\t\n                        <div class=\"fw-price-row\">\n                            <span class=\"fw-itable\">\n                                <span class=\"fw-icell\">\n                                                                \t\t\t\t\t\t\t\t\t\t\t\t\t\t\t\t\t\t\t\t\t\t\t\tDauer: 1\/2h\r\n<p>\r\nzuz\u00fcgl. 30min Vorbereitung\r\n<p>\r\n\r\n\t\t\t\t\t\t\t\t\t\t\t\t\t\t\t\t\t\t\t\t\t\t\t\t\t\t\t\t\t\t\t\t\t\t\t\t                                <\/span>\n                            <\/span>\n                        <\/div>\n\n\t\t\t\t\t\t\t\t\t\t\t\t\t\t\n                        <div class=\"fw-price-row\">\n                            <span class=\"fw-itable\">\n                                <span class=\"fw-icell\">\n                                                                \t\t\t\t\t\t\t\t\t\t\t\t3 Fotos <p> (inkl. prof. Bildbearbeitung)\t\t\t\t\t\t\t\t\t\t\t\t\t\t\t\t\t                                <\/span>\n                            <\/span>\n                        <\/div>\n\n\t\t\t\t\t\t\t\t\t\t\t\t\t\t\n                        <div class=\"fw-price-row\">\n                            <span class=\"fw-itable\">\n                                <span class=\"fw-icell\">\n                                                                jedes weitere Foto ab 3.00\u20ac\t*\r\n<br>\r\nzzgl. Anfahrt\t\t\t\t\t\t\t\t\t\t\t\t\t\t\t\t\t\t\t\t\t\t\t\t\t\t\t\t\t\t\t                                <\/span>\n                            <\/span>\n                        <\/div>\n\n\t\t\t\t\t\t\t\t\t\t\t\t\t\t\t\t\t\t\t\t                            <div class=\"fw-price-foot\">\n\t\t\t\t\t\t\t\t\t\t\t\t\t\t\t\t\t<a href=\"https:\/\/photographiesandmore.de\/kontakt\/\"\n    target=\"_self\"\n    class=\"fw-btn  fw-btn-md  fw-btn-3\"><span>Kontakt<\/span><\/a>\n\t\t\t\t\t\t\t\t\t\t\t\t\t\t\t<\/div>\n\n\t\t\t\t\t\t\t\t\t\t\t\t<\/div>\n\t\t<\/div>\n\t        <div class=\"fw-price-col fw-price-package fw-price-active\">\n            <div class=\"fw-price-inner\">\n\t\t\t\t\t\t\t\t\t\n                                                    <div class=\"fw-price-head\">\n                                                                <h3 class=\"fw-price-title\">\t\t\t\t\t\t\t\t\t\t\t\t\t\t\t\t\t\t\t\t\t\t\t\t\t\t\t\r\nHOCHZEIT \/ FESTE\t\t\t\t\t\t\t\t\t\t\t\t\t\t\t\t\t\t\t\t\t\t\t\t\t\t\t\t\t\t\t\t<\/h3>\n                            <\/div>\n                        \n\t\t\t\t\t\t\t\t\t\t\t\t\t\t\n                        <div class=\"fw-price-row\">\n                            <span class=\"fw-itable\">\n                                <span class=\"fw-icell\">\n                                                                Ihr individuelles Fest                                <\/span>\n                            <\/span>\n                        <\/div>\n\n\t\t\t\t\t\t\t\t\t\t\t\t\t\t\n                                                                                                            <div class=\"fw-price-amount\">\n                                <strong class=\"fw-price-value\">Auf Anfrage<\/strong>\n                                                            <\/div>\n                        \n\t\t\t\t\t\t\t\t\t\t\t\t\t\t\n                        <div class=\"fw-price-row\">\n                            <span class=\"fw-itable\">\n                                <span class=\"fw-icell\">\n                                                                Wunsch-Dauer                                <\/span>\n                            <\/span>\n                        <\/div>\n\n\t\t\t\t\t\t\t\t\t\t\t\t\t\t\n                        <div class=\"fw-price-row\">\n                            <span class=\"fw-itable\">\n                                <span class=\"fw-icell\">\n                                                                Fotos nach Wahl <p> (inkl. prof. Bildbearbeitung)\t\t\t\t\t\t\t\t\t\t\t\t\t\t\t\t\t\t\t\t\t\t\t\t\t\t\t\t\t\t\t                                <\/span>\n                            <\/span>\n                        <\/div>\n\n\t\t\t\t\t\t\t\t\t\t\t\t\t\t\n                        <div class=\"fw-price-row\">\n                            <span class=\"fw-itable\">\n                                <span class=\"fw-icell\">\n                                                                \t\t\t\t\t\t\t\t\t\t\t\t\t\t\t\t\t\t\t\tJe Stunde  80\u20ac <br>\r\nzzgl. je Foto ab 3\u20ac *<br>\r\nzzgl. Anfahrt                                <\/span>\n                            <\/span>\n                        <\/div>\n\n\t\t\t\t\t\t\t\t\t\t\t\t\t\t\t\t\t\t\t\t                            <div class=\"fw-price-foot\">\n\t\t\t\t\t\t\t\t\t\t\t\t\t\t\t\t\t<a href=\"#\"\n    target=\"_self\"\n    class=\"fw-btn  fw-btn-md  fw-btn-1\"><span>Kontakt<\/span><\/a>\n\t\t\t\t\t\t\t\t\t\t\t\t\t\t\t<\/div>\n\n\t\t\t\t\t\t\t\t\t\t\t\t<\/div>\n\t\t<\/div>\n\t        <div class=\"fw-price-col fw-price-package fw-price-active\">\n            <div class=\"fw-price-inner\">\n\t\t\t\t\t\t\t\t\t\n                                                    <div class=\"fw-price-head\">\n                                                                <h3 class=\"fw-price-title\">\t\t\t\t\t\t\t\t\t\t\t\t\t\t\t\t\t\t\t\t\t\t\t\t\t\t\t\tREITSPORT \/ TURNIER\t\t\t\t\t\t\t\t\t\t\t\t\t\t\t\t\t\t\t\t\t\t\t\t\t\t\t\t\t\t\t\t<\/h3>\n                            <\/div>\n                        \n\t\t\t\t\t\t\t\t\t\t\t\t\t\t\n                        <div class=\"fw-price-row\">\n                            <span class=\"fw-itable\">\n                                <span class=\"fw-icell\">\n                                                                Individuelle <br>\r\nTurnierbegleitung                                <\/span>\n                            <\/span>\n                        <\/div>\n\n\t\t\t\t\t\t\t\t\t\t\t\t\t\t\n                                                                                                            <div class=\"fw-price-amount\">\n                                <strong class=\"fw-price-value\">Auf Anfrage<\/strong>\n                                                            <\/div>\n                        \n\t\t\t\t\t\t\t\t\t\t\t\t\t\t\n                        <div class=\"fw-price-row\">\n                            <span class=\"fw-itable\">\n                                <span class=\"fw-icell\">\n                                                                Wunsch-Dauer                                 <\/span>\n                            <\/span>\n                        <\/div>\n\n\t\t\t\t\t\t\t\t\t\t\t\t\t\t\n                        <div class=\"fw-price-row\">\n                            <span class=\"fw-itable\">\n                                <span class=\"fw-icell\">\n                                                                \t\t\t\t\t\t\t\t\t\t\t\t\t\tFotos nach Wahl <p> (inkl. prof. Bildbearbeitung)\t\t\t\t\t\t\t\t\t\t\t\t\t\t\t\t\t\t                                <\/span>\n                            <\/span>\n                        <\/div>\n\n\t\t\t\t\t\t\t\t\t\t\t\t\t\t\n                        <div class=\"fw-price-row\">\n                            <span class=\"fw-itable\">\n                                <span class=\"fw-icell\">\n                                                                \t\t\t\t\t\t\t\t\t\t\t\t\t\t\t\t\t\t\t\tJe Stunde  80\u20ac <br>\r\nzzgl. je Foto ab 3\u20ac  *<br>\r\nzzgl. Anfahrt                                <\/span>\n                            <\/span>\n                        <\/div>\n\n\t\t\t\t\t\t\t\t\t\t\t\t\t\t\t\t\t\t\t\t                            <div class=\"fw-price-foot\">\n\t\t\t\t\t\t\t\t\t\t\t\t\t\t\t\t\t<a href=\"#\"\n    target=\"_self\"\n    class=\"fw-btn  fw-btn-md  fw-btn-3\"><span>Kontakt<\/span><\/a>\n\t\t\t\t\t\t\t\t\t\t\t\t\t\t\t<\/div>\n\n\t\t\t\t\t\t\t\t\t\t\t\t<\/div>\n\t\t<\/div>\n\t        <div class=\"fw-price-col fw-price-package\">\n            <div class=\"fw-price-inner\">\n\t\t\t\t\t\t\t\t\t\n                                                    <div class=\"fw-price-head\">\n                                                                <h3 class=\"fw-price-title\">FOTO SHOOTING <\/h3>\n                            <\/div>\n                        \n\t\t\t\t\t\t\t\t\t\t\t\t\t\t\n                        <div class=\"fw-price-row\">\n                            <span class=\"fw-itable\">\n                                <span class=\"fw-icell\">\n                                                                G U T S C H E I N                                <\/span>\n                            <\/span>\n                        <\/div>\n\n\t\t\t\t\t\t\t\t\t\t\t\t\t\t\n                                                                                                            <div class=\"fw-price-amount\">\n                                <strong class=\"fw-price-value\"><span>\u20ac<\/span>80<\/strong>\n                                                            <\/div>\n                        \n\t\t\t\t\t\t\t\t\t\t\t\t\t\t\n                        <div class=\"fw-price-row\">\n                            <span class=\"fw-itable\">\n                                <span class=\"fw-icell\">\n                                                                Dauer 1h Stunden\r\n<p>\r\nzuz\u00fcgl. 30min Vorbereitung                                <\/span>\n                            <\/span>\n                        <\/div>\n\n\t\t\t\t\t\t\t\t\t\t\t\t\t\t\n                        <div class=\"fw-price-row\">\n                            <span class=\"fw-itable\">\n                                <span class=\"fw-icell\">\n                                                                5 Fotos  \r\n<p>\r\n(inkl. prof. Bildbearbeitung)                                 <\/span>\n                            <\/span>\n                        <\/div>\n\n\t\t\t\t\t\t\t\t\t\t\t\t\t\t\n                        <div class=\"fw-price-row\">\n                            <span class=\"fw-itable\">\n                                <span class=\"fw-icell\">\n                                                                Zzgl. jedes weitere Foto ab 3.00\u20ac * <br>\r\nzzgl. Anfahrt                                <\/span>\n                            <\/span>\n                        <\/div>\n\n\t\t\t\t\t\t\t\t\t\t\t\t\t\t\t\t\t\t\t\t                            <div class=\"fw-price-foot\">\n\t\t\t\t\t\t\t\t\t\t\t\t\t\t\t\t\t<a href=\"https:\/\/photographiesandmore.de\/produkt\/gutschein80\/\"\n    target=\"_self\"\n    class=\"fw-btn  fw-btn-md  fw-btn-3\"><span>Zum Shop<\/span><\/a>\n\t\t\t\t\t\t\t\t\t\t\t\t\t\t\t<\/div>\n\n\t\t\t\t\t\t\t\t\t\t\t\t<\/div>\n\t\t<\/div>\n\t<\/div>\t<\/div>\n<\/div><\/div>\n\n<div class=\"fw-row\">\n\t\n<div id=\"column-69ec2ffa43e0c\" class=\"fw-col-sm-12\" style=\" \">\n        <div class=\"fw-col-inner\" >\n\t\t\n<div class=\"fw-alert fw-alert-success\">\n\t<i class=\"fa fa-check-circle alert-icon\"><\/i><p>* Bitte beachten:<\/p><ul><li><strong>Bilder werden nie unbearbeitet herausgegeben<\/strong><\/li><li>Normalfall<ul><li>Prof. Bearbeitung mit Adobe Photoshop Lightroom<\/li><li>entspricht je 3,00\u20ac\/Bild f\u00fcr zus\u00e4tzliche Bilder<\/li><\/ul><\/li><li>Individuelle Bearbeitung<ul><li>Prof. Beauty-Bearbeitung und Bildretusche in Adobe Photoshop<\/li><li>Profi-Portrait-Retusche via prof. Portraitretuschetools, wie z.Bsp. \"Beauty Retouch CC\" oder andere<\/li><li>ab je 5,00\u20ac\/Bild (je nach Aufwand und Absprache)<\/li><\/ul><\/li><li>Photo Composing<ul><li>Anfertigen von Collagen<\/li><li>Anfertigen von Bild-Kompositionen (unterschiedliche Bildelemente werden zu einem neuen Bild vereint)<\/li><li>Werkzeug: Adobe Photoshop<\/li><li>ca. ab 10,00\u20ac\/Bild (je nach Aufwand und Absprache)<\/li><\/ul><\/li><\/ul><\/div>\t<\/div>\n<\/div><\/div>\n\n\t<\/div>\n<\/section><\/p>","protected":false},"excerpt":{"rendered":"<p>Preise F\u00fcr angenehme Erinnerungen muss man im Voraus sorgen.Paul H\u00f6rbiger View Pricing Table Manchmal gibt es aber auch unwiederbringbare Erinnerungen, wie ein unvergesslicher Babybauch oder besondere Anl\u00e4sse, die gen\u00fcgend Grund f\u00fcr das Festhalten in Fotos bieten.\u00a0 Oder einfach, um jemanden eine Freude mit einem FotoShooting zu bereiten.Nachfolgend einige Angebotsformate, die aber nicht zwingend sind.\u00a0Letztendlich kl\u00e4ren [&hellip;]<\/p>\n","protected":false},"author":1,"featured_media":0,"parent":0,"menu_order":0,"comment_status":"closed","ping_status":"closed","template":"visual-builder-template.php","meta":{"footnotes":""},"class_list":["post-200","page","type-page","status-publish","hentry"],"_links":{"self":[{"href":"https:\/\/photographiesandmore.de\/en\/wp-json\/wp\/v2\/pages\/200","targetHints":{"allow":["GET"]}}],"collection":[{"href":"https:\/\/photographiesandmore.de\/en\/wp-json\/wp\/v2\/pages"}],"about":[{"href":"https:\/\/photographiesandmore.de\/en\/wp-json\/wp\/v2\/types\/page"}],"author":[{"embeddable":true,"href":"https:\/\/photographiesandmore.de\/en\/wp-json\/wp\/v2\/users\/1"}],"replies":[{"embeddable":true,"href":"https:\/\/photographiesandmore.de\/en\/wp-json\/wp\/v2\/comments?post=200"}],"version-history":[{"count":78,"href":"https:\/\/photographiesandmore.de\/en\/wp-json\/wp\/v2\/pages\/200\/revisions"}],"predecessor-version":[{"id":6682,"href":"https:\/\/photographiesandmore.de\/en\/wp-json\/wp\/v2\/pages\/200\/revisions\/6682"}],"wp:attachment":[{"href":"https:\/\/photographiesandmore.de\/en\/wp-json\/wp\/v2\/media?parent=200"}],"curies":[{"name":"wp","href":"https:\/\/api.w.org\/{rel}","templated":true}]}}